{"id":1155,"date":"2016-06-23T09:52:10","date_gmt":"2016-06-23T09:52:10","guid":{"rendered":"https:\/\/2016.gdynia.wordcamp.org\/?page_id=1155"},"modified":"2016-08-28T12:41:31","modified_gmt":"2016-08-28T10:41:31","slug":"partnerzy","status":"publish","type":"page","link":"https:\/\/gdynia.wordcamp.org\/2016\/partnerzy\/","title":{"rendered":"Partnerzy"},"content":{"rendered":"<h3>Przedstawiamy oficjalnych partner\u00f3w WordCamp Gdynia 2016!<\/h3>\n<p>Partnerzy wspieraj\u0105 organizacj\u0119 WordCampa, ale nie tylko za to nale\u017cy im si\u0119 miejsce na naszej stronie. Wszystkim nam przy\u015bwieca ta sama idea &#8211; edukacja, promocja <strong>WordPressa<\/strong> i tworzenie spo\u0142eczno\u015bci pasjonat\u00f3w nowoczesnych technologii. Dzi\u0119kujemy, \u017ce jeste\u015bcie z nami!<\/p>\n<p class=\"partner-logo\"><a title=\"DailyWeb\" href=\"http:\/\/dailyweb.pl\/\" target=\"_blank\"><img loading=\"lazy\" decoding=\"async\" data-attachment-id=\"1673\" data-permalink=\"https:\/\/gdynia.wordcamp.org\/2016\/dailyweb1\/\" data-orig-file=\"https:\/\/gdynia.wordcamp.org\/2016\/files\/2016\/07\/DAILYWEB1.png\" data-orig-size=\"475,181\" data-comments-opened=\"1\" data-image-meta=\"{&quot;aperture&quot;:&quot;0&quot;,&quot;credit&quot;:&quot;&quot;,&quot;camera&quot;:&quot;&quot;,&quot;caption&quot;:&quot;&quot;,&quot;created_timestamp&quot;:&quot;0&quot;,&quot;copyright&quot;:&quot;&quot;,&quot;focal_length&quot;:&quot;0&quot;,&quot;iso&quot;:&quot;0&quot;,&quot;shutter_speed&quot;:&quot;0&quot;,&quot;title&quot;:&quot;&quot;,&quot;orientation&quot;:&quot;0&quot;}\" data-image-title=\"DAILYWEB1\" data-image-description=\"\" data-image-caption=\"\" data-large-file=\"https:\/\/gdynia.wordcamp.org\/2016\/files\/2016\/07\/DAILYWEB1.png\" class=\"aligncenter wp-image-1673 size-medium\" src=\"https:\/\/2016.gdynia.wordcamp.org\/files\/2016\/07\/DAILYWEB1-300x114.png\" width=\"300\" height=\"114\" srcset=\"https:\/\/gdynia.wordcamp.org\/2016\/files\/2016\/07\/DAILYWEB1-300x114.png 300w, https:\/\/gdynia.wordcamp.org\/2016\/files\/2016\/07\/DAILYWEB1.png 475w\" sizes=\"auto, (max-width: 300px) 100vw, 300px\" \/><\/a><\/p>\n<p class=\"partner-logo\"><a title=\"wpart\" href=\"https:\/\/www.wpart.pl\/\" target=\"_blank\"><img loading=\"lazy\" decoding=\"async\" data-attachment-id=\"463\" data-permalink=\"https:\/\/gdynia.wordcamp.org\/2016\/przedstawiamy-naszych-patronow-medialnych\/wpart\/\" data-orig-file=\"https:\/\/gdynia.wordcamp.org\/2016\/files\/2016\/03\/wpart.png\" data-orig-size=\"522,184\" data-comments-opened=\"1\" data-image-meta=\"{&quot;aperture&quot;:&quot;0&quot;,&quot;credit&quot;:&quot;&quot;,&quot;camera&quot;:&quot;&quot;,&quot;caption&quot;:&quot;&quot;,&quot;created_timestamp&quot;:&quot;0&quot;,&quot;copyright&quot;:&quot;&quot;,&quot;focal_length&quot;:&quot;0&quot;,&quot;iso&quot;:&quot;0&quot;,&quot;shutter_speed&quot;:&quot;0&quot;,&quot;title&quot;:&quot;&quot;,&quot;orientation&quot;:&quot;0&quot;}\" data-image-title=\"wpart\" data-image-description=\"\" data-image-caption=\"\" data-large-file=\"https:\/\/gdynia.wordcamp.org\/2016\/files\/2016\/03\/wpart.png\" class=\"aligncenter wp-image-463 size-medium\" src=\"https:\/\/2016.gdynia.wordcamp.org\/files\/2016\/03\/wpart-300x106.png\" alt=\"wpart\" width=\"300\" height=\"106\" srcset=\"https:\/\/gdynia.wordcamp.org\/2016\/files\/2016\/03\/wpart-300x106.png 300w, https:\/\/gdynia.wordcamp.org\/2016\/files\/2016\/03\/wpart-500x176.png 500w, https:\/\/gdynia.wordcamp.org\/2016\/files\/2016\/03\/wpart.png 522w\" sizes=\"auto, (max-width: 300px) 100vw, 300px\" \/><\/a><\/p>\n<p class=\"partner-logo\"><a title=\"WPzen\" href=\"https:\/\/wpzen.pl\/\" target=\"_blank\"><img loading=\"lazy\" decoding=\"async\" data-attachment-id=\"480\" data-permalink=\"https:\/\/gdynia.wordcamp.org\/2016\/partnerzy\/wpzen-logo-big-transparent\/\" data-orig-file=\"https:\/\/gdynia.wordcamp.org\/2016\/files\/2016\/03\/wpzen-logo-big-transparent.png\" data-orig-size=\"2000,2000\" data-comments-opened=\"1\" data-image-meta=\"{&quot;aperture&quot;:&quot;0&quot;,&quot;credit&quot;:&quot;&quot;,&quot;camera&quot;:&quot;&quot;,&quot;caption&quot;:&quot;&quot;,&quot;created_timestamp&quot;:&quot;0&quot;,&quot;copyright&quot;:&quot;&quot;,&quot;focal_length&quot;:&quot;0&quot;,&quot;iso&quot;:&quot;0&quot;,&quot;shutter_speed&quot;:&quot;0&quot;,&quot;title&quot;:&quot;&quot;,&quot;orientation&quot;:&quot;0&quot;}\" data-image-title=\"wpzen-logo-big-transparent\" data-image-description=\"\" data-image-caption=\"\" data-large-file=\"https:\/\/gdynia.wordcamp.org\/2016\/files\/2016\/03\/wpzen-logo-big-transparent-1024x1024.png\" class=\"aligncenter wp-image-480 size-medium\" src=\"https:\/\/2016.gdynia.wordcamp.org\/files\/2016\/03\/wpzen-logo-big-transparent-300x300.png\" alt=\"wpzen\" width=\"300\" height=\"300\" srcset=\"https:\/\/gdynia.wordcamp.org\/2016\/files\/2016\/03\/wpzen-logo-big-transparent-300x300.png 300w, https:\/\/gdynia.wordcamp.org\/2016\/files\/2016\/03\/wpzen-logo-big-transparent-150x150.png 150w, https:\/\/gdynia.wordcamp.org\/2016\/files\/2016\/03\/wpzen-logo-big-transparent-768x768.png 768w, https:\/\/gdynia.wordcamp.org\/2016\/files\/2016\/03\/wpzen-logo-big-transparent-1024x1024.png 1024w, https:\/\/gdynia.wordcamp.org\/2016\/files\/2016\/03\/wpzen-logo-big-transparent.png 2000w\" sizes=\"auto, (max-width: 300px) 100vw, 300px\" \/><\/a><\/p>\n<p class=\"partner-logo\"><a title=\"Spotkania IT\" href=\"http:\/\/spotkania-it.pl\/\" target=\"_blank\"><img loading=\"lazy\" decoding=\"async\" data-attachment-id=\"719\" data-permalink=\"https:\/\/gdynia.wordcamp.org\/2016\/przedstawiamy-naszych-patronow-medialnych\/spotkaniait_logorgb_color_trans-2\/\" data-orig-file=\"https:\/\/gdynia.wordcamp.org\/2016\/files\/2016\/04\/spotkaniaIT_logoRGB_color_trans-1.png\" data-orig-size=\"528,153\" data-comments-opened=\"1\" data-image-meta=\"{&quot;aperture&quot;:&quot;0&quot;,&quot;credit&quot;:&quot;&quot;,&quot;camera&quot;:&quot;&quot;,&quot;caption&quot;:&quot;&quot;,&quot;created_timestamp&quot;:&quot;0&quot;,&quot;copyright&quot;:&quot;&quot;,&quot;focal_length&quot;:&quot;0&quot;,&quot;iso&quot;:&quot;0&quot;,&quot;shutter_speed&quot;:&quot;0&quot;,&quot;title&quot;:&quot;&quot;,&quot;orientation&quot;:&quot;0&quot;}\" data-image-title=\"spotkaniaIT_logoRGB_color_trans\" data-image-description=\"\" data-image-caption=\"\" data-large-file=\"https:\/\/gdynia.wordcamp.org\/2016\/files\/2016\/04\/spotkaniaIT_logoRGB_color_trans-1.png\" class=\"aligncenter wp-image-719 size-medium\" src=\"https:\/\/2016.gdynia.wordcamp.org\/files\/2016\/04\/spotkaniaIT_logoRGB_color_trans-1-300x87.png\" alt=\"Spotkania IT\" width=\"300\" height=\"87\" srcset=\"https:\/\/gdynia.wordcamp.org\/2016\/files\/2016\/04\/spotkaniaIT_logoRGB_color_trans-1-300x87.png 300w, https:\/\/gdynia.wordcamp.org\/2016\/files\/2016\/04\/spotkaniaIT_logoRGB_color_trans-1-500x145.png 500w, https:\/\/gdynia.wordcamp.org\/2016\/files\/2016\/04\/spotkaniaIT_logoRGB_color_trans-1.png 528w\" sizes=\"auto, (max-width: 300px) 100vw, 300px\" \/><\/a><\/p>\n<p class=\"partner-logo\"><a title=\"SEOWordPress\" href=\"http:\/\/www.seowordpress.pl\/\" target=\"_blank\"><img loading=\"lazy\" decoding=\"async\" data-attachment-id=\"751\" data-permalink=\"https:\/\/gdynia.wordcamp.org\/2016\/partnerzy\/logo-seowordpress\/\" data-orig-file=\"https:\/\/gdynia.wordcamp.org\/2016\/files\/2016\/04\/logo-seowordpress.png\" data-orig-size=\"300,100\" data-comments-opened=\"1\" data-image-meta=\"{&quot;aperture&quot;:&quot;0&quot;,&quot;credit&quot;:&quot;&quot;,&quot;camera&quot;:&quot;&quot;,&quot;caption&quot;:&quot;&quot;,&quot;created_timestamp&quot;:&quot;0&quot;,&quot;copyright&quot;:&quot;&quot;,&quot;focal_length&quot;:&quot;0&quot;,&quot;iso&quot;:&quot;0&quot;,&quot;shutter_speed&quot;:&quot;0&quot;,&quot;title&quot;:&quot;&quot;,&quot;orientation&quot;:&quot;0&quot;}\" data-image-title=\"logo-seowordpress\" data-image-description=\"\" data-image-caption=\"\" data-large-file=\"https:\/\/gdynia.wordcamp.org\/2016\/files\/2016\/04\/logo-seowordpress.png\" class=\"aligncenter wp-image-751 size-medium\" src=\"https:\/\/2016.gdynia.wordcamp.org\/files\/2016\/04\/logo-seowordpress-300x100.png\" alt=\"SEOWordPress\" width=\"300\" height=\"100\" \/><\/a><\/p>\n<p class=\"partner-logo\"><a title=\"JetBrains\" href=\"https:\/\/www.jetbrains.com\/company\/\" target=\"_blank\"><img loading=\"lazy\" decoding=\"async\" data-attachment-id=\"1150\" data-permalink=\"https:\/\/gdynia.wordcamp.org\/2016\/partnerzy\/logo_jetbrains_3\/\" data-orig-file=\"https:\/\/gdynia.wordcamp.org\/2016\/files\/2016\/06\/logo_JetBrains_3.png\" data-orig-size=\"250,250\" data-comments-opened=\"1\" data-image-meta=\"{&quot;aperture&quot;:&quot;0&quot;,&quot;credit&quot;:&quot;&quot;,&quot;camera&quot;:&quot;&quot;,&quot;caption&quot;:&quot;&quot;,&quot;created_timestamp&quot;:&quot;0&quot;,&quot;copyright&quot;:&quot;&quot;,&quot;focal_length&quot;:&quot;0&quot;,&quot;iso&quot;:&quot;0&quot;,&quot;shutter_speed&quot;:&quot;0&quot;,&quot;title&quot;:&quot;&quot;,&quot;orientation&quot;:&quot;0&quot;}\" data-image-title=\"logo_JetBrains_3\" data-image-description=\"\" data-image-caption=\"\" data-large-file=\"https:\/\/gdynia.wordcamp.org\/2016\/files\/2016\/06\/logo_JetBrains_3.png\" class=\"aligncenter wp-image-1150 size-full\" src=\"https:\/\/2016.gdynia.wordcamp.org\/files\/2016\/06\/logo_JetBrains_3.png\" alt=\"Jet Brains\" width=\"250\" height=\"250\" srcset=\"https:\/\/gdynia.wordcamp.org\/2016\/files\/2016\/06\/logo_JetBrains_3.png 250w, https:\/\/gdynia.wordcamp.org\/2016\/files\/2016\/06\/logo_JetBrains_3-150x150.png 150w\" sizes=\"auto, (max-width: 250px) 100vw, 250px\" \/><\/a><\/p>\n<p class=\"partner-logo\"><a title=\"Brand24\" href=\"https:\/\/2016.gdynia.wordcamp.org\/sponsor\/brand24\/\"><img loading=\"lazy\" decoding=\"async\" data-attachment-id=\"1170\" data-permalink=\"https:\/\/gdynia.wordcamp.org\/2016\/partnerzy\/brand24-logo-wordcamp-800x300\/\" data-orig-file=\"https:\/\/gdynia.wordcamp.org\/2016\/files\/2016\/06\/Brand24-logo-WordCamp-800x300.png\" data-orig-size=\"800,300\" data-comments-opened=\"1\" data-image-meta=\"{&quot;aperture&quot;:&quot;0&quot;,&quot;credit&quot;:&quot;&quot;,&quot;camera&quot;:&quot;&quot;,&quot;caption&quot;:&quot;&quot;,&quot;created_timestamp&quot;:&quot;0&quot;,&quot;copyright&quot;:&quot;&quot;,&quot;focal_length&quot;:&quot;0&quot;,&quot;iso&quot;:&quot;0&quot;,&quot;shutter_speed&quot;:&quot;0&quot;,&quot;title&quot;:&quot;&quot;,&quot;orientation&quot;:&quot;0&quot;}\" data-image-title=\"Brand24 logo WordCamp 800&amp;#215;300\" data-image-description=\"\" data-image-caption=\"\" data-large-file=\"https:\/\/gdynia.wordcamp.org\/2016\/files\/2016\/06\/Brand24-logo-WordCamp-800x300.png\" class=\"aligncenter wp-image-1170 size-medium\" src=\"https:\/\/2016.gdynia.wordcamp.org\/files\/2016\/06\/Brand24-logo-WordCamp-800x300-300x113.png\" alt=\"Brand24\" width=\"300\" height=\"113\" srcset=\"https:\/\/gdynia.wordcamp.org\/2016\/files\/2016\/06\/Brand24-logo-WordCamp-800x300-300x113.png 300w, https:\/\/gdynia.wordcamp.org\/2016\/files\/2016\/06\/Brand24-logo-WordCamp-800x300-500x188.png 500w, https:\/\/gdynia.wordcamp.org\/2016\/files\/2016\/06\/Brand24-logo-WordCamp-800x300.png 800w\" sizes=\"auto, (max-width: 300px) 100vw, 300px\" \/><\/a><\/p>\n<p class=\"partner-logo\"><a title=\"Infoshare Academy\" href=\"https:\/\/2016.gdynia.wordcamp.org\/sponsor\/infoshare-academy\/\"><img loading=\"lazy\" decoding=\"async\" data-attachment-id=\"2123\" data-permalink=\"https:\/\/gdynia.wordcamp.org\/2016\/sponsor\/infoshare-academy\/infoshare-academy\/\" data-orig-file=\"https:\/\/gdynia.wordcamp.org\/2016\/files\/2016\/08\/infoshare-academy.png\" data-orig-size=\"2953,1477\" data-comments-opened=\"1\" data-image-meta=\"{&quot;aperture&quot;:&quot;0&quot;,&quot;credit&quot;:&quot;&quot;,&quot;camera&quot;:&quot;&quot;,&quot;caption&quot;:&quot;&quot;,&quot;created_timestamp&quot;:&quot;0&quot;,&quot;copyright&quot;:&quot;&quot;,&quot;focal_length&quot;:&quot;0&quot;,&quot;iso&quot;:&quot;0&quot;,&quot;shutter_speed&quot;:&quot;0&quot;,&quot;title&quot;:&quot;&quot;,&quot;orientation&quot;:&quot;0&quot;}\" data-image-title=\"infoshare academy\" data-image-description=\"\" data-image-caption=\"\" data-large-file=\"https:\/\/gdynia.wordcamp.org\/2016\/files\/2016\/08\/infoshare-academy-1024x512.png\" class=\"aligncenter size-large wp-image-2123\" src=\"https:\/\/2016.gdynia.wordcamp.org\/files\/2016\/08\/infoshare-academy-1024x512.png\" alt=\"infoshare academy\" width=\"474\" height=\"237\" srcset=\"https:\/\/gdynia.wordcamp.org\/2016\/files\/2016\/08\/infoshare-academy-1024x512.png 1024w, https:\/\/gdynia.wordcamp.org\/2016\/files\/2016\/08\/infoshare-academy-300x150.png 300w, https:\/\/gdynia.wordcamp.org\/2016\/files\/2016\/08\/infoshare-academy-500x250.png 500w\" sizes=\"auto, (max-width: 474px) 100vw, 474px\" \/><\/a><\/p>\n","protected":false},"excerpt":{"rendered":"<p>Przedstawiamy oficjalnych partner\u00f3w WordCamp Gdynia 2016! Partnerzy wspieraj\u0105 organizacj\u0119 WordCampa, ale nie tylko za to nale\u017cy im si\u0119 miejsce na naszej stronie. Wszystkim nam przy\u015bwieca ta sama idea &#8211; edukacja, promocja WordPressa i tworzenie spo\u0142eczno\u015bci pasjonat\u00f3w nowoczesnych technologii. Dzi\u0119kujemy, \u017ce jeste\u015bcie z nami!<\/p>\n","protected":false},"author":14183078,"featured_media":0,"parent":0,"menu_order":0,"comment_status":"closed","ping_status":"closed","template":"","meta":{"_crdt_document":"","jetpack_post_was_ever_published":false,"footnotes":""},"class_list":["post-1155","page","type-page","status-publish","hentry"],"jetpack_sharing_enabled":true,"jetpack_shortlink":"https:\/\/wp.me\/P763Fe-iD","_links":{"self":[{"href":"https:\/\/gdynia.wordcamp.org\/2016\/wp-json\/wp\/v2\/pages\/1155","targetHints":{"allow":["GET"]}}],"collection":[{"href":"https:\/\/gdynia.wordcamp.org\/2016\/wp-json\/wp\/v2\/pages"}],"about":[{"href":"https:\/\/gdynia.wordcamp.org\/2016\/wp-json\/wp\/v2\/types\/page"}],"author":[{"embeddable":true,"href":"https:\/\/gdynia.wordcamp.org\/2016\/wp-json\/wp\/v2\/users\/14183078"}],"replies":[{"embeddable":true,"href":"https:\/\/gdynia.wordcamp.org\/2016\/wp-json\/wp\/v2\/comments?post=1155"}],"version-history":[{"count":8,"href":"https:\/\/gdynia.wordcamp.org\/2016\/wp-json\/wp\/v2\/pages\/1155\/revisions"}],"predecessor-version":[{"id":2125,"href":"https:\/\/gdynia.wordcamp.org\/2016\/wp-json\/wp\/v2\/pages\/1155\/revisions\/2125"}],"wp:attachment":[{"href":"https:\/\/gdynia.wordcamp.org\/2016\/wp-json\/wp\/v2\/media?parent=1155"}],"curies":[{"name":"wp","href":"https:\/\/api.w.org\/{rel}","templated":true}]}}