{"id":12,"date":"2016-01-26T23:59:43","date_gmt":"2016-01-26T23:59:43","guid":{"rendered":"https:\/\/2016.gdynia.wordcamp.org\/organizers\/"},"modified":"2016-06-07T08:03:35","modified_gmt":"2016-06-07T08:03:35","slug":"organizatorzy","status":"publish","type":"page","link":"https:\/\/gdynia.wordcamp.org\/2016\/organizatorzy\/","title":{"rendered":"Organizatorzy"},"content":{"rendered":"\t<div class=\"wcorg-organizers\">\n\n\t\t\n\t\t\t<div class=\"wcorg-organizer\">\n\t\t\t\t<h2>Katarzyna Gajewska<\/h2>\n\t\t\t\t<div class=\"wcorg-organizer-description\">\n\t\t\t\t\t\t\t\t\t\t<img alt='' src='https:\/\/secure.gravatar.com\/avatar\/dfd93f238ac240412a073bcfa382754e1511fc4f09aa623817d2a6a74dc71d7f?s=100&#038;d=mm&#038;r=g' srcset='https:\/\/secure.gravatar.com\/avatar\/dfd93f238ac240412a073bcfa382754e1511fc4f09aa623817d2a6a74dc71d7f?s=200&#038;d=mm&#038;r=g 2x' class='avatar avatar-100 photo' height='100' width='100' \/>\t\t\t\t\t<p>W \u017cyciu zawodowym zajmuje si\u0119 wspieraniem startup\u00f3w i pocz\u0105tkuj\u0105cych przedsi\u0119biorc\u00f3w. Jest autork\u0105 bloga <a href=\"http:\/\/gajapisze.pl\/\" target=\"_blank\">gajapisze.pl<\/a>. Mi\u0142o\u015bniczka WordPressa, kocha literatur\u0119 i teatr. Fanka Gwiezdnych Wojen.<\/p>\n\t\t\t\t<\/div>\n\t\t\t<\/div>\n\n\t\t\n\t\t\t<div class=\"wcorg-organizer\">\n\t\t\t\t<h2>Mariusz Szatkowski<\/h2>\n\t\t\t\t<div class=\"wcorg-organizer-description\">\n\t\t\t\t\t\t\t\t\t\t<img alt='' src='https:\/\/secure.gravatar.com\/avatar\/f36d29de5c13afd86496da617f5452e4cd45a7b17e23377b02819689c642393b?s=100&#038;d=mm&#038;r=g' srcset='https:\/\/secure.gravatar.com\/avatar\/f36d29de5c13afd86496da617f5452e4cd45a7b17e23377b02819689c642393b?s=200&#038;d=mm&#038;r=g 2x' class='avatar avatar-100 photo' height='100' width='100' \/>\t\t\t\t\t<p>Do\u015bwiadczony WordPress Developer, tworzy wieloj\u0119zykowe, responsywne witryny, sklepy internetowe oraz aplikacje mobilne, modyfikuj\u0105c frontend jak i backend serwis\u00f3w pod indywidualne potrzeby klienta. Projektuje grafik\u0119, mikroanimacje i architektur\u0119 informacji w witrynach, optymalizuje kod witryny pod SEO. \u0141ata dziury w oprogramowaniu, zabezpiecza i naprawia serwisy www po w\u0142amaniach. Od 1996r. tworzy strony www i kampanie online, a od 2007 roku w ramach trojmiasto.us migruje i kastomizuje strony klient\u00f3w do WordPressa, szkoli, doradza i optymalizuje nak\u0142ady inwestycyjne na nowoczesne rozwi\u0105zania komunikacyjne w marketingu internetowym. Wi\u0119cej: <a href=\"https:\/\/www.wppoland.com\/\">wppoland<\/a><\/p>\n\t\t\t\t<\/div>\n\t\t\t<\/div>\n\n\t\t\n\t\t\t<div class=\"wcorg-organizer\">\n\t\t\t\t<h2>Maciej Swoboda<\/h2>\n\t\t\t\t<div class=\"wcorg-organizer-description\">\n\t\t\t\t\t\t\t\t\t\t<img alt='' src='https:\/\/secure.gravatar.com\/avatar\/b302c52241eb77753cf8ef24e28a425a04c21c979a695c5127f8809bca995c3b?s=100&#038;d=mm&#038;r=g' srcset='https:\/\/secure.gravatar.com\/avatar\/b302c52241eb77753cf8ef24e28a425a04c21c979a695c5127f8809bca995c3b?s=200&#038;d=mm&#038;r=g 2x' class='avatar avatar-100 photo' height='100' width='100' \/>\t\t\t\t\t<p>Zakochany w WordPressie od 2006 roku. Uwielbia prostot\u0119 i funkcjonalno\u015b\u0107, nie tylko w Internecie. Na co dzie\u0144 zawodowo rozwija <a href=\"http:\/\/www.wpdesk.pl\/\" target=\"_blank\" rel=\"nofollow\">WP Deska<\/a>, a prywatnie je\u017adzi du\u017co na rowerze, podr\u00f3\u017cuje z \u017con\u0105 i piecze domowy chleb na zakwasie.<\/p>\n\t\t\t\t<\/div>\n\t\t\t<\/div>\n\n\t\t\n\t\t\t<div class=\"wcorg-organizer\">\n\t\t\t\t<h2>Marcin Wolak<\/h2>\n\t\t\t\t<div class=\"wcorg-organizer-description\">\n\t\t\t\t\t\t\t\t\t\t<img alt='' src='https:\/\/secure.gravatar.com\/avatar\/c988256517f676ccc916d59041faef5d47c51b3a1fc71f20f3326e2aa301d771?s=100&#038;d=mm&#038;r=g' srcset='https:\/\/secure.gravatar.com\/avatar\/c988256517f676ccc916d59041faef5d47c51b3a1fc71f20f3326e2aa301d771?s=200&#038;d=mm&#038;r=g 2x' class='avatar avatar-100 photo' height='100' width='100' \/>\t\t\t\t\t<p>Programista, bloger, szyderca, obserwator, g\u0142\u00f3wny organizator WordCamp Polska 2015 w Krakowie. Na co dzie\u0144 zajmuje si\u0119 zawodowo WordPressem dla du\u017cych biznes\u00f3w oraz <a href=\"http:\/\/speedup.pro\" target=\"_blank\">przyspieszaniem stron internetowych<\/a>.<\/p>\n\t\t\t\t<\/div>\n\t\t\t<\/div>\n\n\t\t\n\t\t\t<div class=\"wcorg-organizer\">\n\t\t\t\t<h2>Beata Kazimieruk<\/h2>\n\t\t\t\t<div class=\"wcorg-organizer-description\">\n\t\t\t\t\t\t\t\t\t\t<img alt='' src='https:\/\/secure.gravatar.com\/avatar\/306c979d4f5c533a751c90caff89ea2df075fc23d2d53a6c9930bcb7f1683cc5?s=100&#038;d=mm&#038;r=g' srcset='https:\/\/secure.gravatar.com\/avatar\/306c979d4f5c533a751c90caff89ea2df075fc23d2d53a6c9930bcb7f1683cc5?s=200&#038;d=mm&#038;r=g 2x' class='avatar avatar-100 photo' height='100' width='100' \/>\t\t\t\t\t<p>Pasjonatka teatru, jazdy na rowerze, scrabbli i literatury.<br \/>\nCodziennie styka si\u0119 z WordPressem w swojej pracy copywritera.<\/p>\n\t\t\t\t<\/div>\n\t\t\t<\/div>\n\n\t\t\n\t\t\t<div class=\"wcorg-organizer\">\n\t\t\t\t<h2>Szymon Skulimowski<\/h2>\n\t\t\t\t<div class=\"wcorg-organizer-description\">\n\t\t\t\t\t\t\t\t\t\t<img alt='' src='https:\/\/secure.gravatar.com\/avatar\/8c2b2b9545ced6074234d5352f496c8f047191b22633b1ea8cc2819bd48a15fe?s=100&#038;d=mm&#038;r=g' srcset='https:\/\/secure.gravatar.com\/avatar\/8c2b2b9545ced6074234d5352f496c8f047191b22633b1ea8cc2819bd48a15fe?s=200&#038;d=mm&#038;r=g 2x' class='avatar avatar-100 photo' height='100' width='100' \/>\t\t\t\t\t<p>Wolny strzelec od WordPressa. Udziela si\u0119 jako wolontariusz i pomaga rozwija\u0107 WordPressa oraz skupion\u0105 wok\u00f3\u0142 niego spo\u0142eczno\u015b\u0107. Organizator lokalnych spotka\u0144 <a href=\"http:\/\/wordup.lublin.pl\">WordUp Lublin<\/a>, autor bloga WPNinja. W wolnym czasie pomaga \u017conie rozwija\u0107 <a href=\"https:\/\/domowejroboty.pl\/\">DomowejRoboty<\/a> &#8211; stron\u0119 o zdrowym stylu \u017cycia.<\/p>\n\t\t\t\t<\/div>\n\t\t\t<\/div>\n\n\t\t\n\t\t\t<div class=\"wcorg-organizer\">\n\t\t\t\t<h2>Damian Kaplewski<\/h2>\n\t\t\t\t<div class=\"wcorg-organizer-description\">\n\t\t\t\t\t\t\t\t\t\t<img alt='' src='https:\/\/secure.gravatar.com\/avatar\/c78a1f25ca396e0b1b538141a38eed5e6395216a9755268baa1872327ae8d65b?s=100&#038;d=mm&#038;r=g' srcset='https:\/\/secure.gravatar.com\/avatar\/c78a1f25ca396e0b1b538141a38eed5e6395216a9755268baa1872327ae8d65b?s=200&#038;d=mm&#038;r=g 2x' class='avatar avatar-100 photo' height='100' width='100' \/>\t\t\t\t\t<p>Front-end developer, pasjonat internetowych technologii, prowadzi jeden z nielicznych polskich fanpage&#8217;y dotycz\u0105cych web developmentu &#8211; <a href=\"https:\/\/www.facebook.com\/frontempl\/?fref=ts\" target=\"_blank\">FRONTEM<\/a>. Uwielbia je\u017adzi\u0107 na rowerze.<\/p>\n\t\t\t\t<\/div>\n\t\t\t<\/div>\n\n\t\t\n\t\t\t<div class=\"wcorg-organizer\">\n\t\t\t\t<h2>Dominik Kawula<\/h2>\n\t\t\t\t<div class=\"wcorg-organizer-description\">\n\t\t\t\t\t\t\t\t\t\t<img alt='' src='https:\/\/secure.gravatar.com\/avatar\/3ff10af237d10588970a88e1b95cd0a9bf0a5af6eaf45373b2a8d58030bcde57?s=100&#038;d=mm&#038;r=g' srcset='https:\/\/secure.gravatar.com\/avatar\/3ff10af237d10588970a88e1b95cd0a9bf0a5af6eaf45373b2a8d58030bcde57?s=200&#038;d=mm&#038;r=g 2x' class='avatar avatar-100 photo' height='100' width='100' \/>\t\t\t\t\t<p>Marketingowiec, WordPressowiec, UXowiec, <a href=\"https:\/\/www.takiblog.pl\/\">Bloger<\/a>. Specjalizuje si\u0119 w tworzeniu marketingu i PRu dla nowych technologii. Fan dobrego designu. Uzale\u017cniony od\u00a0social media.\u00a0W wolnych chwilach je\u017adzi na rowerze i oddaje si\u0119 pasji do <a href=\"https:\/\/www.instagram.com\/domkawula\/\">fotografii mobilnej<\/a>, wsp\u00f3\u0142tworz\u0105c spo\u0142eczno\u015b\u0107 @igerskrakow.<\/p>\n\t\t\t\t<\/div>\n\t\t\t<\/div>\n\n\t\t\n\t\t\t<div class=\"wcorg-organizer\">\n\t\t\t\t<h2>Mariusz Kiesi\u0144ski<\/h2>\n\t\t\t\t<div class=\"wcorg-organizer-description\">\n\t\t\t\t\t\t\t\t\t\t<img alt='' src='https:\/\/secure.gravatar.com\/avatar\/1b7602fe4f6cd02dc3e4a953350f1c4dd38d243f1a3eadcc19c0c61c031212f0?s=100&#038;d=mm&#038;r=g' srcset='https:\/\/secure.gravatar.com\/avatar\/1b7602fe4f6cd02dc3e4a953350f1c4dd38d243f1a3eadcc19c0c61c031212f0?s=200&#038;d=mm&#038;r=g 2x' class='avatar avatar-100 photo' height='100' width='100' \/>\t\t\t\t\t<p>Front-end developer w <a href=\"https:\/\/see-me.pl\" target=\"_blank\">see-me<\/a> i wolontariusz na WordCamp Gdynia. Interesuje si\u0119 bezpiecze\u0144stwem w sieci, WordPressem i nowinkami technologicznymi.<br \/>\nPo godzinach geek i mi\u0142o\u015bnik fantastyki.<\/p>\n\t\t\t\t<\/div>\n\t\t\t<\/div>\n\n\t\t\n\t\t\t<div class=\"wcorg-organizer\">\n\t\t\t\t<h2>Izabela Truszkowska<\/h2>\n\t\t\t\t<div class=\"wcorg-organizer-description\">\n\t\t\t\t\t\t\t\t\t\t<img alt='' src='https:\/\/secure.gravatar.com\/avatar\/e669ca2e89bff4e7413b343eed5cde15843af763ca6b7f48a2482969fa87f6ff?s=100&#038;d=mm&#038;r=g' srcset='https:\/\/secure.gravatar.com\/avatar\/e669ca2e89bff4e7413b343eed5cde15843af763ca6b7f48a2482969fa87f6ff?s=200&#038;d=mm&#038;r=g 2x' class='avatar avatar-100 photo' height='100' width='100' \/>\t\t\t\t\t<p>Testerka, zainteresowana UX designem i grafik\u0105. Nie boi si\u0119 nowych wyzwa\u0144, a chc\u0105c pog\u0142\u0119bi\u0107 wiedz\u0119 o WordPressie zaanga\u017cowa\u0142a si\u0119 w organizacj\u0119 WordCampa :). Uwielbia rowerowe eskapady i spontaniczne podr\u00f3\u017ce bez ustalonego planu.<\/p>\n\t\t\t\t<\/div>\n\t\t\t<\/div>\n\n\t\t\n\t<\/div><!-- .wcorg-organizers -->\n\t\n","protected":false},"excerpt":{"rendered":"","protected":false},"author":13803854,"featured_media":0,"parent":0,"menu_order":0,"comment_status":"closed","ping_status":"closed","template":"","meta":{"_crdt_document":"","jetpack_post_was_ever_published":false,"footnotes":""},"class_list":["post-12","page","type-page","status-publish","hentry"],"jetpack_sharing_enabled":true,"jetpack_shortlink":"https:\/\/wp.me\/P763Fe-c","_links":{"self":[{"href":"https:\/\/gdynia.wordcamp.org\/2016\/wp-json\/wp\/v2\/pages\/12","targetHints":{"allow":["GET"]}}],"collection":[{"href":"https:\/\/gdynia.wordcamp.org\/2016\/wp-json\/wp\/v2\/pages"}],"about":[{"href":"https:\/\/gdynia.wordcamp.org\/2016\/wp-json\/wp\/v2\/types\/page"}],"author":[{"embeddable":true,"href":"https:\/\/gdynia.wordcamp.org\/2016\/wp-json\/wp\/v2\/users\/13803854"}],"replies":[{"embeddable":true,"href":"https:\/\/gdynia.wordcamp.org\/2016\/wp-json\/wp\/v2\/comments?post=12"}],"version-history":[{"count":4,"href":"https:\/\/gdynia.wordcamp.org\/2016\/wp-json\/wp\/v2\/pages\/12\/revisions"}],"predecessor-version":[{"id":1000,"href":"https:\/\/gdynia.wordcamp.org\/2016\/wp-json\/wp\/v2\/pages\/12\/revisions\/1000"}],"wp:attachment":[{"href":"https:\/\/gdynia.wordcamp.org\/2016\/wp-json\/wp\/v2\/media?parent=12"}],"curies":[{"name":"wp","href":"https:\/\/api.w.org\/{rel}","templated":true}]}}