{"id":13,"date":"2016-03-03T11:51:08","date_gmt":"2016-03-03T11:51:08","guid":{"rendered":"https:\/\/2016.gdynia.wordcamp.org\/?page_id=13"},"modified":"2016-09-17T09:19:24","modified_gmt":"2016-09-17T07:19:24","slug":"bilety","status":"publish","type":"page","link":"https:\/\/gdynia.wordcamp.org\/2016\/bilety\/","title":{"rendered":"Bilety"},"content":{"rendered":"<p>Na tej stronie znajdziesz wszelkie informacje na temat bilet\u00f3w na konferencj\u0119 <strong>WordCamp Polska 2016<\/strong>, kt\u00f3ra odb\u0119dzie si\u0119 10-11 wrze\u015bnia w Gdyni. P\u0142atno\u015b\u0107 za bilety odbywa si\u0119 poprzez konto PayPal Fundacji WordPress. Wp\u0142ywy z bilet\u00f3w przeznaczone s\u0105 w ca\u0142o\u015bci na koszty organizacji konferencji, takie jak wynajem sali, sprz\u0119tu czy catering. Wszystkie osoby zaanga\u017cowane w organizacj\u0119 WordCamp Gdynia pe\u0142ni\u0105 swoje funkcje na zasadach wolontariatu. Je\u017celi chcesz otrzyma\u0107 faktur\u0119 za bilet &#8211; prosimy o przes\u0142anie danych: nazwa firmy, adres i NIP na adres gdynia@wordcamp.org.<\/p>\n<p>Informujemy, \u017ce nie ma potrzeby przynoszenia ze sob\u0105 na konferencj\u0119 wydrukowanych bilet\u00f3w czy potwierdze\u0144. Wszystkie osoby, kt\u00f3re kupi\u0142y bilet na WordCampa prosimy o zg\u0142oszenie si\u0119 do recepcji, w celu rejestracji oraz odbioru materia\u0142\u00f3w konferencyjnych i identyfikatora.<\/p>\n<p>INFORMUJEMY, \u017bE ZWROTY BILET\u00d3W B\u0118D\u0104 PRZYJMOWANE TYLKO DO 23 SIERPNIA.<\/p>\n<a href=\"https:\/\/gdynia.wordcamp.org\/2016\/bilety\/\">Aby kupi\u0107 lub zarz\u0105dza\u0107 biletami, otw\u00f3rz t\u0119 stron\u0119 w przegl\u0105darce.<\/a>\n<h3>Bilet Standard:<\/h3>\n<ul>\n<li>wst\u0119p na teren konferencji WordCamp Polska 2016 dla jednej osoby<\/li>\n<li>wej\u015bcie na MiddleParty z kuponami na orze\u017awiaj\u0105ce napoje<\/li>\n<li>koszulka, smycz i broszura konferencyjna<\/li>\n<li>lunch, przek\u0105ski i napoje w czasie trwania konferencji<\/li>\n<\/ul>\n<p>&nbsp;<\/p>\n","protected":false},"excerpt":{"rendered":"<p>Na tej stronie znajdziesz wszelkie informacje na temat bilet\u00f3w na konferencj\u0119 WordCamp Polska 2016, kt\u00f3ra odb\u0119dzie si\u0119 10-11 wrze\u015bnia w Gdyni. P\u0142atno\u015b\u0107 za bilety odbywa si\u0119 poprzez konto PayPal Fundacji WordPress. Wp\u0142ywy z bilet\u00f3w przeznaczone s\u0105 w ca\u0142o\u015bci na koszty organizacji konferencji, takie jak wynajem sali, sprz\u0119tu czy catering. Wszystkie osoby zaanga\u017cowane w organizacj\u0119 WordCamp &hellip; <a href=\"https:\/\/gdynia.wordcamp.org\/2016\/bilety\/\" class=\"more-link\">Czytaj dalej <span class=\"screen-reader-text\">Bilety<\/span> <span class=\"meta-nav\">&rarr;<\/span><\/a><\/p>\n","protected":false},"author":13803854,"featured_media":0,"parent":0,"menu_order":0,"comment_status":"closed","ping_status":"closed","template":"","meta":{"_crdt_document":"","jetpack_post_was_ever_published":false,"footnotes":""},"class_list":["post-13","page","type-page","status-publish","hentry"],"jetpack_sharing_enabled":true,"jetpack_shortlink":"https:\/\/wp.me\/P763Fe-d","_links":{"self":[{"href":"https:\/\/gdynia.wordcamp.org\/2016\/wp-json\/wp\/v2\/pages\/13","targetHints":{"allow":["GET"]}}],"collection":[{"href":"https:\/\/gdynia.wordcamp.org\/2016\/wp-json\/wp\/v2\/pages"}],"about":[{"href":"https:\/\/gdynia.wordcamp.org\/2016\/wp-json\/wp\/v2\/types\/page"}],"author":[{"embeddable":true,"href":"https:\/\/gdynia.wordcamp.org\/2016\/wp-json\/wp\/v2\/users\/13803854"}],"replies":[{"embeddable":true,"href":"https:\/\/gdynia.wordcamp.org\/2016\/wp-json\/wp\/v2\/comments?post=13"}],"version-history":[{"count":28,"href":"https:\/\/gdynia.wordcamp.org\/2016\/wp-json\/wp\/v2\/pages\/13\/revisions"}],"predecessor-version":[{"id":2271,"href":"https:\/\/gdynia.wordcamp.org\/2016\/wp-json\/wp\/v2\/pages\/13\/revisions\/2271"}],"wp:attachment":[{"href":"https:\/\/gdynia.wordcamp.org\/2016\/wp-json\/wp\/v2\/media?parent=13"}],"curies":[{"name":"wp","href":"https:\/\/api.w.org\/{rel}","templated":true}]}}