{"id":311,"date":"2016-02-15T22:20:23","date_gmt":"2016-02-15T22:20:23","guid":{"rendered":"https:\/\/2016.gdynia.wordcamp.org\/?page_id=311"},"modified":"2016-03-16T20:13:18","modified_gmt":"2016-03-16T20:13:18","slug":"o-konferencji","status":"publish","type":"page","link":"https:\/\/gdynia.wordcamp.org\/2016\/o-konferencji\/","title":{"rendered":"O konferencji"},"content":{"rendered":"<p><strong>Zapraszamy na najwi\u0119ksze spotkanie pasjonat\u00f3w i tw\u00f3rc\u00f3w WordPressa w Polsce &#8211; WordCamp Gdynia 2016!<\/strong><\/p>\n<p><strong>WordCamp Gdynia 2016<\/strong> odb\u0119dzie si\u0119 w dniach 9-11 wrze\u015bnia, w <a href=\"https:\/\/2016.gdynia.wordcamp.org\/miejsce\/\">Pomorskim Parku Naukowo-Technologicznym Gdynia<\/a>. PPNT Gdynia to jeden z najwi\u0119kszych park\u00f3w naukowo-technologicznych w Polsce, po\u0142o\u017cony w samym centrum Gdyni.<\/p>\n<p>Tematem przewodnim tegorocznego WordCampa jest <strong>#kreatywno\u015b\u0107<\/strong>. Dlaczego? WordPress odgrywa du\u017c\u0105 rol\u0119 w bran\u017cy kreatywnej &#8211; korzystaj\u0105 z niego arty\u015bci zajmuj\u0105cy si\u0119 fotografi\u0105, grafik\u0105, animacj\u0105, designem, blogerzy czy pisarze. Co wi\u0119cej &#8211; bycie WordPressowym deweloperem wymaga kreatywno\u015bci, otwarto\u015bci umys\u0142u czy \u017cy\u0142ki poszukiwacza. Tworzenie &#8222;internet\u00f3w&#8221; to nie tylko pisanie kolejnych linijek kodu. Programi\u015bci i deweloperzy to ludzie z natury kreatywni, kt\u00f3ry nie boj\u0105 si\u0119 wyzwa\u0144, jakie stawia przed nimi \u015bwiat nowych technologii. <strong>St\u0105d WordPressowe has\u0142o: Code is poetry.<\/strong><\/p>\n<p>WordCamp Gdynia 2016 ma sta\u0107 si\u0119 okazj\u0105 do podzielenia si\u0119 wiedz\u0105 i do\u015bwiadczeniem w\u0142a\u015bnie tych kreatywnych os\u00f3b.<\/p>\n<p><strong>Do zobaczenia w Gdyni!<\/strong><\/p>\n","protected":false},"excerpt":{"rendered":"<p>Zapraszamy na najwi\u0119ksze spotkanie pasjonat\u00f3w i tw\u00f3rc\u00f3w WordPressa w Polsce &#8211; WordCamp Gdynia 2016! WordCamp Gdynia 2016 odb\u0119dzie si\u0119 w dniach 9-11 wrze\u015bnia, w Pomorskim Parku Naukowo-Technologicznym Gdynia. PPNT Gdynia to jeden z najwi\u0119kszych park\u00f3w naukowo-technologicznych w Polsce, po\u0142o\u017cony w samym centrum Gdyni. Tematem przewodnim tegorocznego WordCampa jest #kreatywno\u015b\u0107. Dlaczego? WordPress odgrywa du\u017c\u0105 rol\u0119 w &hellip; <a href=\"https:\/\/gdynia.wordcamp.org\/2016\/o-konferencji\/\" class=\"more-link\">Czytaj dalej <span class=\"screen-reader-text\">O konferencji<\/span> <span class=\"meta-nav\">&rarr;<\/span><\/a><\/p>\n","protected":false},"author":7315828,"featured_media":0,"parent":0,"menu_order":0,"comment_status":"closed","ping_status":"closed","template":"","meta":{"_crdt_document":"","jetpack_post_was_ever_published":false,"footnotes":""},"class_list":["post-311","page","type-page","status-publish","hentry"],"jetpack_sharing_enabled":true,"jetpack_shortlink":"https:\/\/wp.me\/P763Fe-51","_links":{"self":[{"href":"https:\/\/gdynia.wordcamp.org\/2016\/wp-json\/wp\/v2\/pages\/311","targetHints":{"allow":["GET"]}}],"collection":[{"href":"https:\/\/gdynia.wordcamp.org\/2016\/wp-json\/wp\/v2\/pages"}],"about":[{"href":"https:\/\/gdynia.wordcamp.org\/2016\/wp-json\/wp\/v2\/types\/page"}],"author":[{"embeddable":true,"href":"https:\/\/gdynia.wordcamp.org\/2016\/wp-json\/wp\/v2\/users\/7315828"}],"replies":[{"embeddable":true,"href":"https:\/\/gdynia.wordcamp.org\/2016\/wp-json\/wp\/v2\/comments?post=311"}],"version-history":[{"count":12,"href":"https:\/\/gdynia.wordcamp.org\/2016\/wp-json\/wp\/v2\/pages\/311\/revisions"}],"predecessor-version":[{"id":553,"href":"https:\/\/gdynia.wordcamp.org\/2016\/wp-json\/wp\/v2\/pages\/311\/revisions\/553"}],"wp:attachment":[{"href":"https:\/\/gdynia.wordcamp.org\/2016\/wp-json\/wp\/v2\/media?parent=311"}],"curies":[{"name":"wp","href":"https:\/\/api.w.org\/{rel}","templated":true}]}}