{"id":11,"date":"2023-06-30T11:26:51","date_gmt":"2023-06-30T09:26:51","guid":{"rendered":"https:\/\/gdynia.wordcamp.org\/2023\/?page_id=11"},"modified":"2023-08-21T16:56:54","modified_gmt":"2023-08-21T14:56:54","slug":"miejsce","status":"publish","type":"page","link":"https:\/\/gdynia.wordcamp.org\/2023\/plan\/miejsce\/","title":{"rendered":"Gdynia, Morski Instytut Rybacki"},"content":{"rendered":"\n<p><br><\/p>\n\n\n\n<figure class=\"wp-block-image size-large wp-duotone-1e4459-ffffff-1\"><img data-recalc-dims=\"1\" loading=\"lazy\" decoding=\"async\" width=\"1024\" height=\"768\" src=\"https:\/\/i0.wp.com\/gdynia.wordcamp.org\/2023\/files\/2023\/08\/2023-08-12-19.05.21.jpg?resize=1024%2C768&#038;ssl=1\" alt=\"\" class=\"wp-image-719\" srcset=\"https:\/\/i0.wp.com\/gdynia.wordcamp.org\/2023\/files\/2023\/08\/2023-08-12-19.05.21-scaled.jpg?resize=1024%2C768&amp;ssl=1 1024w, https:\/\/i0.wp.com\/gdynia.wordcamp.org\/2023\/files\/2023\/08\/2023-08-12-19.05.21-scaled.jpg?resize=300%2C225&amp;ssl=1 300w, https:\/\/i0.wp.com\/gdynia.wordcamp.org\/2023\/files\/2023\/08\/2023-08-12-19.05.21-scaled.jpg?resize=768%2C576&amp;ssl=1 768w, https:\/\/i0.wp.com\/gdynia.wordcamp.org\/2023\/files\/2023\/08\/2023-08-12-19.05.21-scaled.jpg?resize=400%2C300&amp;ssl=1 400w, https:\/\/i0.wp.com\/gdynia.wordcamp.org\/2023\/files\/2023\/08\/2023-08-12-19.05.21-scaled.jpg?resize=1536%2C1152&amp;ssl=1 1536w, https:\/\/i0.wp.com\/gdynia.wordcamp.org\/2023\/files\/2023\/08\/2023-08-12-19.05.21-scaled.jpg?resize=2048%2C1536&amp;ssl=1 2048w\" sizes=\"auto, (max-width: 1000px) 100vw, 1000px\" \/><\/figure>\n\n\n\n<p>Konferencja WordCamp Gdynia 2023 odb\u0119dzie si\u0119 w presti\u017cowej lokalizacji, jak\u0105 jest Morski Instytut Rybacki. To wyj\u0105tkowe miejsce, b\u0119d\u0105ce wa\u017cnym punktem na mapie Gdyni, zapewni idealne warunki dla naszych spotka\u0144 i dyskusji.<\/p>\n\n\n\n<p><strong>Lokalizacja:<\/strong> Morski Instytut Rybacki <strong>Adres:<\/strong> Hugo Ko\u0142\u0142\u0105taja 1, 81-332 Gdynia<\/p>\n\n\n\n<p>Zach\u0119camy do przybycia i sp\u0119dzenia z nami inspiruj\u0105cego czasu w sercu Gdyni!<\/p>\n\n\n\n<figure class=\"wp-block-image size-large wp-duotone-1e4459-ffffff-2\"><img data-recalc-dims=\"1\" loading=\"lazy\" decoding=\"async\" width=\"1024\" height=\"570\" src=\"https:\/\/i0.wp.com\/gdynia.wordcamp.org\/2023\/files\/2023\/07\/Gdynia-wordcamp.jpg?resize=1024%2C570&#038;ssl=1\" alt=\"\" class=\"wp-image-400\" srcset=\"https:\/\/i0.wp.com\/gdynia.wordcamp.org\/2023\/files\/2023\/07\/Gdynia-wordcamp.jpg?resize=1024%2C570&amp;ssl=1 1024w, https:\/\/i0.wp.com\/gdynia.wordcamp.org\/2023\/files\/2023\/07\/Gdynia-wordcamp.jpg?resize=300%2C167&amp;ssl=1 300w, https:\/\/i0.wp.com\/gdynia.wordcamp.org\/2023\/files\/2023\/07\/Gdynia-wordcamp.jpg?resize=768%2C427&amp;ssl=1 768w, https:\/\/i0.wp.com\/gdynia.wordcamp.org\/2023\/files\/2023\/07\/Gdynia-wordcamp.jpg?resize=500%2C278&amp;ssl=1 500w, https:\/\/i0.wp.com\/gdynia.wordcamp.org\/2023\/files\/2023\/07\/Gdynia-wordcamp.jpg?resize=1536%2C854&amp;ssl=1 1536w, https:\/\/i0.wp.com\/gdynia.wordcamp.org\/2023\/files\/2023\/07\/Gdynia-wordcamp.jpg?w=1902&amp;ssl=1 1902w\" sizes=\"auto, (max-width: 1000px) 100vw, 1000px\" \/><\/figure>\n\n\n\n<p>Jest nam niezmiernie mi\u0142o zaprosi\u0107 Was do uroczej Gdyni na nadchodz\u0105cy WordCamp 2023! Znana ze swojej otwartej atmosfery i pi\u0119knej nadmorskiej lokalizacji, Gdynia jest idealnym miejscem na nasz\u0105 konferencj\u0119 po\u015bwi\u0119con\u0105 WordPressowi.<\/p>\n\n\n\n<p>Gdynia, per\u0142a polskiego wybrze\u017ca, jest miastem pe\u0142nym niespodzianek. Tutaj nowoczesno\u015b\u0107 \u0142\u0105czy si\u0119 z tradycj\u0105, a harmonia z natur\u0105 tworzy unikalny klimat, kt\u00f3ry nieustannie przyci\u0105ga go\u015bci z ca\u0142ego \u015bwiata. W Gdyni z \u0142atwo\u015bci\u0105 odkryjesz zar\u00f3wno atrakcje kulturalne, jak i przepi\u0119kne krajobrazy.<\/p>\n\n\n\n<p>Zaplanuj troch\u0119 czasu na zwiedzanie miasta i jego okolic. Od spacer\u00f3w po malowniczej promenadzie, przez odwiedziny w nowoczesnych muzeach, po relaks na pi\u0119knych pla\u017cach &#8211; Gdynia ma co\u015b dla ka\u017cdego. A co najwa\u017cniejsze, wszystko to znajduje si\u0119 na wyci\u0105gni\u0119cie r\u0119ki od miejsca naszego spotkania.<\/p>\n\n\n\n<p>Chcemy, aby Tw\u00f3j przyjazd na WordCamp Gdynia 2023 by\u0142 nie tylko okazj\u0105 do nauki i nawi\u0105zywania nowych kontakt\u00f3w, ale r\u00f3wnie\u017c do odkrywania tego, co najlepsze w Gdyni. Zach\u0119camy do wcze\u015bniejszego przybycia lub przed\u0142u\u017cenia pobytu, aby na w\u0142asne oczy zobaczy\u0107, dlaczego Gdynia jest tak wyj\u0105tkowa.<\/p>\n\n\n\n<p>Wi\u0119cej informacji na temat konferencji, w tym szczeg\u00f3\u0142y dotycz\u0105ce lokalizacji i programu, znajdziecie na naszej stronie internetowej. Je\u015bli masz jakiekolwiek pytania dotycz\u0105ce przyjazdu do Gdyni, skontaktuj si\u0119 z nami. Jeste\u015bmy tu, aby pom\u00f3c.<\/p>\n\n\n\n<p>Nie mo\u017cemy si\u0119 doczeka\u0107, aby powita\u0107 Ci\u0119 w Gdyni na WordCamp 2023! Przygotuj si\u0119 na niezapomnian\u0105 konferencj\u0119, pe\u0142n\u0105 nauki, inspiracji i networking&#8217;u. Do zobaczenia w Gdyni!<\/p>\n","protected":false},"excerpt":{"rendered":"<p>Konferencja WordCamp Gdynia 2023 odb\u0119dzie si\u0119 w presti\u017cowej lokalizacji, jak\u0105 jest Morski Instytut Rybacki. To wyj\u0105tkowe miejsce, b\u0119d\u0105ce wa\u017cnym punktem na mapie Gdyni, zapewni idealne warunki dla naszych spotka\u0144 i dyskusji. Lokalizacja: Morski Instytut Rybacki Adres: Hugo Ko\u0142\u0142\u0105taja 1, 81-332 Gdynia Zach\u0119camy do przybycia i sp\u0119dzenia z nami inspiruj\u0105cego czasu w sercu Gdyni! Jest nam [&hellip;]<\/p>\n","protected":false},"author":108511,"featured_media":0,"parent":7,"menu_order":0,"comment_status":"closed","ping_status":"closed","template":"","meta":{"jetpack_post_was_ever_published":false,"footnotes":""},"class_list":["post-11","page","type-page","status-publish","hentry"],"jetpack_sharing_enabled":true,"_links":{"self":[{"href":"https:\/\/gdynia.wordcamp.org\/2023\/wp-json\/wp\/v2\/pages\/11","targetHints":{"allow":["GET"]}}],"collection":[{"href":"https:\/\/gdynia.wordcamp.org\/2023\/wp-json\/wp\/v2\/pages"}],"about":[{"href":"https:\/\/gdynia.wordcamp.org\/2023\/wp-json\/wp\/v2\/types\/page"}],"author":[{"embeddable":true,"href":"https:\/\/gdynia.wordcamp.org\/2023\/wp-json\/wp\/v2\/users\/108511"}],"replies":[{"embeddable":true,"href":"https:\/\/gdynia.wordcamp.org\/2023\/wp-json\/wp\/v2\/comments?post=11"}],"version-history":[{"count":13,"href":"https:\/\/gdynia.wordcamp.org\/2023\/wp-json\/wp\/v2\/pages\/11\/revisions"}],"predecessor-version":[{"id":723,"href":"https:\/\/gdynia.wordcamp.org\/2023\/wp-json\/wp\/v2\/pages\/11\/revisions\/723"}],"up":[{"embeddable":true,"href":"https:\/\/gdynia.wordcamp.org\/2023\/wp-json\/wp\/v2\/pages\/7"}],"wp:attachment":[{"href":"https:\/\/gdynia.wordcamp.org\/2023\/wp-json\/wp\/v2\/media?parent=11"}],"curies":[{"name":"wp","href":"https:\/\/api.w.org\/{rel}","templated":true}]}}