{"id":13,"date":"2023-06-30T11:26:51","date_gmt":"2023-06-30T09:26:51","guid":{"rendered":"https:\/\/gdynia.wordcamp.org\/2023\/?page_id=13"},"modified":"2023-10-01T09:53:44","modified_gmt":"2023-10-01T07:53:44","slug":"bilety","status":"publish","type":"page","link":"https:\/\/gdynia.wordcamp.org\/2023\/bilety\/","title":{"rendered":"Bilety"},"content":{"rendered":"<p>&nbsp;<\/p>\n<blockquote>\n<p style=\"text-align: center\"><strong>Bilety\u00a0 zosta\u0142y wyprzedane &#8211; hej m\u0142ody junaku, smutek zwalcz i strach! <\/strong><\/p>\n<p style=\"text-align: center\"><strong>Oczekuj kolejnego WordCampa!<\/strong><\/p>\n<\/blockquote>\n\r\n<p>P\u0142atno\u015b\u0107 za bilety realizowana jest poprzez PayPal lub Stripe \u2013 osoby nieposiadaj\u0105ce konta PayPal mog\u0105 zap\u0142aci\u0107 kart\u0105. Niestety inne formy p\u0142atno\u015bci nie s\u0105 mo\u017cliwe.<\/p>\r\n<p>Zakupiony bilet zapewnia:<\/p>\r\n<ul>\r\n<li>wst\u0119p na imprez\u0119 towarzysz\u0105c\u0105 (sobota wieczorem)<\/li>\r\n<li>przek\u0105ski i napoje podczas konferencji<\/li>\r\n<li>dobry humor na ca\u0142\u0105 konferencj\u0119<\/li>\r\n<\/ul>\r\n<p>Nie ma potrzeby przynoszenia ze sob\u0105 wydrukowanych bilet\u00f3w czy innych potwierdze\u0144. Po przybyciu na miejsce prosimy o zg\u0142oszenie si\u0119 do recepcji, w celu odbioru\u00a0identyfikatora i innych materia\u0142\u00f3w konferencyjnych.<\/p>\r\n<p><strong>Aby otrzyma\u0107 faktur\u0119, nale\u017cy\u00a0<a href=\"https:\/\/gdynia.wordcamp.org\/2023\/bilety\/faktury\/\">wype\u0142ni\u0107 specjalny formularz<\/a>.<\/strong>\u00a0Dokument wystawiany jest przez\u00a0<a href=\"http:\/\/wordpressfoundation.org\/\">Fundacj\u0119 WordPressa<\/a>\u00a0i jest w j\u0119zyku angielskim.<\/p>\r\n<p>&nbsp;<\/p>","protected":false},"excerpt":{"rendered":"<p>P\u0142atno\u015b\u0107 za bilety realizowana jest poprzez PayPal lub Stripe \u2013 osoby nieposiadaj\u0105ce konta PayPal mog\u0105 zap\u0142aci\u0107 kart\u0105. Niestety inne formy p\u0142atno\u015bci nie s\u0105 mo\u017cliwe. Zakupiony bilet zapewnia: wst\u0119p na imprez\u0119 towarzysz\u0105c\u0105 (sobota wieczorem) przek\u0105ski i napoje podczas konferencji dobry humor na ca\u0142\u0105 konferencj\u0119 Nie ma potrzeby przynoszenia ze sob\u0105 wydrukowanych bilet\u00f3w czy innych potwierdze\u0144. Po [&hellip;]<\/p>\n","protected":false},"author":108511,"featured_media":0,"parent":0,"menu_order":0,"comment_status":"closed","ping_status":"closed","template":"","meta":{"jetpack_post_was_ever_published":false,"footnotes":""},"class_list":["post-13","page","type-page","status-publish","hentry"],"jetpack_sharing_enabled":true,"_links":{"self":[{"href":"https:\/\/gdynia.wordcamp.org\/2023\/wp-json\/wp\/v2\/pages\/13","targetHints":{"allow":["GET"]}}],"collection":[{"href":"https:\/\/gdynia.wordcamp.org\/2023\/wp-json\/wp\/v2\/pages"}],"about":[{"href":"https:\/\/gdynia.wordcamp.org\/2023\/wp-json\/wp\/v2\/types\/page"}],"author":[{"embeddable":true,"href":"https:\/\/gdynia.wordcamp.org\/2023\/wp-json\/wp\/v2\/users\/108511"}],"replies":[{"embeddable":true,"href":"https:\/\/gdynia.wordcamp.org\/2023\/wp-json\/wp\/v2\/comments?post=13"}],"version-history":[{"count":15,"href":"https:\/\/gdynia.wordcamp.org\/2023\/wp-json\/wp\/v2\/pages\/13\/revisions"}],"predecessor-version":[{"id":1369,"href":"https:\/\/gdynia.wordcamp.org\/2023\/wp-json\/wp\/v2\/pages\/13\/revisions\/1369"}],"wp:attachment":[{"href":"https:\/\/gdynia.wordcamp.org\/2023\/wp-json\/wp\/v2\/media?parent=13"}],"curies":[{"name":"wp","href":"https:\/\/api.w.org\/{rel}","templated":true}]}}