{"id":21,"date":"2023-06-30T11:26:51","date_gmt":"2023-06-30T09:26:51","guid":{"rendered":"https:\/\/gdynia.wordcamp.org\/2023\/?page_id=21"},"modified":"2023-07-23T07:08:57","modified_gmt":"2023-07-23T05:08:57","slug":"kodeks-postepowania","status":"publish","type":"page","link":"https:\/\/gdynia.wordcamp.org\/2023\/kodeks-postepowania\/","title":{"rendered":"Kodeks post\u0119powania"},"content":{"rendered":"\n<h3 class=\"wp-block-heading has-x-large-font-size\">1. Cel<\/h3>\n\n\n\n<p>WordCamp Gdynia wierzy, \u017ce nasza spo\u0142eczno\u015b\u0107 powinna by\u0107 naprawd\u0119 otwarta dla wszystkich. W zwi\u0105zku z tym zobowi\u0105zujemy si\u0119 do zapewnienia przyjaznego, bezpiecznego i go\u015bcinnego \u015brodowiska dla wszystkich, niezale\u017cnie od p\u0142ci, orientacji seksualnej, niepe\u0142nosprawno\u015bci, pochodzenia etnicznego, religii, wieku, kasty, klasy spo\u0142ecznej, preferowanego systemu operacyjnego, j\u0119zyka programowania lub edytora tekstu, a tak\u017ce innych cech identyfikacyjnych.<\/p>\n\n\n\n<p>Niniejszy kodeks post\u0119powania okre\u015bla nasze oczekiwania dotycz\u0105ce zachowania uczestnik\u00f3w, a tak\u017ce konsekwencje niedopuszczalnego zachowania.<\/p>\n\n\n\n<p>Zapraszamy wszystkich sponsor\u00f3w, wolontariuszy, prelegent\u00f3w, uczestnik\u00f3w i innych uczestnik\u00f3w, aby pomogli nam zapewni\u0107 wszystkim bezpieczne i pozytywne wra\u017cenia z konferencji.<\/p>\n\n\n\n<h3 class=\"wp-block-heading has-x-large-font-size\">2. Obywatelstwo otwartego oprogramowania<\/h3>\n\n\n\n<p>Dodatkowym celem tego kodeksu post\u0119powania jest zwi\u0119kszenie obywatelstwa open source poprzez zach\u0119canie uczestnik\u00f3w do rozpoznawania i wzmacniania relacji mi\u0119dzy tym, co robimy, a ca\u0142\u0105 spo\u0142eczno\u015bci\u0105.<\/p>\n\n\n\n<p>W tym celu organizatorzy WordCamp Gdynia b\u0119d\u0105 przyjmowa\u0107 nominacje dla wzorowych obywateli podczas ca\u0142ego wydarzenia i wyr\u00f3\u017cni\u0105 wybranych uczestnik\u00f3w po konferencji na stronie internetowej.<\/p>\n\n\n\n<p>Je\u015bli widzisz kogo\u015b, kto dok\u0142ada wszelkich stara\u0144, aby nasza spo\u0142eczno\u015b\u0107 by\u0142a przyjazna, przyjazna i zach\u0119ca\u0142a wszystkich uczestnik\u00f3w do wniesienia jak najwi\u0119kszego wk\u0142adu, chcemy o tym wiedzie\u0107.<\/p>\n\n\n\n<h3 class=\"wp-block-heading has-x-large-font-size\">3. Oczekiwane zachowanie<\/h3>\n\n\n\n<ul class=\"wp-block-list\">\n<li>B\u0105d\u017a uprzejmy, pe\u0142en szacunku i wsp\u00f3\u0142pracuj.<\/li>\n\n\n\n<li>Powstrzymuj si\u0119 od poni\u017caj\u0105cych, dyskryminuj\u0105cych lub napastliwych zachowa\u0144 i wypowiedzi.<\/li>\n\n\n\n<li>Zwracaj uwag\u0119 na swoje otoczenie i innych uczestnik\u00f3w. Ostrzegaj organizator\u00f3w konferencji, je\u015bli zauwa\u017cysz niebezpieczn\u0105 sytuacj\u0119 lub kogo\u015b w niebezpiecze\u0144stwie.<\/li>\n\n\n\n<li>Uczestnicz w spos\u00f3b autentyczny i aktywny. W ten spos\u00f3b pomo\u017cesz stworzy\u0107 WordCamp Gdynia i uczyni\u0107 go swoim w\u0142asnym.<\/li>\n<\/ul>\n\n\n\n<h3 class=\"wp-block-heading has-x-large-font-size\">4. Niedopuszczalne zachowanie<\/h3>\n\n\n\n<p>Niedopuszczalne zachowania obejmuj\u0105: zastraszanie, n\u0119kanie, obra\u017aliwe, dyskryminuj\u0105ce, uw\u0142aczaj\u0105ce lub poni\u017caj\u0105ce zachowanie ze strony uczestnik\u00f3w WordCamp Gdynia i powi\u0105zanych wydarze\u0144. Wszystkie miejsca, w kt\u00f3rych odbywa si\u0119 WordCamp Gdynia, mog\u0105 by\u0107 udost\u0119pniane osobom postronnym; prosimy o szacunek dla wszystkich os\u00f3b przebywaj\u0105cych w tych miejscach.<\/p>\n\n\n\n<p>Molestowanie obejmuje: obra\u017aliwe komentarze s\u0142owne zwi\u0105zane z p\u0142ci\u0105, orientacj\u0105 seksualn\u0105, ras\u0105, religi\u0105, niepe\u0142nosprawno\u015bci\u0105; niew\u0142a\u015bciwe wykorzystanie nago\u015bci i\/lub obraz\u00f3w o charakterze seksualnym w przestrzeni publicznej (w tym slajd\u00f3w prezentacji); celowe zastraszanie, prze\u015bladowanie lub \u015bledzenie; n\u0119kaj\u0105ce fotografowanie lub nagrywanie; ci\u0105g\u0142e zak\u0142\u00f3canie rozm\u00f3w lub innych wydarze\u0144; niew\u0142a\u015bciwy kontakt fizyczny i niepo\u017c\u0105dana uwaga seksualna.<\/p>\n\n\n\n<h3 class=\"wp-block-heading has-x-large-font-size\">5. Konsekwencje niedopuszczalnego zachowania<\/h3>\n\n\n\n<p>Niedopuszczalne zachowanie nie b\u0119dzie tolerowane przez innych uczestnik\u00f3w, organizator\u00f3w, personel obiektu, sponsor\u00f3w lub innych patron\u00f3w obiekt\u00f3w WordCamp Gdynia.<\/p>\n\n\n\n<p>Oczekuje si\u0119, \u017ce ka\u017cdy, kto zostanie poproszony o zaprzestanie niedopuszczalnego zachowania, natychmiast si\u0119 do niego zastosuje.<\/p>\n\n\n\n<p>Je\u015bli uczestnik zaanga\u017cuje si\u0119 w niedopuszczalne zachowanie, organizatorzy konferencji mog\u0105 podj\u0105\u0107 wszelkie dzia\u0142ania, kt\u00f3re uznaj\u0105 za stosowne, do wydalenia z konferencji bez ostrze\u017cenia lub zwrotu pieni\u0119dzy w\u0142\u0105cznie<\/p>\n\n\n\n<h3 class=\"wp-block-heading has-x-large-font-size\">6. Co zrobi\u0107, je\u015bli jeste\u015b \u015bwiadkiem lub ofiar\u0105 niedopuszczalnego zachowania?<\/h3>\n\n\n\n<p>Je\u015bli jeste\u015b nara\u017cony na niedopuszczalne zachowanie, zauwa\u017cysz, \u017ce kto\u015b inny jest nara\u017cony na niedopuszczalne zachowanie lub masz jakiekolwiek inne obawy, powiadom organizatora konferencji tak szybko, jak to mo\u017cliwe.<\/p>\n\n\n\n<p>Zesp\u00f3\u0142 WordCamp Gdynia b\u0119dzie dost\u0119pny, aby pom\u00f3c uczestnikom skontaktowa\u0107 si\u0119 z ochron\u0105 obiektu lub lokalnymi organami \u015bcigania, zapewni\u0107 eskort\u0119 lub w inny spos\u00f3b pom\u00f3c osobom do\u015bwiadczaj\u0105cym niedopuszczalnych zachowa\u0144 czu\u0107 si\u0119 bezpiecznie podczas trwania konferencji. Wolontariusze b\u0119d\u0105 nosi\u0107 specjalne identyfikatory. Ka\u017cdy wolontariusz mo\u017ce skontaktowa\u0107 Ci\u0119 z organizatorem konferencji. Mo\u017cna r\u00f3wnie\u017c podej\u015b\u0107 do specjalnego stanowiska rejestracji w holu i poprosi\u0107 o kontakt z organizatorami.<\/p>\n\n\n\n<h3 class=\"wp-block-heading has-x-large-font-size\">7. Zakres<\/h3>\n\n\n\n<p>Oczekujemy, \u017ce wszyscy uczestnicy konferencji (sponsorzy, wolontariusze, prelegenci, uczestnicy i inni go\u015bcie) b\u0119d\u0105 przestrzega\u0107 tego kodeksu post\u0119powania we wszystkich miejscach konferencji i na imprezach towarzyskich zwi\u0105zanych z konferencj\u0105.<\/p>\n\n\n\n<h3 class=\"wp-block-heading has-x-large-font-size\">8. Kontakt<\/h3>\n\n\n\n<p>gdynia@wordcamp.org<\/p>\n\n\n\n<h3 class=\"wp-block-heading has-x-large-font-size\">9. Licencja i uznanie autorstwa<\/h3>\n\n\n\n<p>Niniejszy Kodeks Post\u0119powania jest bezpo\u015bredni\u0105 inspiracj\u0105 niesamowit\u0105 prac\u0105 Open Source Bridge, ale z naszymi informacjami o wydarzeniu. Orygina\u0142 jest dost\u0119pny pod adresem <a href=\"http:\/\/web.archive.org\/web\/20191206083557\/http:\/\/opensourcebridge.org\/about\/code-of-conduct\/\" data-type=\"URL\" data-id=\"http:\/\/web.archive.org\/web\/20191206083557\/http:\/\/opensourcebridge.org\/about\/code-of-conduct\/\">Open Source Bridge 2018 [zarchiwizowane]<\/a> i jest udost\u0119pniany na licencji <a href=\"http:\/\/creativecommons.org\/licenses\/by-sa\/3.0\/\" data-type=\"URL\" data-id=\"http:\/\/creativecommons.org\/licenses\/by-sa\/3.0\/\">Creative Commons Attribution-ShareAlike<\/a>.<br><\/p>\n\n\n\n<h3 class=\"wp-block-heading has-x-large-font-size\">O\u015bwiadczenie o imprezach towarzyskich lub dodatkowych (w stosownych przypadkach)<\/h3>\n\n\n\n<p>Wydarzenia towarzyskie i uzupe\u0142niaj\u0105ce maj\u0105 na celu zapewnienie mo\u017cliwo\u015bci nawi\u0105zywania kontakt\u00f3w i dodatkowych mo\u017cliwo\u015bci edukacyjnych, a tak\u017ce mo\u017cliwo\u015b\u0107 zrelaksowania si\u0119 po pe\u0142nym WordCampie. Powinny to by\u0107 r\u00f3wnie\u017c miejsca, w kt\u00f3rych uczestnicy mog\u0105 czu\u0107 si\u0119 bezpiecznie.<\/p>\n\n\n\n<p>Chcemy, aby\u015b dobrze si\u0119 bawi\u0142 podczas tych wydarze\u0144 i aby\u015b robi\u0142 to bezpiecznie. Je\u015bli do\u015bwiadczysz naruszenia Kodeksu Post\u0119powania, zobaczysz naruszenie, obawiasz si\u0119 o dobre samopoczucie, bezpiecze\u0144stwo lub zachowanie innego uczestnika lub masz og\u00f3lne pytanie (rozumiemy, \u017ce naruszenia nie zawsze s\u0105 oczywiste!), skontaktuj si\u0119 z nami natychmiast, powiadamiaj\u0105c organizatora WordCampa lub wysy\u0142aj\u0105c wiadomo\u015b\u0107 e-mail na adres report@wordcamp.org. W przypadku wydarze\u0144 osobistych, je\u015bli potrzebujesz pomocy lub nie jeste\u015b w stanie wygodnie lub bezpiecznie usun\u0105\u0107 si\u0119 z sytuacji, w kt\u00f3rej nie chcesz si\u0119 znale\u017a\u0107, organizatorzy b\u0119d\u0105 traktowa\u0107 priorytetowo natychmiastow\u0105 i dyskretn\u0105 pomoc. Oto kilka przyk\u0142ad\u00f3w: z\u0142e samopoczucie, nieudany transport, nietrze\u017awo\u015b\u0107, przebywanie samemu lub z kim\u015b, komu si\u0119 nie ufa, przyt\u0142oczenie, naruszenie Kodeksu Post\u0119powania lub bycie jego \u015bwiadkiem. Popro\u015b o pomoc pobliskiego wolontariusza lub organizatora wydarzenia.<\/p>\n","protected":false},"excerpt":{"rendered":"<p>1. Cel WordCamp Gdynia wierzy, \u017ce nasza spo\u0142eczno\u015b\u0107 powinna by\u0107 naprawd\u0119 otwarta dla wszystkich. W zwi\u0105zku z tym zobowi\u0105zujemy si\u0119 do zapewnienia przyjaznego, bezpiecznego i go\u015bcinnego \u015brodowiska dla wszystkich, niezale\u017cnie od p\u0142ci, orientacji seksualnej, niepe\u0142nosprawno\u015bci, pochodzenia etnicznego, religii, wieku, kasty, klasy spo\u0142ecznej, preferowanego systemu operacyjnego, j\u0119zyka programowania lub edytora tekstu, a tak\u017ce innych cech identyfikacyjnych. [&hellip;]<\/p>\n","protected":false},"author":108511,"featured_media":0,"parent":0,"menu_order":0,"comment_status":"closed","ping_status":"closed","template":"","meta":{"jetpack_post_was_ever_published":false,"footnotes":""},"class_list":["post-21","page","type-page","status-publish","hentry"],"jetpack_sharing_enabled":true,"_links":{"self":[{"href":"https:\/\/gdynia.wordcamp.org\/2023\/wp-json\/wp\/v2\/pages\/21","targetHints":{"allow":["GET"]}}],"collection":[{"href":"https:\/\/gdynia.wordcamp.org\/2023\/wp-json\/wp\/v2\/pages"}],"about":[{"href":"https:\/\/gdynia.wordcamp.org\/2023\/wp-json\/wp\/v2\/types\/page"}],"author":[{"embeddable":true,"href":"https:\/\/gdynia.wordcamp.org\/2023\/wp-json\/wp\/v2\/users\/108511"}],"replies":[{"embeddable":true,"href":"https:\/\/gdynia.wordcamp.org\/2023\/wp-json\/wp\/v2\/comments?post=21"}],"version-history":[{"count":3,"href":"https:\/\/gdynia.wordcamp.org\/2023\/wp-json\/wp\/v2\/pages\/21\/revisions"}],"predecessor-version":[{"id":391,"href":"https:\/\/gdynia.wordcamp.org\/2023\/wp-json\/wp\/v2\/pages\/21\/revisions\/391"}],"wp:attachment":[{"href":"https:\/\/gdynia.wordcamp.org\/2023\/wp-json\/wp\/v2\/media?parent=21"}],"curies":[{"name":"wp","href":"https:\/\/api.w.org\/{rel}","templated":true}]}}