{"id":7,"date":"2023-06-30T11:26:51","date_gmt":"2023-06-30T09:26:51","guid":{"rendered":"https:\/\/gdynia.wordcamp.org\/2023\/?page_id=7"},"modified":"2023-09-18T21:52:09","modified_gmt":"2023-09-18T19:52:09","slug":"plan","status":"publish","type":"page","link":"https:\/\/gdynia.wordcamp.org\/2023\/plan\/","title":{"rendered":"Zasadniczo Plan jest nast\u0119puj\u0105cy:"},"content":{"rendered":"\n<p>Mamy dla was WordCampa na skal\u0119 naszych mo\u017cliwo\u015bci. Patrzcie, m\u00f3wimy, to nasze, przez nas zbudowane. I nie jest to nasze ostatnie s\u0142owo!<\/p>\n\n\n\n<p>Rozpoczynamy 29 wrze\u015bnia, wiecz\u00f3r powitalny, przygotowany na miar\u0119 prawdziwej &#8222;\u015bmietanki towarzyskiej&#8221;. Zach\u0119camy do stawiania si\u0119 wg. idei:<\/p>\n\n\n\n<blockquote class=\"wp-block-quote is-layout-flow wp-block-quote-is-layout-flow\">\n<p><em>Przysz\u0142em wcze\u015bniej, gdy\u017c nie mia\u0142em co robi\u0107<\/em><\/p>\n\n\n\n<figure class=\"wp-block-embed is-type-video is-provider-youtube wp-block-embed-youtube wp-embed-aspect-4-3 wp-has-aspect-ratio\"><div class=\"wp-block-embed__wrapper\">\n<span class=\"embed-youtube\" style=\"text-align:center; display: block;\"><iframe loading=\"lazy\" class=\"youtube-player\" width=\"640\" height=\"360\" src=\"https:\/\/www.youtube.com\/embed\/XtW3XrAEDYQ?version=3&#038;rel=1&#038;showsearch=0&#038;showinfo=1&#038;iv_load_policy=1&#038;fs=1&#038;hl=pl-PL&#038;autohide=2&#038;wmode=transparent\" allowfullscreen=\"true\" style=\"border:0;\" sandbox=\"allow-scripts allow-same-origin allow-popups allow-presentation allow-popups-to-escape-sandbox\"><\/iframe><\/span>\n<\/div><\/figure>\n<\/blockquote>\n\n\n\n<p>Ale my mamy co robi\u0107!<\/p>\n\n\n\n<p>Dzie\u0144 p\u00f3\u017aniej, 30 wrze\u015bnia, rozpoczynamy konferencj\u0119. Jak to m\u00f3wi\u0142a pani inkasentka w jednym filmie &#8211; &#8222;Klient w krawacie jest mniej awanturuj\u0105cy si\u0119&#8221;. Wi\u0119c pami\u0119tajcie, elegancko ale na luzie.<\/p>\n\n\n\n<p>No i na koniec, &#8222;oczywi\u015bcie, oczko mi si\u0119 odlepi\u0142o. Temu misiu&#8221;. Czyli wieczorek zapoznawczy. Ale nie martwcie si\u0119, wszystko jest pod kontrol\u0105. Spotykajcie si\u0119, rozmawiajcie. Z pewno\u015bci\u0105 co\u015b si\u0119 z tego urodzi.<\/p>\n\n\n\n<p>A wi\u0119c, do zobaczenia w Gdyni! Pami\u0119tajcie, \u017ce &#8222;Nie ma z\u0142ych ludzi, s\u0105 tylko \u017ale zorganizowane konferencje&#8221;. My staramy si\u0119 zorganizowa\u0107 najbardziej udan\u0105 i najkr\u00f3tsz\u0105 konferencj\u0119 WordPressa, jak\u0105 kiedykolwiek widzieli\u015bcie.<\/p>\n\n\n\n<p>Je\u015bli macie wi\u0119cej pyta\u0144, to oczywi\u015bcie &#8222;<em>Nie wiem, nie znam si\u0119, nie orientuj\u0119 si\u0119, zarobiony jestem<\/em>&#8222;. Ale wiem jedno &#8211; WordCamp Gdynia 2023 b\u0119dzie niesamowitym do\u015bwiadczeniem dla wszystkich uczestnik\u00f3w i ka\u017cdego z nas mo\u017cecie pyta\u0107 o cokolwiek podczas spotkania.<\/p>\n\n\n\n<p>A zatem, &#8222;kto ma nogi, niech idzie&#8221;. Do zobaczenia w Gdyni!<\/p>\n\n\n\n<p>Mariusz Zasadniczo z twarzy podobny zupe\u0142nie do nikogo Szatkowski<br><\/p>\n\n\n\n<div style=\"height:100px\" aria-hidden=\"true\" id=\"agenda\" class=\"wp-block-spacer\"><\/div>\n\n\n\n<h2 class=\"wp-block-heading\">Pi\u0105tek\/29.09<\/h2>\n\n\n\n<p>Wieczorem odb\u0119dzie si\u0119 <strong>Before Party<\/strong> w klubie <strong><a href=\"https:\/\/www.facebook.com\/pifpafpub\/?locale=pl_PL\" data-type=\"URL\" data-id=\"https:\/\/www.facebook.com\/pifpafpub\/?locale=pl_PL\">PifPaf<\/a><\/strong> przy 10 lutego 23 w Gdyni. Rozpoczynamy o 19:00!<\/p>\n\n\n\n<div style=\"height:100px\" aria-hidden=\"true\" class=\"wp-block-spacer\"><\/div>\n\n\n\n<h2 class=\"wp-block-heading\">Sobota\/30.09<\/h2>\n\n\n\n<div\n\tclass=\"wp-block-wordcamp-schedule alignwide is-loading\"\n\t\tdata-attributes=\"{&quot;__isStylesPreview&quot;:false,&quot;align&quot;:&quot;wide&quot;,&quot;chooseSpecificDays&quot;:false,&quot;chosenDays&quot;:[],&quot;chooseSpecificTracks&quot;:false,&quot;chosenTrackIds&quot;:[],&quot;showCategories&quot;:true,&quot;useClientTimezone&quot;:false}\"\n>\n\tWczytywanie\u2026<\/div>\n\n\n\t<div class=\"email-form fav-session-email-form-hide\">\n\t\t<!-- Tab links -->\n\t\t<div class=\"fav-session-share-tab\">\n\t\t\t\t\t\t\t<div class=\"fav-session-tablinks\" id=\"fav-session-btn-email\">\n\t\t\t\t\tE-mail\t\t\t\t<\/div>\n\t\t\t\n\t\t\t<div class=\"fav-session-tablinks\" id=\"fav-session-btn-link\">\n\t\t\t\tOdno\u015bnik\t\t\t<\/div>\n\n\t\t\t<div class=\"fav-session-tablinks\" id=\"fav-session-btn-print\">\n\t\t\t\tDrukuj\t\t\t<\/div>\n\t\t<\/div>\n\n\t\t<!-- Tab content -->\n\t\t\t\t\t<div id=\"fav-session-tab-email\" class=\"fav-session-share-tabcontent\">\n\t\t\t\t<div id=\"fav-session-email-form\">\n\t\t\t\t\tWy\u015blij mi moj\u0105 ulubion\u0105 sesj\u0119:\n\t\t\t\t\t<form id=\"fav-sessions-form\">\n\t\t\t\t\t\t<input\n\t\t\t\t\t\t\ttype=\"text\"\n\t\t\t\t\t\t\tname=\"email_address\"\n\t\t\t\t\t\t\tid=\"fav-sessions-email-address\"\n\t\t\t\t\t\t\tplaceholder=\"me@protonmail.com\"\n\t\t\t\t\t\t\/>\n\t\t\t\t\t\t<input type=\"submit\" value=\"Wy\u015blij\" \/>\n\t\t\t\t\t<\/form>\n\t\t\t\t<\/div>\n\n\t\t\t\t<div class=\"fav-session-email-wait-spinner\"><\/div>\n\t\t\t\t<div class=\"fav-session-email-result\"><\/div>\n\t\t\t<\/div>\n\t\t\n\t\t<div id=\"fav-session-tab-link\" class=\"fav-session-share-tabcontent\">\n\t\t\t\u0141\u0105cze do udost\u0119pniania:\t\t\t<br \/>\n\t\t\t<a id=\"fav-sessions-link\" href=\"\"><\/a>\n\t\t<\/div>\n\n\t\t<div id=\"fav-session-tab-print\" class=\"fav-session-share-tabcontent\">\n\t\t\t<button id=\"fav-session-print\">\n\t\t\t\tDrukuj ulubione sesje\t\t\t<\/button>\n\t\t<\/div>\n\t<\/div>\n\n\t<a class=\"show-email-form\" href=\"javascript:\">\n\t\t<span class=\"dashicons dashicons-star-filled\"><\/span>\n\t\t<span class=\"dashicons dashicons-email-alt\"><\/span>\n\t<\/a>\n\n\t\n\n\n<p>Po cz\u0119\u015bci konferencyjnej odb\u0119dzie si\u0119 <a href=\"https:\/\/gdynia.wordcamp.org\/2023\/after-party-w-gdyni-%f0%9f%8e%89\/\" data-type=\"page\" data-id=\"936\">After Party<\/a>. Rozpoczynamy o godz. 19:00 w klubie <a href=\"https:\/\/www.facebook.com\/pifpafpub\/?locale=pl_PL\" data-type=\"URL\" data-id=\"https:\/\/www.facebook.com\/pifpafpub\/?locale=pl_PL\">PifPaf<\/a> przy 10 lutego 23 w Gdyni.<\/p>\n","protected":false},"excerpt":{"rendered":"<p>Mamy dla was WordCampa na skal\u0119 naszych mo\u017cliwo\u015bci. Patrzcie, m\u00f3wimy, to nasze, przez nas zbudowane. I nie jest to nasze ostatnie s\u0142owo! Rozpoczynamy 29 wrze\u015bnia, wiecz\u00f3r powitalny, przygotowany na miar\u0119 prawdziwej &#8222;\u015bmietanki towarzyskiej&#8221;. Zach\u0119camy do stawiania si\u0119 wg. idei: Ale my mamy co robi\u0107! Dzie\u0144 p\u00f3\u017aniej, 30 wrze\u015bnia, rozpoczynamy konferencj\u0119. Jak to m\u00f3wi\u0142a pani inkasentka [&hellip;]<\/p>\n","protected":false},"author":108511,"featured_media":282,"parent":0,"menu_order":0,"comment_status":"closed","ping_status":"closed","template":"","meta":{"jetpack_post_was_ever_published":false,"footnotes":""},"class_list":["post-7","page","type-page","status-publish","has-post-thumbnail","hentry"],"jetpack_sharing_enabled":true,"_links":{"self":[{"href":"https:\/\/gdynia.wordcamp.org\/2023\/wp-json\/wp\/v2\/pages\/7","targetHints":{"allow":["GET"]}}],"collection":[{"href":"https:\/\/gdynia.wordcamp.org\/2023\/wp-json\/wp\/v2\/pages"}],"about":[{"href":"https:\/\/gdynia.wordcamp.org\/2023\/wp-json\/wp\/v2\/types\/page"}],"author":[{"embeddable":true,"href":"https:\/\/gdynia.wordcamp.org\/2023\/wp-json\/wp\/v2\/users\/108511"}],"replies":[{"embeddable":true,"href":"https:\/\/gdynia.wordcamp.org\/2023\/wp-json\/wp\/v2\/comments?post=7"}],"version-history":[{"count":13,"href":"https:\/\/gdynia.wordcamp.org\/2023\/wp-json\/wp\/v2\/pages\/7\/revisions"}],"predecessor-version":[{"id":1287,"href":"https:\/\/gdynia.wordcamp.org\/2023\/wp-json\/wp\/v2\/pages\/7\/revisions\/1287"}],"wp:featuredmedia":[{"embeddable":true,"href":"https:\/\/gdynia.wordcamp.org\/2023\/wp-json\/wp\/v2\/media\/282"}],"wp:attachment":[{"href":"https:\/\/gdynia.wordcamp.org\/2023\/wp-json\/wp\/v2\/media?parent=7"}],"curies":[{"name":"wp","href":"https:\/\/api.w.org\/{rel}","templated":true}]}}