{"id":936,"date":"2023-08-23T15:10:28","date_gmt":"2023-08-23T13:10:28","guid":{"rendered":"https:\/\/gdynia.wordcamp.org\/2023\/?page_id=936"},"modified":"2023-08-23T15:15:06","modified_gmt":"2023-08-23T13:15:06","slug":"after-party-w-gdyni-%f0%9f%8e%89","status":"publish","type":"page","link":"https:\/\/gdynia.wordcamp.org\/2023\/after-party-w-gdyni-%f0%9f%8e%89\/","title":{"rendered":"AFTER PARTY w Gdyni \ud83c\udf89"},"content":{"rendered":"\n<p><\/p>\n\n\n\n<p>WordCamp Gdynia NextGen 2023 to nie tylko prelekcje i networking &#8211; to tak\u017ce \u015bwietna okazja do integracji w lu\u017anej atmosferze! \ud83e\udd42<\/p>\n\n\n\n<p>Wszyscy uczestnicy WordCamp Gdynia s\u0105 serdecznie zaproszeni na After Party! Spotkajmy si\u0119 w sobot\u0119, o godzinie 20:00, w klubie <strong>PifPaf<\/strong> przy ul. 10 Lutego. \ud83c\udf03<\/p>\n\n\n\n<p>Klub PifPaf, znanym miejsce spotka\u0144 entuzjast\u00f3w WordPressa i nie tylko, zapewni nam doskona\u0142\u0105 atmosfer\u0119 do rozm\u00f3w, \u015bmiechu i dobrego czasu.<\/p>\n\n\n\n<p>Chocia\u017c nie przewidujemy go\u015bciny Zenona, mo\u017cemy obieca\u0107 Wam niesamowite towarzystwo, ciekawe rozmowy i mn\u00f3stwo pozytywnej energii! \ud83c\udf79\ud83c\udf88<\/p>\n\n\n\n<p class=\"has-large-font-size\"><strong>Pami\u0119tajcie, wst\u0119p na imprez\u0119 jest tylko dla uczestnik\u00f3w konferencji, kt\u00f3rzy posiadaj\u0105 identyfikator i kt\u00f3re s\u0105 osobami pe\u0142noletnimi.<\/strong><\/p>\n\n\n\n<p>Czekamy na Was z niecierpliwo\u015bci\u0105! Do zobaczenia w PifPaf! \ud83e\udd73<\/p>\n\n\n\n<p><\/p>\n\n\n\n<p><\/p>\n","protected":false},"excerpt":{"rendered":"<p>WordCamp Gdynia NextGen 2023 to nie tylko prelekcje i networking &#8211; to tak\u017ce \u015bwietna okazja do integracji w lu\u017anej atmosferze! \ud83e\udd42 Wszyscy uczestnicy WordCamp Gdynia s\u0105 serdecznie zaproszeni na After Party! Spotkajmy si\u0119 w sobot\u0119, o godzinie 20:00, w klubie PifPaf przy ul. 10 Lutego. \ud83c\udf03 Klub PifPaf, znanym miejsce spotka\u0144 entuzjast\u00f3w WordPressa i nie [&hellip;]<\/p>\n","protected":false},"author":108511,"featured_media":0,"parent":0,"menu_order":0,"comment_status":"closed","ping_status":"closed","template":"","meta":{"jetpack_post_was_ever_published":false,"footnotes":""},"class_list":["post-936","page","type-page","status-publish","hentry"],"jetpack_sharing_enabled":true,"_links":{"self":[{"href":"https:\/\/gdynia.wordcamp.org\/2023\/wp-json\/wp\/v2\/pages\/936","targetHints":{"allow":["GET"]}}],"collection":[{"href":"https:\/\/gdynia.wordcamp.org\/2023\/wp-json\/wp\/v2\/pages"}],"about":[{"href":"https:\/\/gdynia.wordcamp.org\/2023\/wp-json\/wp\/v2\/types\/page"}],"author":[{"embeddable":true,"href":"https:\/\/gdynia.wordcamp.org\/2023\/wp-json\/wp\/v2\/users\/108511"}],"replies":[{"embeddable":true,"href":"https:\/\/gdynia.wordcamp.org\/2023\/wp-json\/wp\/v2\/comments?post=936"}],"version-history":[{"count":4,"href":"https:\/\/gdynia.wordcamp.org\/2023\/wp-json\/wp\/v2\/pages\/936\/revisions"}],"predecessor-version":[{"id":945,"href":"https:\/\/gdynia.wordcamp.org\/2023\/wp-json\/wp\/v2\/pages\/936\/revisions\/945"}],"wp:attachment":[{"href":"https:\/\/gdynia.wordcamp.org\/2023\/wp-json\/wp\/v2\/media?parent=936"}],"curies":[{"name":"wp","href":"https:\/\/api.w.org\/{rel}","templated":true}]}}