{"id":1494,"date":"2024-06-23T10:59:43","date_gmt":"2024-06-23T08:59:43","guid":{"rendered":"https:\/\/gdynia.wordcamp.org\/2024\/?page_id=1494"},"modified":"2024-09-28T14:50:55","modified_gmt":"2024-09-28T12:50:55","slug":"miejsce","status":"publish","type":"page","link":"https:\/\/gdynia.wordcamp.org\/2024\/miejsce\/","title":{"rendered":"Miejsce wydarzenia"},"content":{"rendered":"\n<p>Jest nam niezmiernie mi\u0142o zaprosi\u0107 Was do uroczej Gdyni na nadchodz\u0105cy WordCamp 2024! Znana ze swojej otwartej atmosfery i pi\u0119knej nadmorskiej lokalizacji, Gdynia jest idealnym miejscem na nasz\u0105 konferencj\u0119 po\u015bwi\u0119con\u0105 WordPressowi.<\/p>\n\n\n\n<p>Chcemy, aby Tw\u00f3j przyjazd na WordCamp Gdynia 2024 by\u0142 nie tylko okazj\u0105 do nauki i nawi\u0105zywania nowych kontakt\u00f3w, ale r\u00f3wnie\u017c do odkrywania tego, co najlepsze w Gdyni. Zach\u0119camy do wcze\u015bniejszego przybycia lub przed\u0142u\u017cenia pobytu, aby na w\u0142asne oczy zobaczy\u0107, dlaczego Gdynia jest tak wyj\u0105tkowa.<\/p>\n\n\n\n<p>Nie mo\u017cemy si\u0119 doczeka\u0107, aby powita\u0107 Ci\u0119 w Gdyni na WordCamp 2024! Przygotuj si\u0119 na niezapomnian\u0105 konferencj\u0119, pe\u0142n\u0105 nauki, inspiracji i networking\u2019u. Do zobaczenia w Gdyni!<\/p>\n\n\n\n<div style=\"height:35px\" aria-hidden=\"true\" class=\"wp-block-spacer\"><\/div>\n\n\n\n<div class=\"wp-block-columns is-layout-flex wp-container-core-columns-is-layout-28f84493 wp-block-columns-is-layout-flex\">\n<div class=\"wp-block-column is-layout-flow wp-block-column-is-layout-flow\" style=\"flex-basis:50%\">\n<figure class=\"wp-block-image has-custom-border\"><img loading=\"lazy\" decoding=\"async\" width=\"1024\" height=\"768\" src=\"https:\/\/gdynia.wordcamp.org\/2024\/files\/2024\/05\/image.png\" alt=\"\" class=\"wp-image-874\" style=\"border-radius:16px\" srcset=\"https:\/\/gdynia.wordcamp.org\/2024\/files\/2024\/05\/image.png 1024w, https:\/\/gdynia.wordcamp.org\/2024\/files\/2024\/05\/image-300x225.png 300w, https:\/\/gdynia.wordcamp.org\/2024\/files\/2024\/05\/image-768x576.png 768w, https:\/\/gdynia.wordcamp.org\/2024\/files\/2024\/05\/image-400x300.png 400w\" sizes=\"auto, (max-width: 1024px) 100vw, 1024px\" \/><\/figure>\n<\/div>\n\n\n\n<div class=\"wp-block-column is-layout-flow wp-block-column-is-layout-flow\">\n<div style=\"height:98px\" aria-hidden=\"true\" class=\"wp-block-spacer\"><\/div>\n<\/div>\n\n\n\n<div class=\"wp-block-column is-vertically-aligned-center is-layout-flow wp-block-column-is-layout-flow\" style=\"flex-basis:50%\">\n<div class=\"wp-block-group is-vertical is-layout-flex wp-container-core-group-is-layout-fe9cc265 wp-block-group-is-layout-flex\">\n<h2 class=\"wp-block-heading has-base-color has-text-color has-link-color wp-elements-bbb1ead90d816a500008dfeb3a1abf36\">Miejsce Konferencji<\/h2>\n\n\n\n<div style=\"height:28px\" aria-hidden=\"true\" class=\"wp-block-spacer wp-container-content-43ce77df\"><\/div>\n<\/div>\n\n\n\n<div class=\"wp-block-group is-nowrap is-layout-flex wp-container-core-group-is-layout-6c531013 wp-block-group-is-layout-flex\">\n<p>Konferencja <strong>WordCamp Gdynia 2024<\/strong> odb\u0119dzie si\u0119 w presti\u017cowej lokalizacji, jak\u0105 jest <strong>Morski Instytut Rybacki<\/strong>. To wyj\u0105tkowe miejsce, b\u0119d\u0105ce wa\u017cnym punktem na mapie Gdyni, zapewni idealne warunki dla naszych spotka\u0144 i dyskusji.<\/p>\n<\/div>\n\n\n\n<p><\/p>\n\n\n\n<div class=\"wp-block-group is-nowrap is-layout-flex wp-container-core-group-is-layout-6c531013 wp-block-group-is-layout-flex\">\n<p><strong>Lokalizacja:<\/strong> Morski Instytut Rybacki<br><strong>Adres:<\/strong> Hugo Ko\u0142\u0142\u0105taja 1, 81-332 Gdynia<\/p>\n<\/div>\n<\/div>\n<\/div>\n\n\n\n<div style=\"height:75px\" aria-hidden=\"true\" class=\"wp-block-spacer\"><\/div>\n\n\n\n<div class=\"wp-block-columns is-layout-flex wp-container-core-columns-is-layout-28f84493 wp-block-columns-is-layout-flex\">\n<div class=\"wp-block-column is-vertically-aligned-center is-layout-flow wp-block-column-is-layout-flow\" style=\"flex-basis:50%\">\n<div class=\"wp-block-group is-nowrap is-layout-flex wp-container-core-group-is-layout-6c531013 wp-block-group-is-layout-flex\">\n<h2 class=\"wp-block-heading has-base-color has-text-color has-link-color wp-elements-b9bf237e0fb83fa91499e0d6bb587f2c\">Before &amp; Middle Party<\/h2>\n<\/div>\n\n\n\n<div class=\"wp-block-group is-vertical is-layout-flex wp-container-core-group-is-layout-fe9cc265 wp-block-group-is-layout-flex\">\n<div class=\"wp-block-group has-global-padding is-layout-constrained wp-block-group-is-layout-constrained\">\n<div class=\"wp-block-group is-vertical is-layout-flex wp-container-core-group-is-layout-fe9cc265 wp-block-group-is-layout-flex\">\n<div style=\"height:20px;width:0px\" aria-hidden=\"true\" class=\"wp-block-spacer wp-container-content-62aae154\"><\/div>\n<\/div>\n\n\n\n<p><strong>Bifor Party <\/strong>\u2013 spotykamy si\u0119 w pi\u0105tek o godz. 19:00, aby rozpocz\u0105\u0107 WordCamp na luzie i w przyjaznej atmosferze. To doskona\u0142a okazja, by pozna\u0107 innych uczestnik\u00f3w przed rozpocz\u0119ciem konferencji i nawi\u0105za\u0107 pierwsze kontakty.<\/p>\n\n\n\n<p><br><strong>Middle Party<\/strong> \u2013 w sobot\u0119 o godz. 19:00 spotkamy si\u0119 ponownie, aby po pe\u0142nym dniu wra\u017ce\u0144 odpocz\u0105\u0107, porozmawia\u0107 i kontynuowa\u0107 wymian\u0119 pomys\u0142\u00f3w w swobodnym otoczeniu.<\/p>\n\n\n\n<p><\/p>\n<\/div>\n<\/div>\n\n\n\n<div class=\"wp-block-group is-nowrap is-layout-flex wp-container-core-group-is-layout-6c531013 wp-block-group-is-layout-flex\">\n<p><strong>Lokalizacja:<\/strong> PIF PAF<br><strong>Adres:<\/strong> 10 Lutego 23\/5, 81-364 Gdynia.<\/p>\n<\/div>\n<\/div>\n\n\n\n<div class=\"wp-block-column is-vertically-aligned-center is-layout-flow wp-block-column-is-layout-flow\" style=\"flex-basis:50%\">\n<figure class=\"wp-block-image has-custom-border\"><img loading=\"lazy\" decoding=\"async\" width=\"1024\" height=\"683\" src=\"https:\/\/gdynia.wordcamp.org\/2024\/files\/2024\/06\/czym-jest-wordcamp-3-1024x683.jpg\" alt=\"\" class=\"wp-image-1489\" style=\"border-radius:16px\" srcset=\"https:\/\/gdynia.wordcamp.org\/2024\/files\/2024\/06\/czym-jest-wordcamp-3-1024x683.jpg 1024w, https:\/\/gdynia.wordcamp.org\/2024\/files\/2024\/06\/czym-jest-wordcamp-3-300x200.jpg 300w, https:\/\/gdynia.wordcamp.org\/2024\/files\/2024\/06\/czym-jest-wordcamp-3-768x512.jpg 768w, https:\/\/gdynia.wordcamp.org\/2024\/files\/2024\/06\/czym-jest-wordcamp-3-450x300.jpg 450w, https:\/\/gdynia.wordcamp.org\/2024\/files\/2024\/06\/czym-jest-wordcamp-3.jpg 1286w\" sizes=\"auto, (max-width: 1024px) 100vw, 1024px\" \/><\/figure>\n<\/div>\n<\/div>\n\n\n\n<div style=\"height:35px\" aria-hidden=\"true\" class=\"wp-block-spacer\"><\/div>\n\n\n\n<h3 class=\"wp-block-heading has-base-color has-text-color has-link-color wp-elements-1e8dc31ba11bfd334931f16e45009e7c\">Atrakcja towarzysz\u0105ca <\/h3>\n\n\n\n<p>Dla os\u00f3b zdeklarowanych w ankiecie rejestracyjnej, sobotnia rozgrywka <strong>Laser Tag<\/strong> o <strong>19:00<\/strong> to \u015bwietna okazja, aby po dniu pe\u0142nym nauki w \u015bwiecie WordPressa roz\u0142adowa\u0107 emocje w dynamicznej i taktycznej grze.<\/p>\n\n\n\n<p><strong>Laser Tag<\/strong>, podobnie jak development, wymaga strategii, szybkiego my\u015blenia i pracy zespo\u0142owej \u2013 idealna odskocznia dla os\u00f3b z bran\u017cy IT. Zmierz si\u0119 z innymi uczestnikami i wykorzystaj swoje umiej\u0119tno\u015bci analityczne w nietypowym kontek\u015bcie. B\u0119dzie emocjonuj\u0105co i pe\u0142no zabawy!<\/p>\n\n\n\n<div class=\"wp-block-group is-nowrap is-layout-flex wp-container-core-group-is-layout-6c531013 wp-block-group-is-layout-flex\">\n<p><strong>Lokalizacja:<\/strong> Poligon Gdynia <br><strong>Adres:<\/strong> ul. Plac Konstytucji 2, 81-320 Gdynia<\/p>\n<\/div>\n\n\n\n<div class=\"wp-block-media-text has-media-on-the-right is-stacked-on-mobile\" style=\"grid-template-columns:auto 55%\"><div class=\"wp-block-media-text__content\">\n<div class=\"wp-block-group is-nowrap is-layout-flex wp-container-core-group-is-layout-6c531013 wp-block-group-is-layout-flex\">\n<h2 class=\"wp-block-heading\">Sponsor Middle Party<\/h2>\n<\/div>\n<\/div><figure class=\"wp-block-media-text__media\"><img loading=\"lazy\" decoding=\"async\" width=\"1000\" height=\"229\" src=\"https:\/\/gdynia.wordcamp.org\/2024\/files\/2024\/08\/botguard.png\" alt=\"\" class=\"wp-image-1806 size-full\" srcset=\"https:\/\/gdynia.wordcamp.org\/2024\/files\/2024\/08\/botguard.png 1000w, https:\/\/gdynia.wordcamp.org\/2024\/files\/2024\/08\/botguard-300x69.png 300w, https:\/\/gdynia.wordcamp.org\/2024\/files\/2024\/08\/botguard-768x176.png 768w, https:\/\/gdynia.wordcamp.org\/2024\/files\/2024\/08\/botguard-500x115.png 500w\" sizes=\"auto, (max-width: 1000px) 100vw, 1000px\" \/><\/figure><\/div>\n\n\n\n<p><\/p>\n","protected":false},"excerpt":{"rendered":"<p>Jest nam niezmiernie mi\u0142o zaprosi\u0107 Was do uroczej Gdyni na nadchodz\u0105cy WordCamp 2024! Znana ze swojej otwartej atmosfery i pi\u0119knej nadmorskiej lokalizacji, Gdynia jest idealnym miejscem na nasz\u0105 konferencj\u0119 po\u015bwi\u0119con\u0105 WordPressowi. Chcemy, aby Tw\u00f3j przyjazd na WordCamp Gdynia 2024 by\u0142 nie tylko okazj\u0105 do nauki i nawi\u0105zywania nowych kontakt\u00f3w, ale r\u00f3wnie\u017c do odkrywania tego, co [&hellip;]<\/p>\n","protected":false},"author":14635472,"featured_media":0,"parent":0,"menu_order":0,"comment_status":"closed","ping_status":"closed","template":"","meta":{"jetpack_post_was_ever_published":false,"footnotes":""},"class_list":["post-1494","page","type-page","status-publish","hentry"],"jetpack_sharing_enabled":true,"_links":{"self":[{"href":"https:\/\/gdynia.wordcamp.org\/2024\/wp-json\/wp\/v2\/pages\/1494","targetHints":{"allow":["GET"]}}],"collection":[{"href":"https:\/\/gdynia.wordcamp.org\/2024\/wp-json\/wp\/v2\/pages"}],"about":[{"href":"https:\/\/gdynia.wordcamp.org\/2024\/wp-json\/wp\/v2\/types\/page"}],"author":[{"embeddable":true,"href":"https:\/\/gdynia.wordcamp.org\/2024\/wp-json\/wp\/v2\/users\/14635472"}],"replies":[{"embeddable":true,"href":"https:\/\/gdynia.wordcamp.org\/2024\/wp-json\/wp\/v2\/comments?post=1494"}],"version-history":[{"count":9,"href":"https:\/\/gdynia.wordcamp.org\/2024\/wp-json\/wp\/v2\/pages\/1494\/revisions"}],"predecessor-version":[{"id":2576,"href":"https:\/\/gdynia.wordcamp.org\/2024\/wp-json\/wp\/v2\/pages\/1494\/revisions\/2576"}],"wp:attachment":[{"href":"https:\/\/gdynia.wordcamp.org\/2024\/wp-json\/wp\/v2\/media?parent=1494"}],"curies":[{"name":"wp","href":"https:\/\/api.w.org\/{rel}","templated":true}]}}