{"id":1861,"date":"2024-08-23T09:16:16","date_gmt":"2024-08-23T07:16:16","guid":{"rendered":"https:\/\/gdynia.wordcamp.org\/2024\/?page_id=1861"},"modified":"2024-08-27T10:38:34","modified_gmt":"2024-08-27T08:38:34","slug":"noclegi","status":"publish","type":"page","link":"https:\/\/gdynia.wordcamp.org\/2024\/noclegi\/","title":{"rendered":"Noclegi"},"content":{"rendered":"\n<h2 class=\"wp-block-heading\">Zaplanuj sw\u00f3j pobyt w Gdyni podczas konferencji WordCamp! <\/h2>\n\n\n\n<p>Dla uczestnik\u00f3w konferencji przygotowali\u015bmy specjalne oferty w hotelach partnerskich, zlokalizowanych w pobli\u017cu miejsca wydarzenia. Nasi partnerzy zaoferowali atrakcyjne zni\u017cki na pobyt w ten wyj\u0105tkowy pa\u017adziernikowy weekend. To doskona\u0142a okazja, aby nie tylko zainspirowa\u0107 si\u0119 najnowszymi trendami w WordPressie, ale r\u00f3wnie\u017c do\u015bwiadczy\u0107 jesiennego uroku nadmorskiej Gdyni.<\/p>\n\n\n\n<p><strong>Odkryj uroki Gdyni<\/strong><br>Sp\u0119d\u017a czas w Gdyni, korzystaj\u0105c z unikalnej atmosfery miasta w okresie jesieni. Miejscowo\u015b\u0107 ta oferuje nie tylko pi\u0119kne nadmorskie krajobrazy, ale te\u017c bogate \u017cycie kulturalne i gastronomiczne. Zwied\u017a lokalne atrakcje, takie jak Skwer Ko\u015bciuszki czy molo w Or\u0142owie, kt\u00f3re dodatkowo uprzyjemni\u0105 Tw\u00f3j pobyt podczas spotkania WordCamp.<\/p>\n\n\n\n<p><strong>Proces rezerwacji<\/strong><br>Aby skorzysta\u0107 ze specjalnej zni\u017cki, wystarczy wybra\u0107 odpowiadaj\u0105cy Ci hotel z listy poni\u017cej i dokona\u0107 rezerwacji bezpo\u015brednio u naszego partnerta. W trakcie rezerwacji nie zapomnij u\u017cy\u0107 kodu promocyjnego, aby obni\u017cy\u0107 cen\u0119 zakwaterowania.<\/p>\n\n\n\n<p><strong>Zach\u0119camy do wczesnej rezerwacji<\/strong><br>Dokonaj rezerwacji jak najwcze\u015bniej, aby skorzysta\u0107 z najlepszych dost\u0119pnych stawek i zagwarantowa\u0107 sobie miejsce w dogodnej lokalizacji blisko wydarzenia.<\/p>\n\n\n\n<p>Czekamy na Ciebie w Gdyni \u2013 zapewnij sobie wygod\u0119 i oszcz\u0119dno\u015b\u0107, rezerwuj\u0105c nocleg ze specjalnym rabatem dla uczestnik\u00f3w WordCamp!<\/p>\n\n\n\n<h3 class=\"wp-block-heading\"><\/h3>\n\n\n\n<div style=\"height:60px\" aria-hidden=\"true\" class=\"wp-block-spacer\"><\/div>\n\n\n\n<h3 class=\"wp-block-heading\">Oferty z rabatami:<\/h3>\n\n\n\n<div class=\"wp-block-group has-global-padding is-layout-constrained wp-block-group-is-layout-constrained\">\n<h4 class=\"wp-block-heading\">My Story Gdynia Hotel<\/h4>\n\n\n\n<div class=\"wp-block-columns is-layout-flex wp-container-core-columns-is-layout-658170e2 wp-block-columns-is-layout-flex\">\n<div class=\"wp-block-column is-layout-flow wp-block-column-is-layout-flow\" style=\"flex-basis:30%\">\n<figure class=\"wp-block-image size-full\"><img loading=\"lazy\" decoding=\"async\" width=\"554\" height=\"335\" src=\"https:\/\/gdynia.wordcamp.org\/2024\/files\/2024\/08\/my-story-hotel.png\" alt=\"\" class=\"wp-image-1863\" srcset=\"https:\/\/gdynia.wordcamp.org\/2024\/files\/2024\/08\/my-story-hotel.png 554w, https:\/\/gdynia.wordcamp.org\/2024\/files\/2024\/08\/my-story-hotel-300x181.png 300w, https:\/\/gdynia.wordcamp.org\/2024\/files\/2024\/08\/my-story-hotel-496x300.png 496w\" sizes=\"auto, (max-width: 554px) 100vw, 554px\" \/><\/figure>\n<\/div>\n\n\n\n<div class=\"wp-block-column is-layout-flow wp-block-column-is-layout-flow\" style=\"flex-basis:100%\">\n<p>Specjalnie dla uczestnik\u00f3w wydarzenia rabat -10% przy rezerwacjach na has\u0142o:&nbsp;<strong>wordcamp<\/strong><br>Rezerwacji ze zni\u017ck\u0105 mo\u017cna dokonywa\u0107 telefonicznie oraz mailowo.<br>Kod promocyjny <strong>wordcamp<\/strong> jest aktywny tak\u017ce na stronie internetowej hotelu \u2013 &nbsp;mo\u017cna dokona\u0107 rezerwacji samodzielnie przy jego u\u017cyciu<\/p>\n\n\n\n<p>Aleja Zwyci\u0119stwa 14<br>81-402 Gdynia<br>tel: +48 58 58 28 000<br>tel: +48 732 901 900<br>email: recepcja@mystorygdynia.pl<br><a href=\"https:\/\/www.mystorygdynia.pl\/\">https:\/\/www.mystorygdynia.pl\/<\/a><\/p>\n\n\n\n<p>Zni\u017cka obowi\u0105zuje w dniach 04.10.2024 &#8211; 06.10.2024<\/p>\n<\/div>\n<\/div>\n<\/div>\n\n\n\n<hr class=\"wp-block-separator has-alpha-channel-opacity\" style=\"margin-top:var(--wp--preset--spacing--40);margin-bottom:var(--wp--preset--spacing--40)\" \/>\n\n\n\n<div class=\"wp-block-group has-global-padding is-layout-constrained wp-block-group-is-layout-constrained\">\n<h4 class=\"wp-block-heading\">HOLA GDYNIA<\/h4>\n\n\n\n<div class=\"wp-block-columns is-layout-flex wp-container-core-columns-is-layout-658170e2 wp-block-columns-is-layout-flex\">\n<div class=\"wp-block-column is-layout-flow wp-block-column-is-layout-flow\" style=\"flex-basis:30%\">\n<figure class=\"wp-block-image size-full\"><img loading=\"lazy\" decoding=\"async\" width=\"400\" height=\"134\" src=\"https:\/\/gdynia.wordcamp.org\/2024\/files\/2024\/08\/hola-hotel.png\" alt=\"\" class=\"wp-image-1865\" srcset=\"https:\/\/gdynia.wordcamp.org\/2024\/files\/2024\/08\/hola-hotel.png 400w, https:\/\/gdynia.wordcamp.org\/2024\/files\/2024\/08\/hola-hotel-300x101.png 300w\" sizes=\"auto, (max-width: 400px) 100vw, 400px\" \/><\/figure>\n<\/div>\n\n\n\n<div class=\"wp-block-column is-layout-flow wp-block-column-is-layout-flow\" style=\"flex-basis:100%\">\n<p>Specjalnie dla uczestnik\u00f3w wydarzenia rabat -10% przy rezerwacjach na has\u0142o:&nbsp;<strong>wordcamp<\/strong><br>Rezerwacji dla u\u017cycia zni\u017cki mo\u017cna dokonywa\u0107 telefonicznie oraz mailowo.<br>Kod promocyjny <strong>wordcamp<\/strong> jest aktywny tak\u017ce na stronie internetowej hotelu \u2013 &nbsp;mo\u017cna dokona\u0107 rezerwacji samodzielnie przy jego u\u017cyciu<\/p>\n\n\n\n<p>Starowiejska 1<br>81-356 Gdynia<br>tel: +48 58 573 12 05<br>email: booking@hola.gdynia.pl<br><a href=\"https:\/\/hola.gdynia.pl\/\">https:\/\/hola.gdynia.pl\/<\/a><\/p>\n\n\n\n<p>Zni\u017cka obowi\u0105zuje w dniach 04.10.2024 &#8211; 06.10.2024<\/p>\n<\/div>\n<\/div>\n<\/div>\n\n\n\n<hr class=\"wp-block-separator has-alpha-channel-opacity\" style=\"margin-top:var(--wp--preset--spacing--40);margin-bottom:var(--wp--preset--spacing--40)\" \/>\n\n\n\n<div class=\"wp-block-group has-global-padding is-layout-constrained wp-block-group-is-layout-constrained\">\n<h4 class=\"wp-block-heading\">Hotel Antares<\/h4>\n\n\n\n<div class=\"wp-block-columns is-layout-flex wp-container-core-columns-is-layout-658170e2 wp-block-columns-is-layout-flex\">\n<div class=\"wp-block-column is-layout-flow wp-block-column-is-layout-flow\" style=\"flex-basis:30%\">\n<figure class=\"wp-block-image size-full\"><img loading=\"lazy\" decoding=\"async\" width=\"1289\" height=\"1193\" src=\"https:\/\/gdynia.wordcamp.org\/2024\/files\/2024\/08\/antares-hotel.png\" alt=\"\" class=\"wp-image-1876\" srcset=\"https:\/\/gdynia.wordcamp.org\/2024\/files\/2024\/08\/antares-hotel.png 1289w, https:\/\/gdynia.wordcamp.org\/2024\/files\/2024\/08\/antares-hotel-300x278.png 300w, https:\/\/gdynia.wordcamp.org\/2024\/files\/2024\/08\/antares-hotel-1024x948.png 1024w, https:\/\/gdynia.wordcamp.org\/2024\/files\/2024\/08\/antares-hotel-768x711.png 768w, https:\/\/gdynia.wordcamp.org\/2024\/files\/2024\/08\/antares-hotel-324x300.png 324w\" sizes=\"auto, (max-width: 1289px) 100vw, 1289px\" \/><\/figure>\n<\/div>\n\n\n\n<div class=\"wp-block-column is-layout-flow wp-block-column-is-layout-flow\" style=\"flex-basis:100%\">\n<p>Specjalnie dla uczestnik\u00f3w wydarzenia rabat -10% przy rezerwacjach na has\u0142o:&nbsp;<strong>wordcamp<\/strong><br>Rezerwacji dla u\u017cycia zni\u017cki mo\u017cna dokonywa\u0107 telefonicznie oraz mailowo.<br>Kod promocyjny <strong>WordCamp<\/strong> jest aktywny tak\u017ce na stronie internetowej hotelu \u2013 &nbsp;mo\u017cna dokona\u0107 rezerwacji samodzielnie przy jego u\u017cyciu<\/p>\n\n\n\n<p>Komandorska 59<br>81-232 Gdynia<br>tel: +48 58 623 36 39<br>tel: +48 697 076 606<br>email: info@hotelantares.pl<br><a href=\"https:\/\/hotelantares.pl\/\">https:\/\/hotelantares.pl\/<\/a><\/p>\n\n\n\n<p>Zni\u017cka obowi\u0105zuje w dniach 04.10.2024 &#8211; 06.10.2024<\/p>\n<\/div>\n<\/div>\n<\/div>\n\n\n\n<p><\/p>\n","protected":false},"excerpt":{"rendered":"<p>Zaplanuj sw\u00f3j pobyt w Gdyni podczas konferencji WordCamp! Dla uczestnik\u00f3w konferencji przygotowali\u015bmy specjalne oferty w hotelach partnerskich, zlokalizowanych w pobli\u017cu miejsca wydarzenia. Nasi partnerzy zaoferowali atrakcyjne zni\u017cki na pobyt w ten wyj\u0105tkowy pa\u017adziernikowy weekend. To doskona\u0142a okazja, aby nie tylko zainspirowa\u0107 si\u0119 najnowszymi trendami w WordPressie, ale r\u00f3wnie\u017c do\u015bwiadczy\u0107 jesiennego uroku nadmorskiej Gdyni. Odkryj uroki [&hellip;]<\/p>\n","protected":false},"author":14635472,"featured_media":0,"parent":0,"menu_order":0,"comment_status":"closed","ping_status":"closed","template":"","meta":{"jetpack_post_was_ever_published":false,"footnotes":""},"class_list":["post-1861","page","type-page","status-publish","hentry"],"jetpack_sharing_enabled":true,"_links":{"self":[{"href":"https:\/\/gdynia.wordcamp.org\/2024\/wp-json\/wp\/v2\/pages\/1861","targetHints":{"allow":["GET"]}}],"collection":[{"href":"https:\/\/gdynia.wordcamp.org\/2024\/wp-json\/wp\/v2\/pages"}],"about":[{"href":"https:\/\/gdynia.wordcamp.org\/2024\/wp-json\/wp\/v2\/types\/page"}],"author":[{"embeddable":true,"href":"https:\/\/gdynia.wordcamp.org\/2024\/wp-json\/wp\/v2\/users\/14635472"}],"replies":[{"embeddable":true,"href":"https:\/\/gdynia.wordcamp.org\/2024\/wp-json\/wp\/v2\/comments?post=1861"}],"version-history":[{"count":13,"href":"https:\/\/gdynia.wordcamp.org\/2024\/wp-json\/wp\/v2\/pages\/1861\/revisions"}],"predecessor-version":[{"id":1890,"href":"https:\/\/gdynia.wordcamp.org\/2024\/wp-json\/wp\/v2\/pages\/1861\/revisions\/1890"}],"wp:attachment":[{"href":"https:\/\/gdynia.wordcamp.org\/2024\/wp-json\/wp\/v2\/media?parent=1861"}],"curies":[{"name":"wp","href":"https:\/\/api.w.org\/{rel}","templated":true}]}}