{"id":745,"date":"2024-05-09T22:26:37","date_gmt":"2024-05-09T20:26:37","guid":{"rendered":"https:\/\/gdynia.wordcamp.org\/2024\/?page_id=745"},"modified":"2024-05-29T18:21:02","modified_gmt":"2024-05-29T16:21:02","slug":"oferta-sponsorska","status":"publish","type":"page","link":"https:\/\/gdynia.wordcamp.org\/2024\/sponsorzy\/oferta-sponsorska\/","title":{"rendered":"Oferta sponsorska"},"content":{"rendered":"\n<p>Sam zadecyduj jak mocno zaanga\u017cujesz si\u0119 w WordCamp Gdynia. Nasze pakiety sponsorskie obejmuj\u0105 r\u00f3\u017cne warianty promocji Twojej firmy.&nbsp;<\/p>\n\n\n\n<p>Zosta\u0144 cz\u0119\u015bci\u0105 jednego z najwa\u017cniejszych wydarze\u0144 w \u015bwiecie WordPress w Polsce!&nbsp;<\/p>\n\n\n\n<p><strong>Wybierz jeden z naszych pakiet\u00f3w sponsorskich i zyskaj wyj\u0105tkow\u0105 okazj\u0119 do promowania swojej firmy w\u015br\u00f3d setek entuzjast\u00f3w WordPressa.<\/strong><\/p>\n\n\n\n<p>Oferta sponsorska dost\u0119pna jest w dw\u00f3ch wersjach j\u0119zykowych:<\/p>\n\n\n\n<ul class=\"wp-block-list\">\n<li>w j\u0119zyku polskim pod adresem <a href=\"https:\/\/gdynia.wordcamp.org\/2024\/files\/2024\/05\/oferta_sponsorska.pdf\" target=\"_blank\" rel=\"noreferrer noopener\">https:\/\/gdynia.wordcamp.org\/2024\/files\/2024\/05\/oferta_sponsorska.pdf<\/a><\/li>\n\n\n\n<li>w j\u0119zyku angielskim pod adresem <a href=\"https:\/\/gdynia.wordcamp.org\/2024\/files\/2024\/05\/sponsorship_offer.pdf\" target=\"_blank\" rel=\"noreferrer noopener\">https:\/\/gdynia.wordcamp.org\/2024\/files\/2024\/05\/sponsorship_offer.pdf<\/a><\/li>\n<\/ul>\n\n\n\n<hr class=\"wp-block-separator has-alpha-channel-opacity\" style=\"margin-top:var(--wp--preset--spacing--30);margin-bottom:var(--wp--preset--spacing--30)\" \/>\n\n\n\n<div class=\"wp-block-group has-global-padding is-layout-constrained wp-block-group-is-layout-constrained\">\n<figure class=\"wp-block-image aligncenter size-full is-resized\"><img loading=\"lazy\" decoding=\"async\" width=\"775\" height=\"292\" src=\"https:\/\/gdynia.wordcamp.org\/2024\/files\/2024\/05\/fundacja-www.jpg\" alt=\"\" class=\"wp-image-963\" style=\"width:446px;height:auto\" srcset=\"https:\/\/gdynia.wordcamp.org\/2024\/files\/2024\/05\/fundacja-www.jpg 775w, https:\/\/gdynia.wordcamp.org\/2024\/files\/2024\/05\/fundacja-www-300x113.jpg 300w, https:\/\/gdynia.wordcamp.org\/2024\/files\/2024\/05\/fundacja-www-768x289.jpg 768w, https:\/\/gdynia.wordcamp.org\/2024\/files\/2024\/05\/fundacja-www-500x188.jpg 500w\" sizes=\"auto, (max-width: 775px) 100vw, 775px\" \/><\/figure>\n\n\n\n<div style=\"height:var(--wp--preset--spacing--10)\" aria-hidden=\"true\" class=\"wp-block-spacer\"><\/div>\n\n\n\n<p>Podobnie jak w zesz\u0142ym roku, sprawy finansowe przeprowadzamy poprzez <a href=\"https:\/\/fundacjawww.pl\/\" target=\"_blank\" rel=\"noreferrer noopener\">Fundacj\u0119 WWW<\/a>. Prosimy o wp\u0142at\u0119 kwoty w postaci darowizny zgodnie z kwot\u0105 wybranego pakietu sponsorskiego na dane zawarte w za\u0142\u0105cznikach. Kwot\u0119 mo\u017cna rozliczy\u0107 jako koszt.<\/p>\n\n\n\n<ul class=\"wp-block-list\">\n<li><a href=\"https:\/\/gdynia.wordcamp.org\/2024\/files\/2024\/05\/Fundacja-WWW-darowizna.pdf\" target=\"_blank\" rel=\"noreferrer noopener\">Informacje na temat darowizny<\/a><\/li>\n\n\n\n<li><a href=\"https:\/\/gdynia.wordcamp.org\/2024\/files\/2024\/05\/statut-fundacji-www.pdf\" target=\"_blank\" rel=\"noreferrer noopener\">Statut fundacji WWW<\/a><\/li>\n<\/ul>\n\n\n\n<p>W razie pyta\u0144 pozostajemy do dyspozycji pod adresem e-mail <a href=\"mailto:gdynia@wordcamp.org\">gdynia@wordcamp.org<\/a>.<\/p>\n<\/div>\n","protected":false},"excerpt":{"rendered":"<p>Sam zadecyduj jak mocno zaanga\u017cujesz si\u0119 w WordCamp Gdynia. Nasze pakiety sponsorskie obejmuj\u0105 r\u00f3\u017cne warianty promocji Twojej firmy.&nbsp; Zosta\u0144 cz\u0119\u015bci\u0105 jednego z najwa\u017cniejszych wydarze\u0144 w \u015bwiecie WordPress w Polsce!&nbsp; Wybierz jeden z naszych pakiet\u00f3w sponsorskich i zyskaj wyj\u0105tkow\u0105 okazj\u0119 do promowania swojej firmy w\u015br\u00f3d setek entuzjast\u00f3w WordPressa. Oferta sponsorska dost\u0119pna jest w dw\u00f3ch wersjach j\u0119zykowych:<\/p>\n","protected":false},"author":14635472,"featured_media":0,"parent":10,"menu_order":1,"comment_status":"closed","ping_status":"closed","template":"","meta":{"jetpack_post_was_ever_published":true,"footnotes":""},"class_list":["post-745","page","type-page","status-publish","hentry"],"jetpack_sharing_enabled":true,"_links":{"self":[{"href":"https:\/\/gdynia.wordcamp.org\/2024\/wp-json\/wp\/v2\/pages\/745","targetHints":{"allow":["GET"]}}],"collection":[{"href":"https:\/\/gdynia.wordcamp.org\/2024\/wp-json\/wp\/v2\/pages"}],"about":[{"href":"https:\/\/gdynia.wordcamp.org\/2024\/wp-json\/wp\/v2\/types\/page"}],"author":[{"embeddable":true,"href":"https:\/\/gdynia.wordcamp.org\/2024\/wp-json\/wp\/v2\/users\/14635472"}],"replies":[{"embeddable":true,"href":"https:\/\/gdynia.wordcamp.org\/2024\/wp-json\/wp\/v2\/comments?post=745"}],"version-history":[{"count":5,"href":"https:\/\/gdynia.wordcamp.org\/2024\/wp-json\/wp\/v2\/pages\/745\/revisions"}],"predecessor-version":[{"id":965,"href":"https:\/\/gdynia.wordcamp.org\/2024\/wp-json\/wp\/v2\/pages\/745\/revisions\/965"}],"up":[{"embeddable":true,"href":"https:\/\/gdynia.wordcamp.org\/2024\/wp-json\/wp\/v2\/pages\/10"}],"wp:attachment":[{"href":"https:\/\/gdynia.wordcamp.org\/2024\/wp-json\/wp\/v2\/media?parent=745"}],"curies":[{"name":"wp","href":"https:\/\/api.w.org\/{rel}","templated":true}]}}