{"id":8,"date":"2024-03-20T00:28:19","date_gmt":"2024-03-19T23:28:19","guid":{"rendered":"https:\/\/gdynia.wordcamp.org\/2024\/speakers\/"},"modified":"2024-07-24T19:17:29","modified_gmt":"2024-07-24T17:17:29","slug":"prelegenci","status":"publish","type":"page","link":"https:\/\/gdynia.wordcamp.org\/2024\/prelegenci\/","title":{"rendered":"Prelegenci"},"content":{"rendered":"\n<div class=\"wp-block-query alignwide has-global-padding is-layout-constrained wp-block-query-is-layout-constrained\"><ul class=\"columns-3 alignwide wp-block-post-template is-layout-grid wp-container-core-post-template-is-layout-57331a42 wp-block-post-template-is-layout-grid\"><li class=\"wp-block-post post-1715 wcb_speaker type-wcb_speaker status-publish has-post-thumbnail hentry\">\n\n<div class=\"wp-block-group has-global-padding is-layout-constrained wp-block-group-is-layout-constrained\"><figure style=\"width:128px;height:128px;\" class=\"aligncenter is-style-rounded wp-block-wordcamp-avatar\"><a href=\"https:\/\/gdynia.wordcamp.org\/2024\/speaker\/adam-zielinski\/\"><img loading=\"lazy\" decoding=\"async\" width=\"128\" height=\"128\" src=\"https:\/\/gdynia.wordcamp.org\/2024\/files\/2024\/07\/adam-zielinski-150x150.png\" class=\"attachment-128x128 size-128x128 wp-post-image\" alt=\"Adam Zieli\u0144ski\" srcset=\"https:\/\/gdynia.wordcamp.org\/2024\/files\/2024\/07\/adam-zielinski-150x150.png 150w, https:\/\/gdynia.wordcamp.org\/2024\/files\/2024\/07\/adam-zielinski-300x300.png 300w, https:\/\/gdynia.wordcamp.org\/2024\/files\/2024\/07\/adam-zielinski.png 512w\" sizes=\"auto, (max-width: 128px) 100vw, 128px\" \/><\/a><\/figure><\/div>\n\n\n<h2 style=\"margin-top:var(--wp--preset--spacing--10);margin-bottom:var(--wp--preset--spacing--10);\" class=\"has-text-align-center wp-block-post-title has-large-font-size\"><a href=\"https:\/\/gdynia.wordcamp.org\/2024\/speaker\/adam-zielinski\/\" target=\"_self\" >Adam Zieli\u0144ski<\/a><\/h2>\n<\/li><li class=\"wp-block-post post-2014 wcb_speaker type-wcb_speaker status-publish has-post-thumbnail hentry\">\n\n<div class=\"wp-block-group has-global-padding is-layout-constrained wp-block-group-is-layout-constrained\"><figure style=\"width:128px;height:128px;\" class=\"aligncenter is-style-rounded wp-block-wordcamp-avatar\"><a href=\"https:\/\/gdynia.wordcamp.org\/2024\/speaker\/adrian-pakulski\/\"><img loading=\"lazy\" decoding=\"async\" width=\"128\" height=\"128\" src=\"https:\/\/gdynia.wordcamp.org\/2024\/files\/2024\/09\/adrian-pakulski-150x150.webp\" class=\"attachment-128x128 size-128x128 wp-post-image\" alt=\"Adrian Pakulski\" \/><\/a><\/figure><\/div>\n\n\n<h2 style=\"margin-top:var(--wp--preset--spacing--10);margin-bottom:var(--wp--preset--spacing--10);\" class=\"has-text-align-center wp-block-post-title has-large-font-size\"><a href=\"https:\/\/gdynia.wordcamp.org\/2024\/speaker\/adrian-pakulski\/\" target=\"_self\" >Adrian Pakulski<\/a><\/h2>\n<\/li><li class=\"wp-block-post post-2006 wcb_speaker type-wcb_speaker status-publish hentry\">\n\n<div class=\"wp-block-group has-global-padding is-layout-constrained wp-block-group-is-layout-constrained\"><figure style=\"width:128px;height:128px;\" class=\"aligncenter is-style-rounded wp-block-wordcamp-avatar\"><a href=\"https:\/\/gdynia.wordcamp.org\/2024\/speaker\/arkadiusz-steplowski\/\"><img decoding=\"async\" src=\"https:\/\/secure.gravatar.com\/avatar\/936854a95cbb194f1beb45f702f5de00ff32e20b8356a12370cb86f9b27b5a57?s=128&amp;d=mm&amp;r=g\" alt=\"Arkadiusz St\u0119plowski\" \/><\/a><\/figure><\/div>\n\n\n<h2 style=\"margin-top:var(--wp--preset--spacing--10);margin-bottom:var(--wp--preset--spacing--10);\" class=\"has-text-align-center wp-block-post-title has-large-font-size\"><a href=\"https:\/\/gdynia.wordcamp.org\/2024\/speaker\/arkadiusz-steplowski\/\" target=\"_self\" >Arkadiusz St\u0119plowski<\/a><\/h2>\n<\/li><li class=\"wp-block-post post-2595 wcb_speaker type-wcb_speaker status-publish hentry\">\n\n<div class=\"wp-block-group has-global-padding is-layout-constrained wp-block-group-is-layout-constrained\"><figure style=\"width:128px;height:128px;\" class=\"aligncenter is-style-rounded wp-block-wordcamp-avatar\"><a href=\"https:\/\/gdynia.wordcamp.org\/2024\/speaker\/artur-cyganek\/\"><img decoding=\"async\" src=\"https:\/\/secure.gravatar.com\/avatar\/?s=128&amp;d=mm&amp;f=y&amp;r=g\" alt=\"Artur Cyganek\" \/><\/a><\/figure><\/div>\n\n\n<h2 style=\"margin-top:var(--wp--preset--spacing--10);margin-bottom:var(--wp--preset--spacing--10);\" class=\"has-text-align-center wp-block-post-title has-large-font-size\"><a href=\"https:\/\/gdynia.wordcamp.org\/2024\/speaker\/artur-cyganek\/\" target=\"_self\" >Artur Cyganek<\/a><\/h2>\n<\/li><li class=\"wp-block-post post-2036 wcb_speaker type-wcb_speaker status-publish hentry\">\n\n<div class=\"wp-block-group has-global-padding is-layout-constrained wp-block-group-is-layout-constrained\"><figure style=\"width:128px;height:128px;\" class=\"aligncenter is-style-rounded wp-block-wordcamp-avatar\"><a href=\"https:\/\/gdynia.wordcamp.org\/2024\/speaker\/dominik-liss\/\"><img decoding=\"async\" src=\"https:\/\/secure.gravatar.com\/avatar\/b74f42c05282babcb6190702567420611ba0653a1279cb96563e5c81c27f150c?s=128&amp;d=mm&amp;r=g\" alt=\"Dominik Liss\" \/><\/a><\/figure><\/div>\n\n\n<h2 style=\"margin-top:var(--wp--preset--spacing--10);margin-bottom:var(--wp--preset--spacing--10);\" class=\"has-text-align-center wp-block-post-title has-large-font-size\"><a href=\"https:\/\/gdynia.wordcamp.org\/2024\/speaker\/dominik-liss\/\" target=\"_self\" >Dominik Liss<\/a><\/h2>\n<\/li><li class=\"wp-block-post post-2000 wcb_speaker type-wcb_speaker status-publish has-post-thumbnail hentry\">\n\n<div class=\"wp-block-group has-global-padding is-layout-constrained wp-block-group-is-layout-constrained\"><figure style=\"width:128px;height:128px;\" class=\"aligncenter is-style-rounded wp-block-wordcamp-avatar\"><a href=\"https:\/\/gdynia.wordcamp.org\/2024\/speaker\/dorota-helinska-bartoszek\/\"><img loading=\"lazy\" decoding=\"async\" width=\"128\" height=\"128\" src=\"https:\/\/gdynia.wordcamp.org\/2024\/files\/2024\/09\/IMG_4684-1-150x150.jpg\" class=\"attachment-128x128 size-128x128 wp-post-image\" alt=\"Dorota Heli\u0144ska-Bartoszek\" \/><\/a><\/figure><\/div>\n\n\n<h2 style=\"margin-top:var(--wp--preset--spacing--10);margin-bottom:var(--wp--preset--spacing--10);\" class=\"has-text-align-center wp-block-post-title has-large-font-size\"><a href=\"https:\/\/gdynia.wordcamp.org\/2024\/speaker\/dorota-helinska-bartoszek\/\" target=\"_self\" >Dorota Heli\u0144ska-Bartoszek<\/a><\/h2>\n<\/li><li class=\"wp-block-post post-2025 wcb_speaker type-wcb_speaker status-publish has-post-thumbnail hentry\">\n\n<div class=\"wp-block-group has-global-padding is-layout-constrained wp-block-group-is-layout-constrained\"><figure style=\"width:128px;height:128px;\" class=\"aligncenter is-style-rounded wp-block-wordcamp-avatar\"><a href=\"https:\/\/gdynia.wordcamp.org\/2024\/speaker\/filip-sroka\/\"><img loading=\"lazy\" decoding=\"async\" width=\"128\" height=\"128\" src=\"https:\/\/gdynia.wordcamp.org\/2024\/files\/2024\/09\/1701817526332-150x150.jpeg\" class=\"attachment-128x128 size-128x128 wp-post-image\" alt=\"Filip Sroka\" srcset=\"https:\/\/gdynia.wordcamp.org\/2024\/files\/2024\/09\/1701817526332-150x150.jpeg 150w, https:\/\/gdynia.wordcamp.org\/2024\/files\/2024\/09\/1701817526332.jpeg 200w\" sizes=\"auto, (max-width: 128px) 100vw, 128px\" \/><\/a><\/figure><\/div>\n\n\n<h2 style=\"margin-top:var(--wp--preset--spacing--10);margin-bottom:var(--wp--preset--spacing--10);\" class=\"has-text-align-center wp-block-post-title has-large-font-size\"><a href=\"https:\/\/gdynia.wordcamp.org\/2024\/speaker\/filip-sroka\/\" target=\"_self\" >Filip Sroka<\/a><\/h2>\n<\/li><li class=\"wp-block-post post-2019 wcb_speaker type-wcb_speaker status-publish has-post-thumbnail hentry\">\n\n<div class=\"wp-block-group has-global-padding is-layout-constrained wp-block-group-is-layout-constrained\"><figure style=\"width:128px;height:128px;\" class=\"aligncenter is-style-rounded wp-block-wordcamp-avatar\"><a href=\"https:\/\/gdynia.wordcamp.org\/2024\/speaker\/joanna-jelenik\/\"><img loading=\"lazy\" decoding=\"async\" width=\"128\" height=\"128\" src=\"https:\/\/gdynia.wordcamp.org\/2024\/files\/2024\/09\/1709826003009-150x150.jpeg\" class=\"attachment-128x128 size-128x128 wp-post-image\" alt=\"Joanna Jelenik\" srcset=\"https:\/\/gdynia.wordcamp.org\/2024\/files\/2024\/09\/1709826003009-150x150.jpeg 150w, https:\/\/gdynia.wordcamp.org\/2024\/files\/2024\/09\/1709826003009.jpeg 200w\" sizes=\"auto, (max-width: 128px) 100vw, 128px\" \/><\/a><\/figure><\/div>\n\n\n<h2 style=\"margin-top:var(--wp--preset--spacing--10);margin-bottom:var(--wp--preset--spacing--10);\" class=\"has-text-align-center wp-block-post-title has-large-font-size\"><a href=\"https:\/\/gdynia.wordcamp.org\/2024\/speaker\/joanna-jelenik\/\" target=\"_self\" >Joanna Jelenik<\/a><\/h2>\n<\/li><li class=\"wp-block-post post-2174 wcb_speaker type-wcb_speaker status-publish hentry\">\n\n<div class=\"wp-block-group has-global-padding is-layout-constrained wp-block-group-is-layout-constrained\"><figure style=\"width:128px;height:128px;\" class=\"aligncenter is-style-rounded wp-block-wordcamp-avatar\"><a href=\"https:\/\/gdynia.wordcamp.org\/2024\/speaker\/karol-sawka\/\"><img decoding=\"async\" src=\"https:\/\/secure.gravatar.com\/avatar\/75f91e6929d061d29dce6fa7556034027cc457b8e0cc2150bd3328797d77e364?s=128&amp;d=mm&amp;r=g\" alt=\"Karol Sawka\" \/><\/a><\/figure><\/div>\n\n\n<h2 style=\"margin-top:var(--wp--preset--spacing--10);margin-bottom:var(--wp--preset--spacing--10);\" class=\"has-text-align-center wp-block-post-title has-large-font-size\"><a href=\"https:\/\/gdynia.wordcamp.org\/2024\/speaker\/karol-sawka\/\" target=\"_self\" >Karol Sawka<\/a><\/h2>\n<\/li><li class=\"wp-block-post post-1818 wcb_speaker type-wcb_speaker status-publish has-post-thumbnail hentry\">\n\n<div class=\"wp-block-group has-global-padding is-layout-constrained wp-block-group-is-layout-constrained\"><figure style=\"width:128px;height:128px;\" class=\"aligncenter is-style-rounded wp-block-wordcamp-avatar\"><a href=\"https:\/\/gdynia.wordcamp.org\/2024\/speaker\/krzysztof-drozdz\/\"><img loading=\"lazy\" decoding=\"async\" width=\"128\" height=\"128\" src=\"https:\/\/gdynia.wordcamp.org\/2024\/files\/2024\/08\/krzysztof-drozdz-150x150.jpg\" class=\"attachment-128x128 size-128x128 wp-post-image\" alt=\"Krzysztof Dr\u00f3\u017cd\u017c\" srcset=\"https:\/\/gdynia.wordcamp.org\/2024\/files\/2024\/08\/krzysztof-drozdz-150x150.jpg 150w, https:\/\/gdynia.wordcamp.org\/2024\/files\/2024\/08\/krzysztof-drozdz-300x300.jpg 300w, https:\/\/gdynia.wordcamp.org\/2024\/files\/2024\/08\/krzysztof-drozdz-1024x1024.jpg 1024w, https:\/\/gdynia.wordcamp.org\/2024\/files\/2024\/08\/krzysztof-drozdz-768x768.jpg 768w, https:\/\/gdynia.wordcamp.org\/2024\/files\/2024\/08\/krzysztof-drozdz-1536x1536.jpg 1536w, https:\/\/gdynia.wordcamp.org\/2024\/files\/2024\/08\/krzysztof-drozdz.jpg 1565w\" sizes=\"auto, (max-width: 128px) 100vw, 128px\" \/><\/a><\/figure><\/div>\n\n\n<h2 style=\"margin-top:var(--wp--preset--spacing--10);margin-bottom:var(--wp--preset--spacing--10);\" class=\"has-text-align-center wp-block-post-title has-large-font-size\"><a href=\"https:\/\/gdynia.wordcamp.org\/2024\/speaker\/krzysztof-drozdz\/\" target=\"_self\" >Krzysztof Dr\u00f3\u017cd\u017c<\/a><\/h2>\n<\/li><li class=\"wp-block-post post-1831 wcb_speaker type-wcb_speaker status-publish has-post-thumbnail hentry\">\n\n<div class=\"wp-block-group has-global-padding is-layout-constrained wp-block-group-is-layout-constrained\"><figure style=\"width:128px;height:128px;\" class=\"aligncenter is-style-rounded wp-block-wordcamp-avatar\"><a href=\"https:\/\/gdynia.wordcamp.org\/2024\/speaker\/krzysztof-miotk\/\"><img loading=\"lazy\" decoding=\"async\" width=\"128\" height=\"128\" src=\"https:\/\/gdynia.wordcamp.org\/2024\/files\/2024\/08\/krzysztof-miotk-150x150.jpeg\" class=\"attachment-128x128 size-128x128 wp-post-image\" alt=\"Krzysztof Miotk\" srcset=\"https:\/\/gdynia.wordcamp.org\/2024\/files\/2024\/08\/krzysztof-miotk-150x150.jpeg 150w, https:\/\/gdynia.wordcamp.org\/2024\/files\/2024\/08\/krzysztof-miotk-300x300.jpeg 300w, https:\/\/gdynia.wordcamp.org\/2024\/files\/2024\/08\/krzysztof-miotk-768x768.jpeg 768w, https:\/\/gdynia.wordcamp.org\/2024\/files\/2024\/08\/krzysztof-miotk.jpeg 800w\" sizes=\"auto, (max-width: 128px) 100vw, 128px\" \/><\/a><\/figure><\/div>\n\n\n<h2 style=\"margin-top:var(--wp--preset--spacing--10);margin-bottom:var(--wp--preset--spacing--10);\" class=\"has-text-align-center wp-block-post-title has-large-font-size\"><a href=\"https:\/\/gdynia.wordcamp.org\/2024\/speaker\/krzysztof-miotk\/\" target=\"_self\" >Krzysztof Miotk<\/a><\/h2>\n<\/li><li class=\"wp-block-post post-1946 wcb_speaker type-wcb_speaker status-publish has-post-thumbnail hentry\">\n\n<div class=\"wp-block-group has-global-padding is-layout-constrained wp-block-group-is-layout-constrained\"><figure style=\"width:128px;height:128px;\" class=\"aligncenter is-style-rounded wp-block-wordcamp-avatar\"><a href=\"https:\/\/gdynia.wordcamp.org\/2024\/speaker\/maciej-lech\/\"><img loading=\"lazy\" decoding=\"async\" width=\"128\" height=\"128\" src=\"https:\/\/gdynia.wordcamp.org\/2024\/files\/2024\/09\/1723060146353-150x150.jpeg\" class=\"attachment-128x128 size-128x128 wp-post-image\" alt=\"Maciej Lech\" srcset=\"https:\/\/gdynia.wordcamp.org\/2024\/files\/2024\/09\/1723060146353-150x150.jpeg 150w, https:\/\/gdynia.wordcamp.org\/2024\/files\/2024\/09\/1723060146353.jpeg 200w\" sizes=\"auto, (max-width: 128px) 100vw, 128px\" \/><\/a><\/figure><\/div>\n\n\n<h2 style=\"margin-top:var(--wp--preset--spacing--10);margin-bottom:var(--wp--preset--spacing--10);\" class=\"has-text-align-center wp-block-post-title has-large-font-size\"><a href=\"https:\/\/gdynia.wordcamp.org\/2024\/speaker\/maciej-lech\/\" target=\"_self\" >Maciej Lech<\/a><\/h2>\n<\/li><li class=\"wp-block-post post-2147 wcb_speaker type-wcb_speaker status-publish hentry\">\n\n<div class=\"wp-block-group has-global-padding is-layout-constrained wp-block-group-is-layout-constrained\"><figure style=\"width:128px;height:128px;\" class=\"aligncenter is-style-rounded wp-block-wordcamp-avatar\"><a href=\"https:\/\/gdynia.wordcamp.org\/2024\/speaker\/maciek-palmowski\/\"><img decoding=\"async\" src=\"https:\/\/secure.gravatar.com\/avatar\/a994ca6946b431eaa5a51804f5eec26ef034dfc25435a26142fd9fc6318eb03b?s=128&amp;d=mm&amp;r=g\" alt=\"Maciek Palmowski\" \/><\/a><\/figure><\/div>\n\n\n<h2 style=\"margin-top:var(--wp--preset--spacing--10);margin-bottom:var(--wp--preset--spacing--10);\" class=\"has-text-align-center wp-block-post-title has-large-font-size\"><a href=\"https:\/\/gdynia.wordcamp.org\/2024\/speaker\/maciek-palmowski\/\" target=\"_self\" >Maciek Palmowski<\/a><\/h2>\n<\/li><li class=\"wp-block-post post-2121 wcb_speaker type-wcb_speaker status-publish hentry\">\n\n<div class=\"wp-block-group has-global-padding is-layout-constrained wp-block-group-is-layout-constrained\"><figure style=\"width:128px;height:128px;\" class=\"aligncenter is-style-rounded wp-block-wordcamp-avatar\"><a href=\"https:\/\/gdynia.wordcamp.org\/2024\/speaker\/magdalena-paciorek\/\"><img decoding=\"async\" src=\"https:\/\/secure.gravatar.com\/avatar\/43dacba6ead4e05bdfa29c0a3b0247ed3f2f031c1572eae667387eb56b6e7089?s=128&amp;d=mm&amp;r=g\" alt=\"Magdalena Paciorek\" \/><\/a><\/figure><\/div>\n\n\n<h2 style=\"margin-top:var(--wp--preset--spacing--10);margin-bottom:var(--wp--preset--spacing--10);\" class=\"has-text-align-center wp-block-post-title has-large-font-size\"><a href=\"https:\/\/gdynia.wordcamp.org\/2024\/speaker\/magdalena-paciorek\/\" target=\"_self\" >Magdalena Paciorek<\/a><\/h2>\n<\/li><li class=\"wp-block-post post-2164 wcb_speaker type-wcb_speaker status-publish has-post-thumbnail hentry\">\n\n<div class=\"wp-block-group has-global-padding is-layout-constrained wp-block-group-is-layout-constrained\"><figure style=\"width:128px;height:128px;\" class=\"aligncenter is-style-rounded wp-block-wordcamp-avatar\"><a href=\"https:\/\/gdynia.wordcamp.org\/2024\/speaker\/mariusz-jalynski\/\"><img loading=\"lazy\" decoding=\"async\" width=\"128\" height=\"128\" src=\"https:\/\/gdynia.wordcamp.org\/2024\/files\/2024\/09\/temp_image_20240902_164638_d1602971-22d9-405e-a31b-f2a197d5527c-1-150x150.webp\" class=\"attachment-128x128 size-128x128 wp-post-image\" alt=\"Mariusz Ja\u0142y\u0144ski\" \/><\/a><\/figure><\/div>\n\n\n<h2 style=\"margin-top:var(--wp--preset--spacing--10);margin-bottom:var(--wp--preset--spacing--10);\" class=\"has-text-align-center wp-block-post-title has-large-font-size\"><a href=\"https:\/\/gdynia.wordcamp.org\/2024\/speaker\/mariusz-jalynski\/\" target=\"_self\" >Mariusz Ja\u0142y\u0144ski<\/a><\/h2>\n<\/li><li class=\"wp-block-post post-1825 wcb_speaker type-wcb_speaker status-publish has-post-thumbnail hentry\">\n\n<div class=\"wp-block-group has-global-padding is-layout-constrained wp-block-group-is-layout-constrained\"><figure style=\"width:128px;height:128px;\" class=\"aligncenter is-style-rounded wp-block-wordcamp-avatar\"><a href=\"https:\/\/gdynia.wordcamp.org\/2024\/speaker\/michal-strzesniewski\/\"><img loading=\"lazy\" decoding=\"async\" width=\"128\" height=\"128\" src=\"https:\/\/gdynia.wordcamp.org\/2024\/files\/2024\/08\/michal-strzesniewski-150x150.jpg\" class=\"attachment-128x128 size-128x128 wp-post-image\" alt=\"Micha\u0142 Strze\u015bniewski\" srcset=\"https:\/\/gdynia.wordcamp.org\/2024\/files\/2024\/08\/michal-strzesniewski-150x150.jpg 150w, https:\/\/gdynia.wordcamp.org\/2024\/files\/2024\/08\/michal-strzesniewski-300x300.jpg 300w, https:\/\/gdynia.wordcamp.org\/2024\/files\/2024\/08\/michal-strzesniewski-768x768.jpg 768w, https:\/\/gdynia.wordcamp.org\/2024\/files\/2024\/08\/michal-strzesniewski.jpg 800w\" sizes=\"auto, (max-width: 128px) 100vw, 128px\" \/><\/a><\/figure><\/div>\n\n\n<h2 style=\"margin-top:var(--wp--preset--spacing--10);margin-bottom:var(--wp--preset--spacing--10);\" class=\"has-text-align-center wp-block-post-title has-large-font-size\"><a href=\"https:\/\/gdynia.wordcamp.org\/2024\/speaker\/michal-strzesniewski\/\" target=\"_self\" >Micha\u0142 Strze\u015bniewski<\/a><\/h2>\n<\/li><li class=\"wp-block-post post-1991 wcb_speaker type-wcb_speaker status-publish hentry\">\n\n<div class=\"wp-block-group has-global-padding is-layout-constrained wp-block-group-is-layout-constrained\"><figure style=\"width:128px;height:128px;\" class=\"aligncenter is-style-rounded wp-block-wordcamp-avatar\"><a href=\"https:\/\/gdynia.wordcamp.org\/2024\/speaker\/pawel-janus\/\"><img decoding=\"async\" src=\"https:\/\/secure.gravatar.com\/avatar\/06a04516ec70dac4312ed805ac2031613a94c1d2ca34ab3fe1d7720d9d4f5002?s=128&amp;d=mm&amp;r=g\" alt=\"Pawe\u0142 Janus\" \/><\/a><\/figure><\/div>\n\n\n<h2 style=\"margin-top:var(--wp--preset--spacing--10);margin-bottom:var(--wp--preset--spacing--10);\" class=\"has-text-align-center wp-block-post-title has-large-font-size\"><a href=\"https:\/\/gdynia.wordcamp.org\/2024\/speaker\/pawel-janus\/\" target=\"_self\" >Pawe\u0142 Janus<\/a><\/h2>\n<\/li><li class=\"wp-block-post post-2436 wcb_speaker type-wcb_speaker status-publish hentry\">\n\n<div class=\"wp-block-group has-global-padding is-layout-constrained wp-block-group-is-layout-constrained\"><figure style=\"width:128px;height:128px;\" class=\"aligncenter is-style-rounded wp-block-wordcamp-avatar\"><a href=\"https:\/\/gdynia.wordcamp.org\/2024\/speaker\/piotr-misztal\/\"><img decoding=\"async\" src=\"https:\/\/secure.gravatar.com\/avatar\/5e1e2423db3a27627c85b3bc0360319407ccd6c8554b0b923396cf52c97091de?s=128&amp;d=mm&amp;r=g\" alt=\"Piotr Misztal\" \/><\/a><\/figure><\/div>\n\n\n<h2 style=\"margin-top:var(--wp--preset--spacing--10);margin-bottom:var(--wp--preset--spacing--10);\" class=\"has-text-align-center wp-block-post-title has-large-font-size\"><a href=\"https:\/\/gdynia.wordcamp.org\/2024\/speaker\/piotr-misztal\/\" target=\"_self\" >Piotr Misztal<\/a><\/h2>\n<\/li><li class=\"wp-block-post post-2152 wcb_speaker type-wcb_speaker status-publish hentry\">\n\n<div class=\"wp-block-group has-global-padding is-layout-constrained wp-block-group-is-layout-constrained\"><figure style=\"width:128px;height:128px;\" class=\"aligncenter is-style-rounded wp-block-wordcamp-avatar\"><a href=\"https:\/\/gdynia.wordcamp.org\/2024\/speaker\/piotr-monka\/\"><img decoding=\"async\" src=\"https:\/\/secure.gravatar.com\/avatar\/7659ea7ac581451cce3dc1afa8b1ced783a0457a18fdcf741e0daf1c299d316e?s=128&amp;d=mm&amp;r=g\" alt=\"Piotr Mo\u0144ka\" \/><\/a><\/figure><\/div>\n\n\n<h2 style=\"margin-top:var(--wp--preset--spacing--10);margin-bottom:var(--wp--preset--spacing--10);\" class=\"has-text-align-center wp-block-post-title has-large-font-size\"><a href=\"https:\/\/gdynia.wordcamp.org\/2024\/speaker\/piotr-monka\/\" target=\"_self\" >Piotr Mo\u0144ka<\/a><\/h2>\n<\/li><li class=\"wp-block-post post-1973 wcb_speaker type-wcb_speaker status-publish hentry\">\n\n<div class=\"wp-block-group has-global-padding is-layout-constrained wp-block-group-is-layout-constrained\"><figure style=\"width:128px;height:128px;\" class=\"aligncenter is-style-rounded wp-block-wordcamp-avatar\"><a href=\"https:\/\/gdynia.wordcamp.org\/2024\/speaker\/przemyslaw-hernik\/\"><img decoding=\"async\" src=\"https:\/\/secure.gravatar.com\/avatar\/65cbeb7067df7c7056ebb1254f415566cdfaf948f0b6bea61e267c81b162f2f7?s=128&amp;d=mm&amp;r=g\" alt=\"Przemys\u0142aw Hernik\" \/><\/a><\/figure><\/div>\n\n\n<h2 style=\"margin-top:var(--wp--preset--spacing--10);margin-bottom:var(--wp--preset--spacing--10);\" class=\"has-text-align-center wp-block-post-title has-large-font-size\"><a href=\"https:\/\/gdynia.wordcamp.org\/2024\/speaker\/przemyslaw-hernik\/\" target=\"_self\" >Przemys\u0142aw Hernik<\/a><\/h2>\n<\/li><li class=\"wp-block-post post-1829 wcb_speaker type-wcb_speaker status-publish hentry\">\n\n<div class=\"wp-block-group has-global-padding is-layout-constrained wp-block-group-is-layout-constrained\"><figure style=\"width:128px;height:128px;\" class=\"aligncenter is-style-rounded wp-block-wordcamp-avatar\"><a href=\"https:\/\/gdynia.wordcamp.org\/2024\/speaker\/tomasz-dziuda\/\"><img decoding=\"async\" src=\"https:\/\/secure.gravatar.com\/avatar\/ec3db6152e60dd4ffbcaacd2b0af93ce81530d1f83781697380f5edf2f4ada96?s=128&amp;d=mm&amp;r=g\" alt=\"Tomasz Dziuda\" \/><\/a><\/figure><\/div>\n\n\n<h2 style=\"margin-top:var(--wp--preset--spacing--10);margin-bottom:var(--wp--preset--spacing--10);\" class=\"has-text-align-center wp-block-post-title has-large-font-size\"><a href=\"https:\/\/gdynia.wordcamp.org\/2024\/speaker\/tomasz-dziuda\/\" target=\"_self\" >Tomasz Dziuda<\/a><\/h2>\n<\/li><li class=\"wp-block-post post-2432 wcb_speaker type-wcb_speaker status-publish has-post-thumbnail hentry\">\n\n<div class=\"wp-block-group has-global-padding is-layout-constrained wp-block-group-is-layout-constrained\"><figure style=\"width:128px;height:128px;\" class=\"aligncenter is-style-rounded wp-block-wordcamp-avatar\"><a href=\"https:\/\/gdynia.wordcamp.org\/2024\/speaker\/tomasz-palak\/\"><img loading=\"lazy\" decoding=\"async\" width=\"128\" height=\"128\" src=\"https:\/\/gdynia.wordcamp.org\/2024\/files\/2024\/09\/palak-150x150.jpg\" class=\"attachment-128x128 size-128x128 wp-post-image\" alt=\"Tomasz Palak\" srcset=\"https:\/\/gdynia.wordcamp.org\/2024\/files\/2024\/09\/palak-150x150.jpg 150w, https:\/\/gdynia.wordcamp.org\/2024\/files\/2024\/09\/palak-300x300.jpg 300w, https:\/\/gdynia.wordcamp.org\/2024\/files\/2024\/09\/palak-1024x1024.jpg 1024w, https:\/\/gdynia.wordcamp.org\/2024\/files\/2024\/09\/palak-768x768.jpg 768w, https:\/\/gdynia.wordcamp.org\/2024\/files\/2024\/09\/palak.jpg 1365w\" sizes=\"auto, (max-width: 128px) 100vw, 128px\" \/><\/a><\/figure><\/div>\n\n\n<h2 style=\"margin-top:var(--wp--preset--spacing--10);margin-bottom:var(--wp--preset--spacing--10);\" class=\"has-text-align-center wp-block-post-title has-large-font-size\"><a href=\"https:\/\/gdynia.wordcamp.org\/2024\/speaker\/tomasz-palak\/\" target=\"_self\" >Tomasz Palak<\/a><\/h2>\n<\/li><\/ul><\/div>\n\n\n\n<p class=\"wp-block-paragraph\"><\/p>\n","protected":false},"excerpt":{"rendered":"","protected":false},"author":108511,"featured_media":0,"parent":0,"menu_order":0,"comment_status":"closed","ping_status":"closed","template":"","meta":{"_crdt_document":"","jetpack_post_was_ever_published":true,"footnotes":""},"class_list":["post-8","page","type-page","status-publish","hentry"],"jetpack_sharing_enabled":true,"_links":{"self":[{"href":"https:\/\/gdynia.wordcamp.org\/2024\/wp-json\/wp\/v2\/pages\/8","targetHints":{"allow":["GET"]}}],"collection":[{"href":"https:\/\/gdynia.wordcamp.org\/2024\/wp-json\/wp\/v2\/pages"}],"about":[{"href":"https:\/\/gdynia.wordcamp.org\/2024\/wp-json\/wp\/v2\/types\/page"}],"author":[{"embeddable":true,"href":"https:\/\/gdynia.wordcamp.org\/2024\/wp-json\/wp\/v2\/users\/108511"}],"replies":[{"embeddable":true,"href":"https:\/\/gdynia.wordcamp.org\/2024\/wp-json\/wp\/v2\/comments?post=8"}],"version-history":[{"count":12,"href":"https:\/\/gdynia.wordcamp.org\/2024\/wp-json\/wp\/v2\/pages\/8\/revisions"}],"predecessor-version":[{"id":1730,"href":"https:\/\/gdynia.wordcamp.org\/2024\/wp-json\/wp\/v2\/pages\/8\/revisions\/1730"}],"wp:attachment":[{"href":"https:\/\/gdynia.wordcamp.org\/2024\/wp-json\/wp\/v2\/media?parent=8"}],"curies":[{"name":"wp","href":"https:\/\/api.w.org\/{rel}","templated":true}]}}