{"id":991,"date":"2024-06-04T19:15:45","date_gmt":"2024-06-04T17:15:45","guid":{"rendered":"https:\/\/gdynia.wordcamp.org\/2024\/?page_id=991"},"modified":"2025-04-28T20:10:21","modified_gmt":"2025-04-28T18:10:21","slug":"zostan-prelegentem","status":"publish","type":"page","link":"https:\/\/gdynia.wordcamp.org\/2024\/prelegenci\/zostan-prelegentem\/","title":{"rendered":"Tw\u00f3j g\u0142os, Twoja scena!"},"content":{"rendered":"\n<p>Czy jeste\u015b gotowy, aby podzieli\u0107 si\u0119 swoj\u0105 pasj\u0105, wiedz\u0105 i do\u015bwiadczeniem z rosn\u0105c\u0105 spo\u0142eczno\u015bci\u0105 WordPressa?<\/p>\n\n\n\n<p>WordCamp Gdynia 2024 to idealne spotkanie, aby to zrobi\u0107!&nbsp;<\/p>\n\n\n\n<p>Niezale\u017cnie od tego, czy jeste\u015b deweloperem, projektantem, blogerem czy przedsi\u0119biorc\u0105 &#8211; Twoje idee mog\u0105 zainspirowa\u0107 innych, a Twoje do\u015bwiadczenie mo\u017ce sta\u0107 si\u0119 kluczem do sukcesu wielu uczestnik\u00f3w.<\/p>\n\n\n\n<p><strong>Czekamy na Twoje zg\u0142oszenie, wype\u0142nij formularz poni\u017cej!<\/strong><\/p>\n\n\n\n<hr class=\"wp-block-separator has-alpha-channel-opacity is-style-wide\" style=\"margin-top:var(--wp--preset--spacing--30);margin-bottom:var(--wp--preset--spacing--30)\" \/>\n\n\n\n<p class=\"has-custom-color-1-color has-base-2-background-color has-text-color has-background\">Formularz zg\u0142osze\u0144 zosta\u0142 zamkni\u0119ty.<\/p>\n","protected":false},"excerpt":{"rendered":"<p>Czy jeste\u015b gotowy, aby podzieli\u0107 si\u0119 swoj\u0105 pasj\u0105, wiedz\u0105 i do\u015bwiadczeniem z rosn\u0105c\u0105 spo\u0142eczno\u015bci\u0105 WordPressa? WordCamp Gdynia 2024 to idealne spotkanie, aby to zrobi\u0107!&nbsp; Niezale\u017cnie od tego, czy jeste\u015b deweloperem, projektantem, blogerem czy przedsi\u0119biorc\u0105 &#8211; Twoje idee mog\u0105 zainspirowa\u0107 innych, a Twoje do\u015bwiadczenie mo\u017ce sta\u0107 si\u0119 kluczem do sukcesu wielu uczestnik\u00f3w. Czekamy na Twoje zg\u0142oszenie, [&hellip;]<\/p>\n","protected":false},"author":14635472,"featured_media":0,"parent":8,"menu_order":0,"comment_status":"closed","ping_status":"closed","template":"","meta":{"jetpack_post_was_ever_published":false,"footnotes":""},"class_list":["post-991","page","type-page","status-publish","hentry"],"jetpack_sharing_enabled":true,"_links":{"self":[{"href":"https:\/\/gdynia.wordcamp.org\/2024\/wp-json\/wp\/v2\/pages\/991","targetHints":{"allow":["GET"]}}],"collection":[{"href":"https:\/\/gdynia.wordcamp.org\/2024\/wp-json\/wp\/v2\/pages"}],"about":[{"href":"https:\/\/gdynia.wordcamp.org\/2024\/wp-json\/wp\/v2\/types\/page"}],"author":[{"embeddable":true,"href":"https:\/\/gdynia.wordcamp.org\/2024\/wp-json\/wp\/v2\/users\/14635472"}],"replies":[{"embeddable":true,"href":"https:\/\/gdynia.wordcamp.org\/2024\/wp-json\/wp\/v2\/comments?post=991"}],"version-history":[{"count":25,"href":"https:\/\/gdynia.wordcamp.org\/2024\/wp-json\/wp\/v2\/pages\/991\/revisions"}],"predecessor-version":[{"id":3218,"href":"https:\/\/gdynia.wordcamp.org\/2024\/wp-json\/wp\/v2\/pages\/991\/revisions\/3218"}],"up":[{"embeddable":true,"href":"https:\/\/gdynia.wordcamp.org\/2024\/wp-json\/wp\/v2\/pages\/8"}],"wp:attachment":[{"href":"https:\/\/gdynia.wordcamp.org\/2024\/wp-json\/wp\/v2\/media?parent=991"}],"curies":[{"name":"wp","href":"https:\/\/api.w.org\/{rel}","templated":true}]}}