{"id":1927,"date":"2025-09-02T19:43:55","date_gmt":"2025-09-02T17:43:55","guid":{"rendered":"https:\/\/gdynia.wordcamp.org\/2025\/?page_id=1927"},"modified":"2025-09-04T11:13:22","modified_gmt":"2025-09-04T09:13:22","slug":"czym-jest-wordcamp","status":"publish","type":"page","link":"https:\/\/gdynia.wordcamp.org\/2025\/czym-jest-wordcamp\/","title":{"rendered":"Wyp\u0142y\u0144 na szerokie wody WordCamp Gdynia"},"content":{"rendered":"\n<div class=\"wp-block-columns is-layout-flex wp-container-core-columns-is-layout-ad96c60b wp-block-columns-is-layout-flex\" style=\"padding-top:var(--wp--preset--spacing--50);padding-right:0;padding-bottom:var(--wp--preset--spacing--50);padding-left:0\">\n<div class=\"wp-block-column is-vertically-aligned-center is-layout-flow wp-block-column-is-layout-flow\" style=\"padding-right:var(--wp--preset--spacing--20);padding-left:var(--wp--preset--spacing--20)\">\n<div class=\"wp-block-group is-vertical is-content-justification-left is-layout-flex wp-container-core-group-is-layout-75b119de wp-block-group-is-layout-flex\" style=\"padding-top:0;padding-bottom:0\">\n<h2 class=\"wp-block-heading\">Czym jest WordCamp Gdynia<\/h2>\n\n\n\n<p class=\"wp-block-paragraph\">Co roku na ca\u0142ym \u015bwiecie odbywaj\u0105 si\u0119 WordCampy i WordPress Meetupy \u2013 spotkania tw\u00f3rc\u00f3w, u\u017cytkownik\u00f3w oraz pasjonat\u00f3w WordPressa.<\/p>\n\n\n\n<p class=\"wp-block-paragraph\">W tym roku widzimy si\u0119 ju\u017c po raz trzeci, tym razem na p\u00f3\u0142nocy Polski, w sercu networkingu!<\/p>\n\n\n\n<p class=\"wp-block-paragraph\"><br>Tutaj spotkasz osoby, kt\u00f3re opieraj\u0105 na WordPressie swoje biznesy oraz tych, kt\u00f3rzy po prostu go uwielbiaj\u0105. Tworzymy globaln\u0105 spo\u0142eczno\u015b\u0107, kt\u00f3ra wsp\u00f3lnie nap\u0119dza rozw\u00f3j WordPressa. Poruszamy tematy dotycz\u0105ce programowania, bezpiecze\u0144stwa, czy marketingu &#8211; brzmi dobrze?<\/p>\n\n\n\n<div class=\"wp-block-buttons homepage-hero-buttons is-layout-flex wp-block-buttons-is-layout-flex\" style=\"margin-top:var(--wp--preset--spacing--30)\">\n<div class=\"wp-block-button\"><a class=\"wp-block-button__link wp-element-button\" href=\"https:\/\/gdynia.wordcamp.org\/2025\/bilety\/\" style=\"padding-right:var(--wp--preset--spacing--20);padding-left:var(--wp--preset--spacing--20)\">KUP BILET<\/a><\/div>\n\n\n\n<div class=\"wp-block-button is-style-outline is-style-outline--1\"><a class=\"wp-block-button__link has-base-2-color has-text-color has-link-color wp-element-button\" href=\"https:\/\/gdynia.wordcamp.org\/2025\/prelegenci\/\" style=\"padding-right:var(--wp--preset--spacing--20);padding-left:var(--wp--preset--spacing--20)\">Poznaj Prelegent\u00f3w<\/a><\/div>\n<\/div>\n<\/div>\n<\/div>\n\n\n\n<div class=\"wp-block-column is-vertically-aligned-center is-layout-flow wp-block-column-is-layout-flow\" style=\"flex-basis:50%\">\n<figure class=\"wp-block-image size-full\"><img data-recalc-dims=\"1\" loading=\"lazy\" decoding=\"async\" width=\"685\" height=\"405\" src=\"https:\/\/i0.wp.com\/gdynia.wordcamp.org\/2025\/files\/2025\/09\/Frame-135.png?resize=685%2C405&#038;ssl=1\" alt=\"\" class=\"wp-image-1928\" srcset=\"https:\/\/i0.wp.com\/gdynia.wordcamp.org\/2025\/files\/2025\/09\/Frame-135.png?w=685&amp;ssl=1 685w, https:\/\/i0.wp.com\/gdynia.wordcamp.org\/2025\/files\/2025\/09\/Frame-135.png?resize=300%2C177&amp;ssl=1 300w, https:\/\/i0.wp.com\/gdynia.wordcamp.org\/2025\/files\/2025\/09\/Frame-135.png?resize=500%2C296&amp;ssl=1 500w\" sizes=\"auto, (max-width: 685px) 100vw, 685px\" \/><\/figure>\n<\/div>\n<\/div>\n\n\n\n<div class=\"wp-block-columns is-layout-flex wp-container-core-columns-is-layout-ad96c60b wp-block-columns-is-layout-flex\" style=\"padding-top:var(--wp--preset--spacing--50);padding-right:0;padding-bottom:var(--wp--preset--spacing--50);padding-left:0\">\n<div class=\"wp-block-column is-vertically-aligned-center is-layout-flow wp-block-column-is-layout-flow\" style=\"flex-basis:50%\">\n<figure class=\"wp-block-image size-full\"><img data-recalc-dims=\"1\" loading=\"lazy\" decoding=\"async\" width=\"685\" height=\"405\" src=\"https:\/\/i0.wp.com\/gdynia.wordcamp.org\/2025\/files\/2025\/09\/Frame-135-1.png?resize=685%2C405&#038;ssl=1\" alt=\"\" class=\"wp-image-1929\" srcset=\"https:\/\/i0.wp.com\/gdynia.wordcamp.org\/2025\/files\/2025\/09\/Frame-135-1.png?w=685&amp;ssl=1 685w, https:\/\/i0.wp.com\/gdynia.wordcamp.org\/2025\/files\/2025\/09\/Frame-135-1.png?resize=300%2C177&amp;ssl=1 300w, https:\/\/i0.wp.com\/gdynia.wordcamp.org\/2025\/files\/2025\/09\/Frame-135-1.png?resize=500%2C296&amp;ssl=1 500w\" sizes=\"auto, (max-width: 685px) 100vw, 685px\" \/><\/figure>\n<\/div>\n\n\n\n<div class=\"wp-block-column is-vertically-aligned-center is-layout-flow wp-block-column-is-layout-flow\" style=\"padding-right:var(--wp--preset--spacing--20);padding-left:var(--wp--preset--spacing--20)\">\n<div class=\"wp-block-group is-vertical is-content-justification-left is-layout-flex wp-container-core-group-is-layout-75b119de wp-block-group-is-layout-flex\" style=\"padding-top:0;padding-bottom:0\">\n<h2 class=\"wp-block-heading\">Pot\u0119\u017cna dawka wiedzy<\/h2>\n\n\n\n<p class=\"wp-block-paragraph\">Uczestnicy <strong>WordCamp Gdynia<\/strong> to wyj\u0105tkowa spo\u0142eczno\u015b\u0107,&nbsp; kt\u00f3ra gromadzi si\u0119, aby dzieli\u0107 si\u0119 wiedz\u0105, do\u015bwiadczeniem<br>i najnowszymi trendami w \u015bwiecie WordPressa.&nbsp;<br>Ich zaanga\u017cowanie i obecno\u015b\u0107 tworzy niepowtarzaln\u0105 atmosfer\u0119 tego wydarzenia, czyni\u0105c je jednym z najwa\u017cniejszych spotka\u0144 technologicznych w Polsce.<\/p>\n\n\n\n<p class=\"wp-block-paragraph\"><br>W tym roku wp\u0142yn\u0119\u0142o do nas blisko <strong>130 zg\u0142osze\u0144 prelekcji<\/strong>! To niesamowite, jak wielu ludzi chce si\u0119 dzieli\u0107 wiedz\u0105 a na miejsce swojego wyst\u0105pienia wybieraj\u0105 w\u0142a\u015bnie gdy\u0144sk\u0105 scen\u0119.<br>W\u015br\u00f3d licznych zg\u0142osze\u0144 wyklarowa\u0142y si\u0119:<\/p>\n\n\n\n<ul class=\"wp-block-list\">\n<li>4 prelekcje na <strong>WordPress Dla Pocz\u0105tkuj\u0105cych<\/strong><\/li>\n\n\n\n<li>12 <strong>warsztat\u00f3w<\/strong><\/li>\n\n\n\n<li>2 <strong>panele dyskusyjne<\/strong><\/li>\n\n\n\n<li>34 <strong>prelekcje<\/strong><\/li>\n<\/ul>\n\n\n\n<div class=\"wp-block-buttons homepage-hero-buttons is-layout-flex wp-block-buttons-is-layout-flex\" style=\"margin-top:var(--wp--preset--spacing--30)\">\n<div class=\"wp-block-button\"><a class=\"wp-block-button__link wp-element-button\" href=\"https:\/\/gdynia.wordcamp.org\/2025\/bilety\/\" style=\"padding-right:var(--wp--preset--spacing--20);padding-left:var(--wp--preset--spacing--20)\">KUP BILET<\/a><\/div>\n\n\n\n<div class=\"wp-block-button is-style-outline is-style-outline--2\"><a class=\"wp-block-button__link has-base-2-color has-text-color has-link-color wp-element-button\" href=\"https:\/\/gdynia.wordcamp.org\/2025\/prelegenci\/\" style=\"padding-right:var(--wp--preset--spacing--20);padding-left:var(--wp--preset--spacing--20)\">Poznaj Prelegent\u00f3w<\/a><\/div>\n<\/div>\n<\/div>\n<\/div>\n<\/div>\n\n\n\n<div class=\"wp-block-columns is-layout-flex wp-container-core-columns-is-layout-ad96c60b wp-block-columns-is-layout-flex\" style=\"padding-top:var(--wp--preset--spacing--50);padding-right:0;padding-bottom:var(--wp--preset--spacing--50);padding-left:0\">\n<div class=\"wp-block-column is-vertically-aligned-center is-layout-flow wp-block-column-is-layout-flow\" style=\"padding-right:var(--wp--preset--spacing--20);padding-left:var(--wp--preset--spacing--20)\">\n<div class=\"wp-block-group is-vertical is-content-justification-left is-layout-flex wp-container-core-group-is-layout-75b119de wp-block-group-is-layout-flex\" style=\"padding-top:0;padding-bottom:0\">\n<h2 class=\"wp-block-heading\">Do\u0142\u0105cz do pok\u0142adu<\/h2>\n\n\n\n<p class=\"wp-block-paragraph\"><strong>WordCamp Gdynia<\/strong> opiera si\u0119 nie tylko na wiedzy i do\u015bwiadczeniu, ale i godzinach networkingu.<\/p>\n\n\n\n<p class=\"wp-block-paragraph\">Mo\u017cesz nawi\u0105za\u0107 liczne kontakty w\u015br\u00f3d entuzjastycznej spo\u0142eczno\u015bci WordPress, znale\u017a\u0107 dostawc\u00f3w us\u0142ug technicznych czy rozwi\u0105za\u0144 IT.<\/p>\n\n\n\n<p class=\"wp-block-paragraph\">Wymienisz si\u0119 spostrze\u017ceniami a je\u015bli jeste\u015b stawiasz pierwsze kroki w tej bran\u017cy to nasze wydarzenie popchnie Twoj\u0105 karier\u0119 do przodu. To setki kontakt\u00f3w, godziny rozm\u00f3w w kuluarach czy podczas <strong>Contributor Day<\/strong>, ale i zabawy w lu\u017anej atmosferze podczas <strong>Before &amp; Middle Party<\/strong>. Arr \ud83e\udd9c\ud83c\udff4\u200d\u2620\ufe0f<\/p>\n\n\n\n<div class=\"wp-block-buttons homepage-hero-buttons is-layout-flex wp-block-buttons-is-layout-flex\" style=\"margin-top:var(--wp--preset--spacing--30)\">\n<div class=\"wp-block-button\"><a class=\"wp-block-button__link wp-element-button\" href=\"https:\/\/gdynia.wordcamp.org\/2025\/bilety\/\" style=\"padding-right:var(--wp--preset--spacing--20);padding-left:var(--wp--preset--spacing--20)\">KUP BILET<\/a><\/div>\n\n\n\n<div class=\"wp-block-button is-style-outline is-style-outline--3\"><a class=\"wp-block-button__link has-base-2-color has-text-color has-link-color wp-element-button\" href=\"https:\/\/gdynia.wordcamp.org\/2025\/prelegenci\/\" style=\"padding-right:var(--wp--preset--spacing--20);padding-left:var(--wp--preset--spacing--20)\">Poznaj Prelegent\u00f3w<\/a><\/div>\n<\/div>\n<\/div>\n<\/div>\n\n\n\n<div class=\"wp-block-column is-vertically-aligned-center is-layout-flow wp-block-column-is-layout-flow\" style=\"flex-basis:50%\">\n<figure class=\"wp-block-image size-full\"><img data-recalc-dims=\"1\" loading=\"lazy\" decoding=\"async\" width=\"723\" height=\"480\" src=\"https:\/\/i0.wp.com\/gdynia.wordcamp.org\/2025\/files\/2025\/09\/Frame-135-2.png?resize=723%2C480&#038;ssl=1\" alt=\"\" class=\"wp-image-1930\" srcset=\"https:\/\/i0.wp.com\/gdynia.wordcamp.org\/2025\/files\/2025\/09\/Frame-135-2.png?w=723&amp;ssl=1 723w, https:\/\/i0.wp.com\/gdynia.wordcamp.org\/2025\/files\/2025\/09\/Frame-135-2.png?resize=300%2C199&amp;ssl=1 300w, https:\/\/i0.wp.com\/gdynia.wordcamp.org\/2025\/files\/2025\/09\/Frame-135-2.png?resize=452%2C300&amp;ssl=1 452w\" sizes=\"auto, (max-width: 723px) 100vw, 723px\" \/><\/figure>\n<\/div>\n<\/div>\n","protected":false},"excerpt":{"rendered":"<p>Czym jest WordCamp Gdynia Co roku na ca\u0142ym \u015bwiecie odbywaj\u0105 si\u0119 WordCampy i WordPress Meetupy \u2013 spotkania tw\u00f3rc\u00f3w, u\u017cytkownik\u00f3w oraz pasjonat\u00f3w WordPressa. W tym roku widzimy si\u0119 ju\u017c po raz trzeci, tym razem na p\u00f3\u0142nocy Polski, w sercu networkingu! Tutaj spotkasz osoby, kt\u00f3re opieraj\u0105 na WordPressie swoje biznesy oraz tych, kt\u00f3rzy po prostu go uwielbiaj\u0105. [&hellip;]<\/p>\n","protected":false},"author":14246880,"featured_media":1929,"parent":0,"menu_order":0,"comment_status":"closed","ping_status":"closed","template":"","meta":{"_crdt_document":"","advanced_seo_description":"Do\u0142\u0105cz do WordCamp Gdynia 2025 - najwi\u0119kszego wydarzenia WordPress w Polsce! 30+ prelekcji, 12 warsztat\u00f3w, panele dyskusyjne i networking w sercu Tr\u00f3jmiasta. Kup bilet ju\u017c dzi\u015b!","jetpack_seo_html_title":"Wyp\u0142y\u0144 na szerokie wody WordCamp Gdynia","jetpack_seo_noindex":false,"jetpack_post_was_ever_published":false,"footnotes":""},"class_list":["post-1927","page","type-page","status-publish","has-post-thumbnail","hentry"],"jetpack_sharing_enabled":true,"_links":{"self":[{"href":"https:\/\/gdynia.wordcamp.org\/2025\/wp-json\/wp\/v2\/pages\/1927","targetHints":{"allow":["GET"]}}],"collection":[{"href":"https:\/\/gdynia.wordcamp.org\/2025\/wp-json\/wp\/v2\/pages"}],"about":[{"href":"https:\/\/gdynia.wordcamp.org\/2025\/wp-json\/wp\/v2\/types\/page"}],"author":[{"embeddable":true,"href":"https:\/\/gdynia.wordcamp.org\/2025\/wp-json\/wp\/v2\/users\/14246880"}],"replies":[{"embeddable":true,"href":"https:\/\/gdynia.wordcamp.org\/2025\/wp-json\/wp\/v2\/comments?post=1927"}],"version-history":[{"count":11,"href":"https:\/\/gdynia.wordcamp.org\/2025\/wp-json\/wp\/v2\/pages\/1927\/revisions"}],"predecessor-version":[{"id":2135,"href":"https:\/\/gdynia.wordcamp.org\/2025\/wp-json\/wp\/v2\/pages\/1927\/revisions\/2135"}],"wp:featuredmedia":[{"embeddable":true,"href":"https:\/\/gdynia.wordcamp.org\/2025\/wp-json\/wp\/v2\/media\/1929"}],"wp:attachment":[{"href":"https:\/\/gdynia.wordcamp.org\/2025\/wp-json\/wp\/v2\/media?parent=1927"}],"curies":[{"name":"wp","href":"https:\/\/api.w.org\/{rel}","templated":true}]}}