{"id":2391,"date":"2025-09-24T21:17:01","date_gmt":"2025-09-24T19:17:01","guid":{"rendered":"https:\/\/gdynia.wordcamp.org\/2025\/?page_id=2391"},"modified":"2025-09-24T21:20:58","modified_gmt":"2025-09-24T19:20:58","slug":"how-to-get-to-the-conference-page","status":"publish","type":"page","link":"https:\/\/gdynia.wordcamp.org\/2025\/en\/how-to-get-to-the-conference-page\/","title":{"rendered":"How to Get to the Conference"},"content":{"rendered":"\n<div class=\"wp-block-columns is-layout-flex wp-container-core-columns-is-layout-ad96c60b wp-block-columns-is-layout-flex\" style=\"padding-top:var(--wp--preset--spacing--50);padding-right:0;padding-bottom:var(--wp--preset--spacing--50);padding-left:0\">\n<div class=\"wp-block-column is-vertically-aligned-center is-layout-flow wp-block-column-is-layout-flow\" style=\"padding-right:var(--wp--preset--spacing--20);padding-left:var(--wp--preset--spacing--20)\">\n<div class=\"wp-block-group is-vertical is-content-justification-left is-layout-flex wp-container-core-group-is-layout-75b119de wp-block-group-is-layout-flex\" style=\"padding-top:0;padding-bottom:0\">\n<h2 class=\"wp-block-heading\">Location<\/h2>\n\n\n\n<p class=\"wp-block-paragraph\">On September 26th, we begin a three-day celebration of WordPress. <strong>WordCamp Gdynia 2025<\/strong> will take place at the <strong>Pomorski Park Naukowo-Technologiczny<\/strong>, Building III, which is exactly where the <strong>Experyment<\/strong> Science Centre is located.<\/p>\n\n\n\n<p class=\"wp-block-paragraph\">This is a very important tip: the entrance to the event will be available in this very building. Do not try to enter through other entrances to the PPNT \u2013 the building is vast and it&#8217;s easy to get lost.<\/p>\n\n\n\n<div class=\"wp-block-buttons homepage-hero-buttons is-layout-flex wp-block-buttons-is-layout-flex\" style=\"margin-top:var(--wp--preset--spacing--30)\">\n<div class=\"wp-block-button\"><a class=\"wp-block-button__link wp-element-button\" href=\"https:\/\/maps.app.goo.gl\/9HdyXJmfFuyEjcsR6\" style=\"padding-right:var(--wp--preset--spacing--20);padding-left:var(--wp--preset--spacing--20)\">Entrance Location<\/a><\/div>\n<\/div>\n<\/div>\n<\/div>\n\n\n\n<div class=\"wp-block-column is-vertically-aligned-center is-layout-flow wp-block-column-is-layout-flow\" style=\"flex-basis:50%\">\n<figure class=\"wp-block-image size-full\"><img data-recalc-dims=\"1\" loading=\"lazy\" decoding=\"async\" width=\"685\" height=\"405\" src=\"https:\/\/i0.wp.com\/gdynia.wordcamp.org\/2025\/files\/2025\/09\/Frame-135.png?resize=685%2C405&#038;ssl=1\" alt=\"\" class=\"wp-image-1928\" srcset=\"https:\/\/i0.wp.com\/gdynia.wordcamp.org\/2025\/files\/2025\/09\/Frame-135.png?w=685&amp;ssl=1 685w, https:\/\/i0.wp.com\/gdynia.wordcamp.org\/2025\/files\/2025\/09\/Frame-135.png?resize=300%2C177&amp;ssl=1 300w, https:\/\/i0.wp.com\/gdynia.wordcamp.org\/2025\/files\/2025\/09\/Frame-135.png?resize=500%2C296&amp;ssl=1 500w\" sizes=\"auto, (max-width: 685px) 100vw, 685px\" \/><\/figure>\n<\/div>\n<\/div>\n\n\n\n<div class=\"wp-block-columns is-layout-flex wp-container-core-columns-is-layout-ad96c60b wp-block-columns-is-layout-flex\" style=\"padding-top:var(--wp--preset--spacing--50);padding-right:0;padding-bottom:var(--wp--preset--spacing--50);padding-left:0\">\n<div class=\"wp-block-column is-vertically-aligned-center is-layout-flow wp-block-column-is-layout-flow\" style=\"flex-basis:50%\">\n<figure class=\"wp-block-image size-full\"><img data-recalc-dims=\"1\" loading=\"lazy\" decoding=\"async\" width=\"685\" height=\"405\" src=\"https:\/\/i0.wp.com\/gdynia.wordcamp.org\/2025\/files\/2025\/09\/Frame-135-1.png?resize=685%2C405&#038;ssl=1\" alt=\"\" class=\"wp-image-1929\" srcset=\"https:\/\/i0.wp.com\/gdynia.wordcamp.org\/2025\/files\/2025\/09\/Frame-135-1.png?w=685&amp;ssl=1 685w, https:\/\/i0.wp.com\/gdynia.wordcamp.org\/2025\/files\/2025\/09\/Frame-135-1.png?resize=300%2C177&amp;ssl=1 300w, https:\/\/i0.wp.com\/gdynia.wordcamp.org\/2025\/files\/2025\/09\/Frame-135-1.png?resize=500%2C296&amp;ssl=1 500w\" sizes=\"auto, (max-width: 685px) 100vw, 685px\" \/><\/figure>\n<\/div>\n\n\n\n<div class=\"wp-block-column is-vertically-aligned-center is-layout-flow wp-block-column-is-layout-flow\" style=\"padding-right:var(--wp--preset--spacing--20);padding-left:var(--wp--preset--spacing--20)\">\n<div class=\"wp-block-group is-vertical is-content-justification-left is-layout-flex wp-container-core-group-is-layout-75b119de wp-block-group-is-layout-flex\" style=\"padding-top:0;padding-bottom:0\">\n<h2 class=\"wp-block-heading\">Getting Here from Gdynia G\u0142\u00f3wna Train Station<\/h2>\n\n\n\n<p class=\"wp-block-paragraph\">PPNT Gdynia is located in the Red\u0142owo district, about 4 km from the Gdynia G\u0142\u00f3wna railway station. You have several proven travel options to choose from:<\/p>\n\n\n\n<ol class=\"wp-block-list\">\n<li><strong>Public Transport<\/strong><br>The closest stop to Building III is &#8222;Centrum Nauki Experyment&#8221;. From the train station, you can get there with trams <strong>24<\/strong> and <strong>29<\/strong> or buses <strong>105, 119, 125, 133, 152, 180,<\/strong> and <strong>192<\/strong>. The journey usually takes about 15\u201320 minutes. From the stop, it&#8217;s just a few steps straight to the entrance of Building III.<\/li>\n\n\n\n<li><strong>Urban Railway (SKM)<\/strong><br>If you prefer the train, take the SKM from Gdynia G\u0142\u00f3wna Station and get off at the <strong>Gdynia Red\u0142owo<\/strong> station. From there, you can reach the PPNT in about a 10-minute leisurely walk.<\/li>\n\n\n\n<li><strong>Walking or Cycling<\/strong><br>In good weather, you can also opt for a roughly 40-minute walk from the center of Gdynia or a quick bike ride. You will find Mevo city bike stations near the PPNT.<\/li>\n<\/ol>\n<\/div>\n<\/div>\n<\/div>\n\n\n\n<div class=\"wp-block-columns is-layout-flex wp-container-core-columns-is-layout-ad96c60b wp-block-columns-is-layout-flex\" style=\"padding-top:var(--wp--preset--spacing--50);padding-right:0;padding-bottom:var(--wp--preset--spacing--50);padding-left:0\">\n<div class=\"wp-block-column is-vertically-aligned-center is-layout-flow wp-block-column-is-layout-flow\" style=\"padding-right:var(--wp--preset--spacing--20);padding-left:var(--wp--preset--spacing--20)\">\n<div class=\"wp-block-group is-vertical is-content-justification-left is-layout-flex wp-container-core-group-is-layout-75b119de wp-block-group-is-layout-flex\" style=\"padding-top:0;padding-bottom:0\">\n<h2 class=\"wp-block-heading\">Parking for Attendees<\/h2>\n\n\n\n<p class=\"wp-block-paragraph\">For those arriving by car, <strong>free parking is available at the Riviera shopping center<\/strong>, at <strong>ul. Kazimierza G\u00f3rskiego 2, 81-304 Gdynia<\/strong>. This is a convenient and safe option \u2013 from Riviera, you can reach Building III of the PPNT in a dozen or so minutes on foot or in a few minutes by public transport.<\/p>\n<\/div>\n<\/div>\n\n\n\n<div class=\"wp-block-column is-vertically-aligned-center is-layout-flow wp-block-column-is-layout-flow\" style=\"flex-basis:50%\">\n<figure class=\"wp-block-image size-full\"><img data-recalc-dims=\"1\" loading=\"lazy\" decoding=\"async\" width=\"723\" height=\"480\" src=\"https:\/\/i0.wp.com\/gdynia.wordcamp.org\/2025\/files\/2025\/09\/Frame-135-2.png?resize=723%2C480&#038;ssl=1\" alt=\"\" class=\"wp-image-1930\" srcset=\"https:\/\/i0.wp.com\/gdynia.wordcamp.org\/2025\/files\/2025\/09\/Frame-135-2.png?w=723&amp;ssl=1 723w, https:\/\/i0.wp.com\/gdynia.wordcamp.org\/2025\/files\/2025\/09\/Frame-135-2.png?resize=300%2C199&amp;ssl=1 300w, https:\/\/i0.wp.com\/gdynia.wordcamp.org\/2025\/files\/2025\/09\/Frame-135-2.png?resize=452%2C300&amp;ssl=1 452w\" sizes=\"auto, (max-width: 723px) 100vw, 723px\" \/><\/figure>\n<\/div>\n<\/div>\n","protected":false},"excerpt":{"rendered":"<p>Location On September 26th, we begin a three-day celebration of WordPress. WordCamp Gdynia 2025 will take place at the Pomorski Park Naukowo-Technologiczny, Building III, which is exactly where the Experyment Science Centre is located. This is a very important tip: the entrance to the event will be available in this very building. Do not try [&hellip;]<\/p>\n","protected":false},"author":14246880,"featured_media":1929,"parent":281,"menu_order":0,"comment_status":"closed","ping_status":"closed","template":"page-3","meta":{"_crdt_document":"","advanced_seo_description":"","jetpack_seo_html_title":"","jetpack_seo_noindex":false,"jetpack_post_was_ever_published":false,"footnotes":""},"class_list":["post-2391","page","type-page","status-publish","has-post-thumbnail","hentry"],"jetpack_sharing_enabled":true,"_links":{"self":[{"href":"https:\/\/gdynia.wordcamp.org\/2025\/wp-json\/wp\/v2\/pages\/2391","targetHints":{"allow":["GET"]}}],"collection":[{"href":"https:\/\/gdynia.wordcamp.org\/2025\/wp-json\/wp\/v2\/pages"}],"about":[{"href":"https:\/\/gdynia.wordcamp.org\/2025\/wp-json\/wp\/v2\/types\/page"}],"author":[{"embeddable":true,"href":"https:\/\/gdynia.wordcamp.org\/2025\/wp-json\/wp\/v2\/users\/14246880"}],"replies":[{"embeddable":true,"href":"https:\/\/gdynia.wordcamp.org\/2025\/wp-json\/wp\/v2\/comments?post=2391"}],"version-history":[{"count":1,"href":"https:\/\/gdynia.wordcamp.org\/2025\/wp-json\/wp\/v2\/pages\/2391\/revisions"}],"predecessor-version":[{"id":2392,"href":"https:\/\/gdynia.wordcamp.org\/2025\/wp-json\/wp\/v2\/pages\/2391\/revisions\/2392"}],"up":[{"embeddable":true,"href":"https:\/\/gdynia.wordcamp.org\/2025\/wp-json\/wp\/v2\/pages\/281"}],"wp:featuredmedia":[{"embeddable":true,"href":"https:\/\/gdynia.wordcamp.org\/2025\/wp-json\/wp\/v2\/media\/1929"}],"wp:attachment":[{"href":"https:\/\/gdynia.wordcamp.org\/2025\/wp-json\/wp\/v2\/media?parent=2391"}],"curies":[{"name":"wp","href":"https:\/\/api.w.org\/{rel}","templated":true}]}}