{"id":635,"date":"2025-05-30T00:20:43","date_gmt":"2025-05-29T22:20:43","guid":{"rendered":"https:\/\/gdynia.wordcamp.org\/2025\/?page_id=635"},"modified":"2025-07-22T22:32:42","modified_gmt":"2025-07-22T20:32:42","slug":"zostan-prelegentem","status":"publish","type":"page","link":"https:\/\/gdynia.wordcamp.org\/2025\/zostan-prelegentem\/","title":{"rendered":"Zosta\u0144 Prelegentem"},"content":{"rendered":"\n<div class=\"wp-block-columns is-layout-flex wp-container-core-columns-is-layout-88c3a344 wp-block-columns-is-layout-flex\" style=\"padding-top:var(--wp--preset--spacing--50);padding-right:0;padding-bottom:var(--wp--preset--spacing--50);padding-left:0\">\n<div class=\"wp-block-column is-vertically-aligned-center is-layout-flow wp-container-core-column-is-layout-1fd16bab wp-block-column-is-layout-flow\" style=\"padding-right:var(--wp--preset--spacing--20);padding-left:var(--wp--preset--spacing--20)\">\n<div class=\"wp-block-group is-vertical is-content-justification-left is-layout-flex wp-container-core-group-is-layout-6991d332 wp-block-group-is-layout-flex\" style=\"padding-top:0;padding-bottom:0\">\n<h2 class=\"wp-block-heading\">Dlaczego warto?<\/h2>\n\n\n\n<p>Bo WordCamp to co\u015b wi\u0119cej ni\u017c konferencja \u2013 to \u017cywa spo\u0142eczno\u015b\u0107 ludzi, kt\u00f3rych \u0142\u0105czy nie tylko WordPress, ale te\u017c ch\u0119\u0107 rozwoju, otwarto\u015b\u0107 i dzielenie si\u0119 do\u015bwiadczeniem. <strong>Wyst\u0119puj\u0105c jako prelegent, stajesz si\u0119 jej cz\u0119\u015bci\u0105 \u2013 nie jako obserwator, ale jako osoba, kt\u00f3ra inspiruje, inicjuje rozmowy i zostaje zapami\u0119tana.<\/strong><\/p>\n\n\n\n<p>Je\u015bli chcesz budowa\u0107 sw\u00f3j wizerunek jako specjalista lub specjalistka w bran\u017cy technologicznej, kreatywnej czy edukacyjnej, to scena WordCampa daje Ci do tego \u015bwietny punkt wyj\u015bcia.<\/p>\n\n\n\n<div class=\"wp-block-buttons is-content-justification-center is-layout-flex wp-container-core-buttons-is-layout-a89b3969 wp-block-buttons-is-layout-flex\">\n<div class=\"wp-block-button\"><a class=\"wp-block-button__link wp-element-button\" href=\"https:\/\/wordcampgdynia.confreg.pl\/events\/54-wordcamp-gdynia-2025\" target=\"_blank\" rel=\"noreferrer noopener\">Zosta\u0144 prelegentem<\/a><\/div>\n<\/div>\n<\/div>\n<\/div>\n\n\n\n<div class=\"wp-block-column is-vertically-aligned-center is-layout-flow wp-block-column-is-layout-flow\" style=\"flex-basis:60%\">\n<figure class=\"wp-block-image size-full\"><img data-recalc-dims=\"1\" loading=\"lazy\" decoding=\"async\" width=\"685\" height=\"461\" src=\"https:\/\/i0.wp.com\/gdynia.wordcamp.org\/2025\/files\/2025\/05\/Frame-135.jpg?resize=685%2C461&#038;ssl=1\" alt=\"\" class=\"wp-image-638\" srcset=\"https:\/\/i0.wp.com\/gdynia.wordcamp.org\/2025\/files\/2025\/05\/Frame-135.jpg?w=685&amp;ssl=1 685w, https:\/\/i0.wp.com\/gdynia.wordcamp.org\/2025\/files\/2025\/05\/Frame-135.jpg?resize=300%2C202&amp;ssl=1 300w, https:\/\/i0.wp.com\/gdynia.wordcamp.org\/2025\/files\/2025\/05\/Frame-135.jpg?resize=446%2C300&amp;ssl=1 446w\" sizes=\"auto, (max-width: 685px) 100vw, 685px\" \/><\/figure>\n<\/div>\n<\/div>\n\n\n\n<div class=\"wp-block-columns is-layout-flex wp-container-core-columns-is-layout-88c3a344 wp-block-columns-is-layout-flex\" style=\"padding-top:var(--wp--preset--spacing--50);padding-right:0;padding-bottom:var(--wp--preset--spacing--50);padding-left:0\">\n<div class=\"wp-block-column is-vertically-aligned-center is-layout-flow wp-block-column-is-layout-flow\" style=\"flex-basis:60%\">\n<figure class=\"wp-block-image size-full\"><img data-recalc-dims=\"1\" loading=\"lazy\" decoding=\"async\" width=\"685\" height=\"451\" src=\"https:\/\/i0.wp.com\/gdynia.wordcamp.org\/2025\/files\/2025\/05\/Frame-135-2.jpg?resize=685%2C451&#038;ssl=1\" alt=\"\" class=\"wp-image-640\" srcset=\"https:\/\/i0.wp.com\/gdynia.wordcamp.org\/2025\/files\/2025\/05\/Frame-135-2.jpg?w=685&amp;ssl=1 685w, https:\/\/i0.wp.com\/gdynia.wordcamp.org\/2025\/files\/2025\/05\/Frame-135-2.jpg?resize=300%2C198&amp;ssl=1 300w, https:\/\/i0.wp.com\/gdynia.wordcamp.org\/2025\/files\/2025\/05\/Frame-135-2.jpg?resize=456%2C300&amp;ssl=1 456w\" sizes=\"auto, (max-width: 685px) 100vw, 685px\" \/><\/figure>\n<\/div>\n\n\n\n<div class=\"wp-block-column is-vertically-aligned-center is-layout-flow wp-block-column-is-layout-flow\" style=\"padding-right:var(--wp--preset--spacing--20);padding-left:var(--wp--preset--spacing--20)\">\n<div class=\"wp-block-group is-vertical is-content-justification-left is-layout-flex wp-container-core-group-is-layout-6991d332 wp-block-group-is-layout-flex\" style=\"padding-top:0;padding-bottom:0\">\n<h2 class=\"wp-block-heading\">Co otrzymasz?<\/h2>\n\n\n\n<p>Zostaj\u0105c prelegentem WordCamp Gdynia, otrzymujesz darmowy bilet na ca\u0142e wydarzenie, wy\u017cywienie, drobny upominek, zaproszenie na speakers dinner i wsparcie promocyjne w social mediach.<\/p>\n\n\n\n<p><strong>To tak\u017ce mo\u017cliwo\u015b\u0107 budowania marki osobistej, nawi\u0105zywania warto\u015bciowych kontakt\u00f3w i \u2013 co najwa\u017cniejsze \u2013 \u017cywego, bezpo\u015bredniego kontaktu ze spo\u0142eczno\u015bci\u0105 WordPress, kt\u00f3ra naprawd\u0119 s\u0142ucha, wspiera i zadaje dobre pytania.<\/strong><\/p>\n\n\n\n<div class=\"wp-block-buttons is-content-justification-center is-layout-flex wp-container-core-buttons-is-layout-a89b3969 wp-block-buttons-is-layout-flex\">\n<div class=\"wp-block-button\"><a class=\"wp-block-button__link wp-element-button\" href=\"https:\/\/wordcampgdynia.confreg.pl\/events\/54-wordcamp-gdynia-2025\" target=\"_blank\" rel=\"noreferrer noopener\">Wy\u015blij zg\u0142oszenie<\/a><\/div>\n<\/div>\n<\/div>\n<\/div>\n<\/div>\n\n\n\n<div class=\"wp-block-columns is-layout-flex wp-container-core-columns-is-layout-88c3a344 wp-block-columns-is-layout-flex\" style=\"padding-top:var(--wp--preset--spacing--50);padding-right:0;padding-bottom:var(--wp--preset--spacing--50);padding-left:0\">\n<div class=\"wp-block-column is-vertically-aligned-center is-layout-flow wp-block-column-is-layout-flow\" style=\"padding-right:var(--wp--preset--spacing--20);padding-left:var(--wp--preset--spacing--20)\">\n<div class=\"wp-block-group is-vertical is-content-justification-left is-layout-flex wp-container-core-group-is-layout-6991d332 wp-block-group-is-layout-flex\" style=\"padding-top:0;padding-bottom:0\">\n<h2 class=\"wp-block-heading\">Czego wymagamy<\/h2>\n\n\n\n<p><strong>Przede wszystkim \u2013 ch\u0119ci podzielenia si\u0119 tym, co wiesz i co Ci\u0119 porusza.<\/strong> Nie musisz mie\u0107 za sob\u0105 dziesi\u0105tek wyst\u0105pie\u0144 \u2013 wa\u017cne, \u017ce zale\u017cy Ci na warto\u015bciowym przekazie i realnym kontakcie z uczestnikami.<\/p>\n\n\n\n<p>Liczymy na punktualno\u015b\u0107, przes\u0142anie prezentacji w ustalonym terminie i przestrzeganie zasad Code of Conduct, kt\u00f3re tworz\u0105 bezpieczn\u0105 przestrze\u0144 dla wszystkich. Prosimy te\u017c o niewprowadzanie tre\u015bci sprzeda\u017cowych.Je\u015bli chcesz budowa\u0107 sw\u00f3j wizerunek jako specjalista lub specjalistka w bran\u017cy technologicznej, kreatywnej czy edukacyjnej, to scena WordCampa daje Ci do tego \u015bwietny punkt wyj\u015bcia.<\/p>\n\n\n\n<div class=\"wp-block-buttons is-content-justification-center is-layout-flex wp-container-core-buttons-is-layout-a89b3969 wp-block-buttons-is-layout-flex\">\n<div class=\"wp-block-button\"><a class=\"wp-block-button__link wp-element-button\" href=\"https:\/\/wordcampgdynia.confreg.pl\/events\/54-wordcamp-gdynia-2025\" target=\"_blank\" rel=\"noreferrer noopener\">Do\u0142\u0105cz do grona prelegent\u00f3w<\/a><\/div>\n<\/div>\n<\/div>\n<\/div>\n\n\n\n<div class=\"wp-block-column is-vertically-aligned-center is-layout-flow wp-block-column-is-layout-flow\" style=\"flex-basis:60%\">\n<figure class=\"wp-block-image size-full\"><img data-recalc-dims=\"1\" loading=\"lazy\" decoding=\"async\" width=\"686\" height=\"542\" src=\"https:\/\/i0.wp.com\/gdynia.wordcamp.org\/2025\/files\/2025\/05\/Frame-135-1.jpg?resize=686%2C542&#038;ssl=1\" alt=\"\" class=\"wp-image-639\" srcset=\"https:\/\/i0.wp.com\/gdynia.wordcamp.org\/2025\/files\/2025\/05\/Frame-135-1.jpg?w=686&amp;ssl=1 686w, https:\/\/i0.wp.com\/gdynia.wordcamp.org\/2025\/files\/2025\/05\/Frame-135-1.jpg?resize=300%2C237&amp;ssl=1 300w, https:\/\/i0.wp.com\/gdynia.wordcamp.org\/2025\/files\/2025\/05\/Frame-135-1.jpg?resize=380%2C300&amp;ssl=1 380w\" sizes=\"auto, (max-width: 686px) 100vw, 686px\" \/><\/figure>\n<\/div>\n<\/div>\n\n\n\n<div class=\"wp-block-group alignfull homepage-about has-base-2-background-color has-background has-global-padding is-layout-constrained wp-container-core-group-is-layout-432cb2bd wp-block-group-is-layout-constrained\" style=\"margin-top:0;margin-bottom:0;padding-top:var(--wp--preset--spacing--50);padding-right:var(--wp--preset--spacing--20);padding-bottom:var(--wp--preset--spacing--50);padding-left:var(--wp--preset--spacing--20);background-image:url(&apos;https:\/\/gdynia.wordcamp.org\/2025\/files\/2025\/05\/Title-Image-2.jpg&apos;);background-size:cover;\">\n<h2 class=\"wp-block-heading has-text-align-center has-custom-color-1-color has-text-color has-link-color wp-elements-13265e56f9510246309a5598fc6084cf\">To b\u0119dzie najwi\u0119ksze wydarzenie<br>WordPressowe na p\u00f3\u0142nocy Polski!<\/h2>\n\n\n\n<p class=\"has-text-align-center has-text-color has-link-color wp-elements-4a18b706860fcd9bb3c4f5e963277c2f\" style=\"color:#e6e6eb\">Tegoroczna konferencja w Pomorskim Parku Technologicznym w Gdyni b\u0119dzie ju\u017c czwart\u0105 edycj\u0105 WordCamp Gdynia, jednak pierwsz\u0105 (i to w Polsce) z dedykowan\u0105 \u015bcie\u017ck\u0105 w j\u0119zyku angielskim, otwieraj\u0105c mo\u017cliwo\u015bci na mi\u0119dzynarodowe znajomo\u015bci i wyj\u0105tkowy czas w gronie specjalist\u00f3w.<\/p>\n\n\n\n<div class=\"wp-block-buttons homepage-about-quack-buttons is-content-justification-center is-layout-flex wp-container-core-buttons-is-layout-a89b3969 wp-block-buttons-is-layout-flex\">\n<div class=\"wp-block-button\"><a class=\"wp-block-button__link wp-element-button\" href=\"https:\/\/gdynia.wordcamp.org\/2025\/bilety\/\">Kup bilet<\/a><\/div>\n\n\n\n<div class=\"wp-block-button is-style-outline is-style-outline--1\"><a class=\"wp-block-button__link wp-element-button\" href=\"https:\/\/gdynia.wordcamp.org\/2025\/oferta-sponsorska\/\">Zosta\u0144 Sponsorem<\/a><\/div>\n<\/div>\n<\/div>\n","protected":false},"excerpt":{"rendered":"<p>Dlaczego warto? Bo WordCamp to co\u015b wi\u0119cej ni\u017c konferencja \u2013 to \u017cywa spo\u0142eczno\u015b\u0107 ludzi, kt\u00f3rych \u0142\u0105czy nie tylko WordPress, ale te\u017c ch\u0119\u0107 rozwoju, otwarto\u015b\u0107 i dzielenie si\u0119 do\u015bwiadczeniem. Wyst\u0119puj\u0105c jako prelegent, stajesz si\u0119 jej cz\u0119\u015bci\u0105 \u2013 nie jako obserwator, ale jako osoba, kt\u00f3ra inspiruje, inicjuje rozmowy i zostaje zapami\u0119tana. Je\u015bli chcesz budowa\u0107 sw\u00f3j wizerunek jako [&hellip;]<\/p>\n","protected":false},"author":14246880,"featured_media":0,"parent":0,"menu_order":0,"comment_status":"closed","ping_status":"closed","template":"","meta":{"advanced_seo_description":"","jetpack_seo_html_title":"","jetpack_seo_noindex":false,"jetpack_post_was_ever_published":false,"footnotes":""},"class_list":["post-635","page","type-page","status-publish","hentry"],"jetpack_sharing_enabled":true,"_links":{"self":[{"href":"https:\/\/gdynia.wordcamp.org\/2025\/wp-json\/wp\/v2\/pages\/635","targetHints":{"allow":["GET"]}}],"collection":[{"href":"https:\/\/gdynia.wordcamp.org\/2025\/wp-json\/wp\/v2\/pages"}],"about":[{"href":"https:\/\/gdynia.wordcamp.org\/2025\/wp-json\/wp\/v2\/types\/page"}],"author":[{"embeddable":true,"href":"https:\/\/gdynia.wordcamp.org\/2025\/wp-json\/wp\/v2\/users\/14246880"}],"replies":[{"embeddable":true,"href":"https:\/\/gdynia.wordcamp.org\/2025\/wp-json\/wp\/v2\/comments?post=635"}],"version-history":[{"count":5,"href":"https:\/\/gdynia.wordcamp.org\/2025\/wp-json\/wp\/v2\/pages\/635\/revisions"}],"predecessor-version":[{"id":935,"href":"https:\/\/gdynia.wordcamp.org\/2025\/wp-json\/wp\/v2\/pages\/635\/revisions\/935"}],"wp:attachment":[{"href":"https:\/\/gdynia.wordcamp.org\/2025\/wp-json\/wp\/v2\/media?parent=635"}],"curies":[{"name":"wp","href":"https:\/\/api.w.org\/{rel}","templated":true}]}}