{"id":894,"date":"2025-07-19T08:39:59","date_gmt":"2025-07-19T06:39:59","guid":{"rendered":"https:\/\/gdynia.wordcamp.org\/2025\/?page_id=894"},"modified":"2025-08-21T17:01:43","modified_gmt":"2025-08-21T15:01:43","slug":"wordpress-dla-poczatkujacych","status":"publish","type":"page","link":"https:\/\/gdynia.wordcamp.org\/2025\/bilety\/wordpress-dla-poczatkujacych\/","title":{"rendered":"WordPress dla pocz\u0105tkuj\u0105cych"},"content":{"rendered":"\n<div class=\"wp-block-columns is-layout-flex wp-container-core-columns-is-layout-88c3a344 wp-block-columns-is-layout-flex\" style=\"padding-top:var(--wp--preset--spacing--50);padding-right:0;padding-bottom:var(--wp--preset--spacing--50);padding-left:0\">\n<div class=\"wp-block-column is-vertically-aligned-center is-layout-flow wp-container-core-column-is-layout-1fd16bab wp-block-column-is-layout-flow\" style=\"padding-right:var(--wp--preset--spacing--20);padding-left:var(--wp--preset--spacing--20)\">\n<div class=\"wp-block-group is-vertical is-content-justification-left is-layout-flex wp-container-core-group-is-layout-6991d332 wp-block-group-is-layout-flex\" style=\"padding-top:0;padding-bottom:0\">\n<h2 class=\"wp-block-heading\">Czym jest WordPress dla Pocz\u0105tkuj\u0105cych?<\/h2>\n\n\n\n<p>WordPress dla Pocz\u0105tkuj\u0105cych to darmowe, jednodniowe warsztaty stworzone z my\u015bl\u0105 o osobach, kt\u00f3re chc\u0105 postawi\u0107 swoje pierwsze kroki w \u015bwiecie tworzenia stron internetowych. Bez teorii oderwanej od rzeczywisto\u015bci i bez chaosu typowego dla przypadkowych kurs\u00f3w online.<\/p>\n\n\n\n<p>To bezpieczna przestrze\u0144 do zadawania pyta\u0144, testowania, pope\u0142niania b\u0142\u0119d\u00f3w i uczenia si\u0119 w swoim tempie \u2013 pod okiem praktyk\u00f3w, kt\u00f3rzy na co dzie\u0144 tworz\u0105 strony i pracuj\u0105 z WordPressem zawodowo.<\/p>\n\n\n\n<p><strong>Zapraszamy 26.08.2025 do Pomorskiego Parku Naukowo-Technologicznego w Gdyni.<\/strong><\/p>\n\n\n\n<div class=\"wp-block-buttons is-content-justification-center is-layout-flex wp-container-core-buttons-is-layout-a89b3969 wp-block-buttons-is-layout-flex\">\n<div class=\"wp-block-button\"><a class=\"wp-block-button__link wp-element-button\" href=\"#sign-up\">Zapisz si\u0119 na warsztaty<\/a><\/div>\n<\/div>\n<\/div>\n<\/div>\n\n\n\n<div class=\"wp-block-column is-vertically-aligned-center is-layout-flow wp-block-column-is-layout-flow\" style=\"flex-basis:60%\">\n<figure class=\"wp-block-image size-full\"><img data-recalc-dims=\"1\" loading=\"lazy\" decoding=\"async\" width=\"685\" height=\"462\" src=\"https:\/\/i0.wp.com\/gdynia.wordcamp.org\/2025\/files\/2025\/08\/Frame-135.jpg?resize=685%2C462&#038;ssl=1\" alt=\"\" class=\"wp-image-1619\" srcset=\"https:\/\/i0.wp.com\/gdynia.wordcamp.org\/2025\/files\/2025\/08\/Frame-135.jpg?w=685&amp;ssl=1 685w, https:\/\/i0.wp.com\/gdynia.wordcamp.org\/2025\/files\/2025\/08\/Frame-135.jpg?resize=300%2C202&amp;ssl=1 300w, https:\/\/i0.wp.com\/gdynia.wordcamp.org\/2025\/files\/2025\/08\/Frame-135.jpg?resize=445%2C300&amp;ssl=1 445w\" sizes=\"auto, (max-width: 685px) 100vw, 685px\" \/><\/figure>\n<\/div>\n<\/div>\n\n\n\n<div class=\"wp-block-columns is-layout-flex wp-container-core-columns-is-layout-88c3a344 wp-block-columns-is-layout-flex\" style=\"padding-top:var(--wp--preset--spacing--50);padding-right:0;padding-bottom:var(--wp--preset--spacing--50);padding-left:0\">\n<div class=\"wp-block-column is-vertically-aligned-center is-layout-flow wp-block-column-is-layout-flow\" style=\"flex-basis:60%\">\n<figure class=\"wp-block-image size-full\"><img data-recalc-dims=\"1\" loading=\"lazy\" decoding=\"async\" width=\"685\" height=\"451\" src=\"https:\/\/i0.wp.com\/gdynia.wordcamp.org\/2025\/files\/2025\/08\/Frame-135-1.jpg?resize=685%2C451&#038;ssl=1\" alt=\"\" class=\"wp-image-1620\" srcset=\"https:\/\/i0.wp.com\/gdynia.wordcamp.org\/2025\/files\/2025\/08\/Frame-135-1.jpg?w=685&amp;ssl=1 685w, https:\/\/i0.wp.com\/gdynia.wordcamp.org\/2025\/files\/2025\/08\/Frame-135-1.jpg?resize=300%2C198&amp;ssl=1 300w, https:\/\/i0.wp.com\/gdynia.wordcamp.org\/2025\/files\/2025\/08\/Frame-135-1.jpg?resize=456%2C300&amp;ssl=1 456w\" sizes=\"auto, (max-width: 685px) 100vw, 685px\" \/><\/figure>\n<\/div>\n\n\n\n<div class=\"wp-block-column is-vertically-aligned-center is-layout-flow wp-block-column-is-layout-flow\" style=\"padding-right:var(--wp--preset--spacing--20);padding-left:var(--wp--preset--spacing--20)\">\n<div class=\"wp-block-group is-vertical is-content-justification-left is-layout-flex wp-container-core-group-is-layout-6991d332 wp-block-group-is-layout-flex\" style=\"padding-top:0;padding-bottom:0\">\n<h2 class=\"wp-block-heading\">Dla kogo s\u0105 warsztaty?<\/h2>\n\n\n\n<p>Warsztaty stworzyli\u015bmy z my\u015bl\u0105 o osobach, kt\u00f3re dopiero zaczynaj\u0105 i potrzebuj\u0105 uporz\u0105dkowanej wiedzy w przyjaznej atmosferze.\u2028 Szczeg\u00f3lnie zapraszamy:<\/p>\n\n\n\n<ul class=\"wp-block-list\">\n<li>Marketer\u00f3w, kt\u00f3rzy chc\u0105 samodzielnie budowa\u0107 proste strony i landing page\u2019e<\/li>\n\n\n\n<li>Wirtualne asystentki, kt\u00f3re chc\u0105 rozszerzy\u0107 swoje umiej\u0119tno\u015bci<\/li>\n\n\n\n<li>Student\u00f3w, kt\u00f3rzy wiedz\u0105, \u017ce WordPress to cenna pozycja w CV<\/li>\n\n\n\n<li>Ka\u017cdego, kto chce zacz\u0105\u0107, ale nie wie, od czego<\/li>\n<\/ul>\n\n\n\n<p>Nie musisz zna\u0107 HTML-a, CSS-a ani mie\u0107 do\u015bwiadczenia w IT. Wystarczy ciekawo\u015b\u0107 i otwarta g\u0142owa.<\/p>\n\n\n\n<div class=\"wp-block-buttons is-content-justification-center is-layout-flex wp-container-core-buttons-is-layout-a89b3969 wp-block-buttons-is-layout-flex\">\n<div class=\"wp-block-button\"><a class=\"wp-block-button__link wp-element-button\" href=\"#sign-up\">Zapisz si\u0119 na warsztaty<\/a><\/div>\n<\/div>\n<\/div>\n<\/div>\n<\/div>\n\n\n\n<div class=\"wp-block-columns is-layout-flex wp-container-core-columns-is-layout-88c3a344 wp-block-columns-is-layout-flex\" style=\"padding-top:var(--wp--preset--spacing--50);padding-right:0;padding-bottom:var(--wp--preset--spacing--50);padding-left:0\">\n<div class=\"wp-block-column is-vertically-aligned-center is-layout-flow wp-block-column-is-layout-flow\" style=\"padding-right:var(--wp--preset--spacing--20);padding-left:var(--wp--preset--spacing--20)\">\n<div class=\"wp-block-group is-vertical is-content-justification-left is-layout-flex wp-container-core-group-is-layout-6991d332 wp-block-group-is-layout-flex\" style=\"padding-top:0;padding-bottom:0\">\n<h2 class=\"wp-block-heading\">Co zyskasz?<\/h2>\n\n\n\n<ul class=\"wp-block-list\">\n<li>Stworzysz swoj\u0105 pierwsz\u0105 stron\u0119 na WordPressie<\/li>\n\n\n\n<li>Zrozumiesz podstawy dzia\u0142ania WordPressa \u2013 motywy, wtyczki, hosting<\/li>\n\n\n\n<li>Dowiesz si\u0119, jak nie pope\u0142nia\u0107 b\u0142\u0119d\u00f3w, kt\u00f3re frustruj\u0105 pocz\u0105tkuj\u0105cych<\/li>\n\n\n\n<li>Otrzymasz konkretne wskaz\u00f3wki i odpowiedzi na pytania \u2013 od os\u00f3b, kt\u00f3re robi\u0105 to na co dzie\u0144<\/li>\n\n\n\n<li>Poznasz innych uczestnik\u00f3w \u2013 mo\u017ce razem zaczniecie co\u015b fajnego?<\/li>\n<\/ul>\n\n\n\n<p>To praktyczne warsztaty, a nie prezentacja. Dzia\u0142amy razem, na \u017cywo, z realnymi przyk\u0142adami.<\/p>\n\n\n\n<div class=\"wp-block-buttons is-content-justification-center is-layout-flex wp-container-core-buttons-is-layout-a89b3969 wp-block-buttons-is-layout-flex\">\n<div class=\"wp-block-button\"><a class=\"wp-block-button__link wp-element-button\" href=\"#sign-up\">Zapisz si\u0119 na warsztaty<\/a><\/div>\n<\/div>\n<\/div>\n<\/div>\n\n\n\n<div class=\"wp-block-column is-vertically-aligned-center is-layout-flow wp-block-column-is-layout-flow\" style=\"flex-basis:60%\">\n<figure class=\"wp-block-image size-full\"><img data-recalc-dims=\"1\" loading=\"lazy\" decoding=\"async\" width=\"686\" height=\"542\" src=\"https:\/\/i0.wp.com\/gdynia.wordcamp.org\/2025\/files\/2025\/08\/Frame-135-2.jpg?resize=686%2C542&#038;ssl=1\" alt=\"\" class=\"wp-image-1621\" srcset=\"https:\/\/i0.wp.com\/gdynia.wordcamp.org\/2025\/files\/2025\/08\/Frame-135-2.jpg?w=686&amp;ssl=1 686w, https:\/\/i0.wp.com\/gdynia.wordcamp.org\/2025\/files\/2025\/08\/Frame-135-2.jpg?resize=300%2C237&amp;ssl=1 300w, https:\/\/i0.wp.com\/gdynia.wordcamp.org\/2025\/files\/2025\/08\/Frame-135-2.jpg?resize=380%2C300&amp;ssl=1 380w\" sizes=\"auto, (max-width: 686px) 100vw, 686px\" \/><\/figure>\n<\/div>\n<\/div>\n\n\n\n<div id=\"sign-up\" class=\"wp-block-group has-background has-global-padding is-layout-constrained wp-container-core-group-is-layout-a666d811 wp-block-group-is-layout-constrained\" style=\"background-color:#efefef;padding-top:var(--wp--preset--spacing--40);padding-right:var(--wp--preset--spacing--40);padding-bottom:var(--wp--preset--spacing--40);padding-left:var(--wp--preset--spacing--40)\">\n<h2 class=\"wp-block-heading\" id=\"wordpress-dla-poczatkujacych\">Zacznij swoj\u0105 przygod\u0119 z WordPressem \u2013 za darmo!<\/h2>\n\n\n\n<p><strong>Rejestracja upowa\u017cnia Ci\u0119 jedynie do udzia\u0142u w Warsztatach WordPress dla Pocz\u0105tkuj\u0105cych, by by\u0107 z nami na ca\u0142ym wydarzeniu musisz kupi\u0107 bilet!<\/strong><\/p>\n\n\n\n<p>Nie musisz mie\u0107 \u017cadnego do\u015bwiadczenia \u2013 wystarczy laptop i ch\u0119\u0107 nauczenia si\u0119 czego\u015b nowego.<br>Czekamy na Ciebie w pi\u0105tek 26 wrze\u015bnia w sali kinowej PPNT w godzinach 11:30 &#8211; 15:30.<\/p>\n\n\n<div data-test='contact-form'\n\t\t\tid='contact-form-894'\n\t\t\tclass='wp-block-jetpack-contact-form-container '\n\t\t\tdata-wp-interactive='jetpack\/form' data-wp-context='{\"formId\":\"894\",\"formHash\":\"476abe802fdf24404d8aaf770b867b48b0e64910\",\"showErrors\":false,\"errors\":[],\"fields\":[],\"isMultiStep\":false,\"useAjax\":true,\"submissionData\":null,\"formattedSubmissionData\":[],\"submissionSuccess\":false,\"submissionError\":null,\"elementId\":\"jp-form-476abe802fdf24404d8aaf770b867b48b0e64910\",\"isSingleInputForm\":false}'\n\t\t\tdata-wp-watch--scroll-to-wrapper=\"callbacks.scrollToWrapper\"\n\t\t>\n<div class=\"contact-form-submission contact-form-ajax-submission\" data-wp-bind--aria-hidden=\"state.isSuccessMessageAriaHidden\" data-wp-class--submission-success=\"context.submissionSuccess\" id=\"contact-form-success-476abe802fdf24404d8aaf770b867b48b0e64910\" tabindex=\"-1\" aria-labelledby=\"contact-form-success-header-476abe802fdf24404d8aaf770b867b48b0e64910\"><p class=\"go-back-message\"><a class=\"link\" role=\"button\" tabindex=\"0\" data-wp-on--click=\"actions.goBack\" href=\"\/2025\/wp-json\/wp\/v2\/pages\/894\">\u2190 Back<\/a><\/p><h4 data-wp-bind--aria-hidden=\"state.isSuccessMessageAriaHidden\" id=\"contact-form-success-header-476abe802fdf24404d8aaf770b867b48b0e64910\">Your message has been sent<\/h4>\n\n<template data-wp-each--submission=\"context.formattedSubmissionData\">\n\t\t\t\t\t<div class=\"jetpack_forms_contact-form-success-summary\">\n\t\t\t\t\t\t<div class=\"field-name\" data-wp-text=\"context.submission.label\" data-wp-bind--hidden=\"!context.submission.label\"><\/div>\n\t\t\t\t\t\t<div class=\"field-value\" data-wp-text=\"context.submission.value\" data-wp-bind--hidden=\"!context.submission.showPlainValue\"><\/div>\n\t\t\t\t\t\t<a class=\"field-url\" data-wp-bind--href=\"context.submission.url\" data-wp-text=\"context.submission.value\" data-wp-bind--hidden=\"!context.submission.url\" target=\"_blank\" rel=\"noopener noreferrer\"><\/a>\n\t\t\t\t\t\t<div class=\"field-rating\" data-wp-bind--hidden=\"!context.submission.rating\" data-wp-watch=\"callbacks.watchRatingIcons\"><\/div>\n\t\t\t\t\t\t<div class=\"field-images\" data-wp-bind--hidden=\"!context.submission.images\">\n\t\t\t\t\t\t\t<template data-wp-each--image=\"context.submission.images\">\n\t\t\t\t\t\t\t\t<div class=\"field-image-option\" data-wp-class--is-empty=\"!context.image.src\">\n\t\t\t\t\t\t\t\t\t<figure class=\"field-image-option__image\" data-wp-class--is-empty=\"!context.image.src\">\n\t\t\t\t\t\t\t\t\t\t<img data-wp-bind--src=\"context.image.src\" data-wp-bind--hidden=\"!context.image.src\" \/>\n\t\t\t\t\t\t\t\t\t\t<img decoding=\"async\" src=\"data:image\/gif;base64,R0lGODlhAQABAAD\/ACwAAAAAAQABAAACADs=\" data-wp-bind--hidden=\"context.image.src\" \/>\n\t\t\t\t\t\t\t\t\t<\/figure>\n\t\t\t\t\t\t\t\t\t<div class=\"field-image-option__label-wrapper\">\n\t\t\t\t\t\t\t\t\t\t<span class=\"field-image-option__label-code\" data-wp-text=\"context.image.letterCode\"><\/span>\n\t\t\t\t\t\t\t\t\t\t<span class=\"field-image-option__label\" data-wp-text=\"context.image.label\" data-wp-bind--hidden=\"!context.image.label\"><\/span>\n\t\t\t\t\t\t\t\t\t<\/div>\n\t\t\t\t\t\t\t\t<\/div>\n\t\t\t\t\t\t\t<\/template>\n\t\t\t\t\t\t<\/div>\n\t\t\t\t\t\t<div class=\"field-files\" data-wp-bind--hidden=\"!context.submission.files\">\n\t\t\t\t\t\t\t<template data-wp-each--file=\"context.submission.files\">\n\t\t\t\t\t\t\t\t<div class=\"field-file\">\n\t\t\t\t\t\t\t\t\t<div class=\"field-file__thumbnail\" data-wp-style--background-image=\"context.file.previewUrl\" data-wp-style--mask-image=\"context.file.iconUrl\" data-wp-bind--hidden=\"!context.file.hasPreview\"><\/div>\n\t\t\t\t\t\t\t\t\t<svg class=\"field-file__icon\" data-wp-bind--hidden=\"context.file.hasPreview\" width=\"20\" height=\"20\" viewBox=\"0 0 24 24\" fill=\"none\" xmlns=\"http:\/\/www.w3.org\/2000\/svg\" aria-hidden=\"true\">\n\t\t\t\t\t\t\t\t\t\t<path d=\"M14 2H6C4.9 2 4 2.9 4 4V20C4 21.1 4.89 22 5.99 22H18C19.1 22 20 21.1 20 20V8L14 2ZM18 20H6V4H13V9H18V20Z\" fill=\"currentColor\"\/>\n\t\t\t\t\t\t\t\t\t<\/svg>\n\t\t\t\t\t\t\t\t\t<span class=\"field-file__name\" data-wp-text=\"context.file.name\"><\/span>\n\t\t\t\t\t\t\t\t\t<span class=\"field-file__size\" data-wp-text=\"context.file.size\"><\/span>\n\t\t\t\t\t\t\t\t<\/div>\n\t\t\t\t\t\t\t<\/template>\n\t\t\t\t\t\t<\/div>\n\t\t\t\t\t<\/div>\n\t\t\t\t<\/template><\/div><form action='https:\/\/gdynia.wordcamp.org\/2025\/bilety\/wordpress-dla-poczatkujacych\/'\n\t\t\t\tid='jp-form-476abe802fdf24404d8aaf770b867b48b0e64910'\n\t\t\t\tmethod='post'\n\t\t\t\tclass='contact-form commentsblock wp-block-jetpack-contact-form' aria-label=\"WordPress dla pocz\u0105tkuj\u0105cych\"\n\t\t\t\tdata-wp-on--submit=\"actions.onFormSubmit\"\n\t\t\t\tdata-wp-on--reset=\"actions.onFormReset\"\n\t\t\t\tdata-wp-class--submission-success=\"context.submissionSuccess\"\n\t\t\t\tdata-wp-class--is-first-step=\"state.isFirstStep\"\n\t\t\t\tdata-wp-class--is-last-step=\"state.isLastStep\"\n\t\t\t\tdata-wp-class--is-ajax-form=\"context.useAjax\"\n\t\t\t\tnovalidate >\n<input type='hidden' name='jetpack_contact_form_jwt' value='eyJ0eXAiOiJKV1QiLCJhbGciOiJIUzI1NiJ9.eyJlbmNyeXB0ZWRfYXR0cmlidXRlcyI6IkFkWXRqSGZmNkgwTkpjblJYUnJUSDQxbU5uUXRPWTJ0NHU5TGRaZ05pYXdlaGV1U3N4ZXhxZkNKa2pCUVBsaFpUNVZEYUZKSG50ekJQM085YlpNMXFZL2s4SDVKNWsxVmRSN3dPQ3BPZGpHaGhOalpNcG1JR2lrM0VXa3NsVm1pbXR2bTNJSmpSL3I1NjNtcnpLaFlPM1dRTzIvRk0rR0h6eUNmdU5OS3Z5ZjczaHY5dlZpRGM1enkyZmxlaGV1MzJmV0RiOVdhcWc4ODRvczI1MWNQQTJlUWdmckRWNnJZanF6K0ZEUEZ1WG50RlhmaENDcHRmbDJFV3RNV01BZHd0VE1VV01VdW9mbmx1T3prN28vVVdpcXF2dzlSbG1VUkRNR2w0V3VLbTZscGpTN2hYZUt6K3I0RnY5Z3NmU2t5a3lSRkdwcGZjNVFJRXlwYVNPcHZrM0Y1Z0svZ2ZDRlJIZ1llZEYvanBFYXJiWTZreUxZdHc1OGhKaGFGQWpQT043a0NrajFiOFVTSzd6SmlVTlZiTVpVMitwZ1JXZ1FDZWJpUWM0MFJaby9jWlpHQUgyeUk2Ylo4cWJaN0pqMk1wdzFlS3BuMytEWUtBZUZwYzN2aE5Mc3F2VmMwMGJHVXdRbmFsbVBhamVCYldmUzc0M2JJQysxM2trbzlsVVY4R3ZzTmZPY0NkUTNsdjVlbzY3Qkp4RitGZW5uRkNkby9ITCtpVDk5SUpOU0k4Z1JPQ0p2cm15Z3RIUTBoRWI0ejc1TmRzWDdIaTY3QVVOc0EzK3NjbWE3clZQK0R5bVdxUnVmaE1OWDNVMncyYnp0TzVsSXZJVkNBMnpWNlF1MmhTeE9sUHBCL25melpvWDBxbzhnc21GUm9ESlhObnVncjBKZmhjbVpTYTNtWGoxbFpnVWwrNndBNGtrdURCZllwUVZwT3R3aGVZaGV2UnpHT1ZRa3EzNTI5RTRVclBXVTNYZ0E3UndnbXVwc0MyaW5yVzJocFBmMVYrY1lHZ2JoOXArYUtsN1p1Y2RvamVSSXZzMEZXbGQzTjRLVUV4ci8vUlhZYWJJQ2RhbEtZY0N5bkZlSDk1N0dldkk0aHd2dzIzTFBxTHkrcGFjTU40SEd2cjVoT3RCczh5OFRoTXpkQ2tpV2FobDg0OVhwZmQ1R0hXSTFLbTdHUzlMR1dlMndMMmpZSHd3PT0iLCJjb250ZW50IjoiXG48ZGl2IGNsYXNzPVwid3AtYmxvY2stamV0cGFjay1jb250YWN0LWZvcm1cIiBzdHlsZT1cInBhZGRpbmctdG9wOjE2cHg7cGFkZGluZy1yaWdodDoxNnB4O3BhZGRpbmctYm90dG9tOjE2cHg7cGFkZGluZy1sZWZ0OjE2cHhcIj5bY29udGFjdC1maWVsZCByZXF1aXJlZD1cIjFcIiB0eXBlPVwibmFtZVwiIGxhYmVsPVwiTmFtZVwiL11cblxuW2NvbnRhY3QtZmllbGQgcmVxdWlyZWQ9XCIxXCIgdHlwZT1cImVtYWlsXCIgbGFiZWw9XCJFbWFpbFwiL11cblxuPGRpdiBjbGFzcz1cIndwLWJsb2NrLWpldHBhY2stYnV0dG9uIHdwLWJsb2NrLWJ1dHRvblwiIHN0eWxlPVwiXCI-PGJ1dHRvbiBjbGFzcz1cIndwLWJsb2NrLWJ1dHRvbl9fbGlua1wiIHN0eWxlPVwiXCIgZGF0YS1pZC1hdHRyPVwicGxhY2Vob2xkZXJcIiB0eXBlPVwic3VibWl0XCIgZGF0YS13cC1jbGFzcy0taXMtc3VibWl0dGluZz1cInN0YXRlLmlzU3VibWl0dGluZ1wiIGRhdGEtd3AtYmluZC0tYXJpYS1kaXNhYmxlZD1cInN0YXRlLmlzQXJpYURpc2FibGVkXCI-V3lcdTAxNWJsaWo8c3BhbiBjbGFzcz1cInNwaW5uZXJcIiBhcmlhLWhpZGRlbj1cInRydWVcIj48c3ZnIHdpZHRoPVwiMjRcIiBoZWlnaHQ9XCIyNFwiIHZpZXdCb3g9XCIwIDAgMjQgMjRcIiB4bWxucz1cImh0dHA6Ly93d3cudzMub3JnLzIwMDAvc3ZnXCI-PHBhdGggZD1cIk0xMiwxQTExLDExLDAsMSwwLDIzLDEyLDExLDExLDAsMCwwLDEyLDFabTAsMTlhOCw4LDAsMSwxLDgtOEE4LDgsMCwwLDEsMTIsMjBaXCIgb3BhY2l0eT1cIi4yNVwiLz48cGF0aCBkPVwiTTEwLjE0LDEuMTZhMTEsMTEsMCwwLDAtOSw4LjkyQTEuNTksMS41OSwwLDAsMCwyLjQ2LDEyLDEuNTIsMS41MiwwLDAsMCw0LjExLDEwLjdhOCw4LDAsMCwxLDYuNjYtNi42MUExLjQyLDEuNDIsMCwwLDAsMTIsMi42OWgwQTEuNTcsMS41NywwLDAsMCwxMC4xNCwxLjE2WlwiPjxhbmltYXRlVHJhbnNmb3JtIGF0dHJpYnV0ZU5hbWU9XCJ0cmFuc2Zvcm1cIiB0eXBlPVwicm90YXRlXCIgZHVyPVwiMC43NXNcIiB2YWx1ZXM9XCIwIDEyIDEyOzM2MCAxMiAxMlwiIHJlcGVhdENvdW50PVwiaW5kZWZpbml0ZVwiLz48L3BhdGg-PC9zdmc-PHNwYW4gY2xhc3M9XCJpcy12aXN1YWxseS1oaWRkZW5cIj5TdWJtaXR0aW5nIGZvcm08L3NwYW4-PC9zcGFuPjwvYnV0dG9uPjwvZGl2PjwvZGl2PlxuIiwiaGFzaCI6IjQ3NmFiZTgwMmZkZjI0NDA0ZDhhYWY3NzBiODY3YjQ4YjBlNjQ5MTAiLCJzb3VyY2UiOnsiZW50cnlfdGl0bGUiOiJXb3JkUHJlc3MgZGxhIHBvY3pcdTAxMDV0a3VqXHUwMTA1Y3ljaCIsImVudHJ5X3BhZ2UiOjEsInNvdXJjZV9pZCI6ODk0LCJzb3VyY2VfdHlwZSI6InNpbmdsZSIsInJlcXVlc3RfdXJsIjoiaHR0cHM6Ly9nZHluaWEud29yZGNhbXAub3JnLzIwMjUvd3AtanNvbi93cC92Mi9wYWdlcy84OTQifSwidmVyc2lvbiI6MiwiY2lwaGVyIjoiYWVzLTI1Ni1nY20ifQ.xwANr1wUejKiiJuHTRv6XWJ0P8fbGaSbWtqzVqWr4EM' \/>\n\n<div class=\"wp-block-jetpack-contact-form\" style=\"padding-top:16px;padding-right:16px;padding-bottom:16px;padding-left:16px\">\n<div style=\"\"  data-wp-interactive=\"jetpack\/form\" data-wp-context='{\"fieldId\":\"g894-name\",\"fieldType\":\"name\",\"fieldLabel\":\"Name\",\"fieldValue\":\"\",\"fieldPlaceholder\":\"\",\"fieldIsRequired\":\"1\",\"fieldErrorMessage\":\"\",\"fieldExtra\":[],\"formHash\":\"476abe802fdf24404d8aaf770b867b48b0e64910\"}'  class='grunion-field-name-wrap grunion-field-wrap'  data-wp-init='callbacks.initializeField' data-wp-on--jetpack-form-reset='callbacks.initializeField' >\n<label\n\t\t\t\tfor='g894-name' class=\"grunion-field-label name\" >Name<span class=\"grunion-label-required\" aria-hidden=\"true\">(required)<\/span><\/label>\n<input\n\t\t\t\t\ttype='text'\n\t\t\t\t\tname='g894-name'\n\t\t\t\t\tid='g894-name'\n\t\t\t\t\tvalue=''\n\n\t\t\t\t\tdata-wp-bind--aria-invalid='state.fieldAriaInvalid'\n\t\t\t\t\tdata-wp-bind--value='state.getFieldValue'\n\t\t\t\t\taria-describedby='g894-name-text-error-message'\n\t\t\t\t\tdata-wp-on--input='actions.onFieldChange'\n\t\t\t\t\tdata-wp-on--blur='actions.onFieldBlur'\n\t\t\t\t\tdata-wp-class--has-value='state.hasFieldValue'\n\n\t\t\t\t\tclass='name  grunion-field' \n\t\t\t\t\trequired='true' aria-required='true'  \/>\n \n\t\t\t<div id=\"g894-name-text-error\" class=\"contact-form__input-error\" data-wp-class--has-errors=\"state.fieldHasErrors\">\n\t\t\t\t<span class=\"contact-form__warning-icon\" aria-hidden=\"true\">\n\t\t\t\t\t<svg width=\"16\" height=\"16\" viewBox=\"0 0 16 16\" fill=\"none\" xmlns=\"http:\/\/www.w3.org\/2000\/svg\">\n\t\t\t\t\t\t<path d=\"M8.50015 11.6402H7.50015V10.6402H8.50015V11.6402Z\" \/>\n\t\t\t\t\t\t<path d=\"M7.50015 9.64018H8.50015V6.30684H7.50015V9.64018Z\" \/>\n\t\t\t\t\t\t<path fill-rule=\"evenodd\" clip-rule=\"evenodd\" d=\"M6.98331 3.0947C7.42933 2.30177 8.57096 2.30177 9.01698 3.09469L13.8771 11.7349C14.3145 12.5126 13.7525 13.4735 12.8602 13.4735H3.14004C2.24774 13.4735 1.68575 12.5126 2.12321 11.7349L6.98331 3.0947ZM8.14541 3.58496C8.08169 3.47168 7.9186 3.47168 7.85488 3.58496L2.99478 12.2251C2.93229 12.3362 3.01257 12.4735 3.14004 12.4735H12.8602C12.9877 12.4735 13.068 12.3362 13.0055 12.2251L8.14541 3.58496Z\" \/>\n\t\t\t\t\t<\/svg>\n\t\t\t\t<\/span>\n\t\t\t\t<span data-wp-text=\"state.errorMessage\" id=\"g894-name-text-error-message\"><\/span>\n\t\t\t<\/div> \n\t<\/div>\n\n\n\n<div style=\"\"  data-wp-interactive=\"jetpack\/form\" data-wp-context='{\"fieldId\":\"g894-email\",\"fieldType\":\"email\",\"fieldLabel\":\"Email\",\"fieldValue\":\"\",\"fieldPlaceholder\":\"\",\"fieldIsRequired\":\"1\",\"fieldErrorMessage\":\"\",\"fieldExtra\":[],\"formHash\":\"476abe802fdf24404d8aaf770b867b48b0e64910\"}'  class='grunion-field-email-wrap grunion-field-wrap'  data-wp-init='callbacks.initializeField' data-wp-on--jetpack-form-reset='callbacks.initializeField' >\n<label\n\t\t\t\tfor='g894-email' class=\"grunion-field-label email\" >Email<span class=\"grunion-label-required\" aria-hidden=\"true\">(required)<\/span><\/label>\n<input\n\t\t\t\t\ttype='email'\n\t\t\t\t\tname='g894-email'\n\t\t\t\t\tid='g894-email'\n\t\t\t\t\tvalue=''\n\n\t\t\t\t\tdata-wp-bind--aria-invalid='state.fieldAriaInvalid'\n\t\t\t\t\tdata-wp-bind--value='state.getFieldValue'\n\t\t\t\t\taria-describedby='g894-email-email-error-message'\n\t\t\t\t\tdata-wp-on--input='actions.onFieldChange'\n\t\t\t\t\tdata-wp-on--blur='actions.onFieldBlur'\n\t\t\t\t\tdata-wp-class--has-value='state.hasFieldValue'\n\n\t\t\t\t\tclass='email  grunion-field' \n\t\t\t\t\trequired='true' aria-required='true'  \/>\n \n\t\t\t<div id=\"g894-email-email-error\" class=\"contact-form__input-error\" data-wp-class--has-errors=\"state.fieldHasErrors\">\n\t\t\t\t<span class=\"contact-form__warning-icon\" aria-hidden=\"true\">\n\t\t\t\t\t<svg width=\"16\" height=\"16\" viewBox=\"0 0 16 16\" fill=\"none\" xmlns=\"http:\/\/www.w3.org\/2000\/svg\">\n\t\t\t\t\t\t<path d=\"M8.50015 11.6402H7.50015V10.6402H8.50015V11.6402Z\" \/>\n\t\t\t\t\t\t<path d=\"M7.50015 9.64018H8.50015V6.30684H7.50015V9.64018Z\" \/>\n\t\t\t\t\t\t<path fill-rule=\"evenodd\" clip-rule=\"evenodd\" d=\"M6.98331 3.0947C7.42933 2.30177 8.57096 2.30177 9.01698 3.09469L13.8771 11.7349C14.3145 12.5126 13.7525 13.4735 12.8602 13.4735H3.14004C2.24774 13.4735 1.68575 12.5126 2.12321 11.7349L6.98331 3.0947ZM8.14541 3.58496C8.08169 3.47168 7.9186 3.47168 7.85488 3.58496L2.99478 12.2251C2.93229 12.3362 3.01257 12.4735 3.14004 12.4735H12.8602C12.9877 12.4735 13.068 12.3362 13.0055 12.2251L8.14541 3.58496Z\" \/>\n\t\t\t\t\t<\/svg>\n\t\t\t\t<\/span>\n\t\t\t\t<span data-wp-text=\"state.errorMessage\" id=\"g894-email-email-error-message\"><\/span>\n\t\t\t<\/div> \n\t<\/div>\n\n\n<div class=\"contact-form__error\" data-wp-class--show-errors=\"state.showFormErrors\"><span class=\"contact-form__warning-icon\" aria-hidden=\"true\"><i><\/i><\/span><span class=\"contact-form__error-message\" tabindex=\"-1\" data-wp-watch=\"callbacks.focusOnValidationError\" data-wp-text=\"state.getFormErrorMessage\"><\/span><ul aria-label=\"Form errors\">\n\t\t\t\t<template data-wp-each=\"state.getErrorList\" data-wp-key=\"context.item.id\">\n\t\t\t\t\t<li><a data-wp-bind--href=\"context.item.anchor\" data-wp-on--click=\"actions.scrollIntoView\" data-wp-text=\"context.item.label\"><\/a><\/li>\n\t\t\t\t<\/template>\n\t\t\t\t<\/ul><\/div><div class=\"contact-form__error\" data-wp-class--show-errors=\"state.showSubmissionError\" data-wp-text=\"context.submissionError\" tabindex=\"-1\" data-wp-watch=\"callbacks.focusOnSubmissionError\"><\/div> <div class=\"wp-block-jetpack-button wp-block-button\" style=\"\"><button data-wp-bind--disabled=\"state.isAriaDisabled\" class=\"wp-block-button__link\" style=\"\" data-id-attr=\"placeholder\" type=\"submit\" data-wp-class--is-submitting=\"state.isSubmitting\" data-wp-bind--aria-disabled=\"state.isAriaDisabled\">Wy\u015blij<span class=\"spinner\" aria-hidden=\"true\"><svg width=\"24\" height=\"24\" viewBox=\"0 0 24 24\" xmlns=\"http:\/\/www.w3.org\/2000\/svg\"><path d=\"M12,1A11,11,0,1,0,23,12,11,11,0,0,0,12,1Zm0,19a8,8,0,1,1,8-8A8,8,0,0,1,12,20Z\" opacity=\".25\"\/><path d=\"M10.14,1.16a11,11,0,0,0-9,8.92A1.59,1.59,0,0,0,2.46,12,1.52,1.52,0,0,0,4.11,10.7a8,8,0,0,1,6.66-6.61A1.42,1.42,0,0,0,12,2.69h0A1.57,1.57,0,0,0,10.14,1.16Z\"><animateTransform attributeName=\"transform\" type=\"rotate\" dur=\"0.75s\" values=\"0 12 12;360 12 12\" repeatCount=\"indefinite\"\/><\/path><\/svg><span class=\"is-visually-hidden\">Submitting form<\/span><\/span><\/button><\/div><\/div>\n\t\t<input type='hidden' name='contact-form-id' value='894' \/>\n\t\t<input type='hidden' name='action' value='grunion-contact-form' \/>\n\t\t<input type='hidden' name='contact-form-hash' value='476abe802fdf24404d8aaf770b867b48b0e64910' \/>\n<p style=\"display: none !important;\" class=\"akismet-fields-container\" data-prefix=\"ak_\"><label>&#916;<textarea name=\"ak_hp_textarea\" cols=\"45\" rows=\"8\" maxlength=\"100\"><\/textarea><\/label><input type=\"hidden\" id=\"ak_js_1\" name=\"ak_js\" value=\"146\"\/><script>\ndocument.getElementById( \"ak_js_1\" ).setAttribute( \"value\", ( new Date() ).getTime() );\n<\/script>\n<\/p><\/form>\n<\/div><\/div>\n","protected":false},"excerpt":{"rendered":"<p>Czym jest WordPress dla Pocz\u0105tkuj\u0105cych? WordPress dla Pocz\u0105tkuj\u0105cych to darmowe, jednodniowe warsztaty stworzone z my\u015bl\u0105 o osobach, kt\u00f3re chc\u0105 postawi\u0107 swoje pierwsze kroki w \u015bwiecie tworzenia stron internetowych. Bez teorii oderwanej od rzeczywisto\u015bci i bez chaosu typowego dla przypadkowych kurs\u00f3w online. To bezpieczna przestrze\u0144 do zadawania pyta\u0144, testowania, pope\u0142niania b\u0142\u0119d\u00f3w i uczenia si\u0119 w swoim [&hellip;]<\/p>\n","protected":false},"author":108511,"featured_media":1617,"parent":13,"menu_order":0,"comment_status":"closed","ping_status":"closed","template":"","meta":{"advanced_seo_description":"","jetpack_seo_html_title":"","jetpack_seo_noindex":false,"jetpack_post_was_ever_published":false,"footnotes":""},"class_list":["post-894","page","type-page","status-publish","has-post-thumbnail","hentry"],"jetpack_sharing_enabled":true,"_links":{"self":[{"href":"https:\/\/gdynia.wordcamp.org\/2025\/wp-json\/wp\/v2\/pages\/894","targetHints":{"allow":["GET"]}}],"collection":[{"href":"https:\/\/gdynia.wordcamp.org\/2025\/wp-json\/wp\/v2\/pages"}],"about":[{"href":"https:\/\/gdynia.wordcamp.org\/2025\/wp-json\/wp\/v2\/types\/page"}],"author":[{"embeddable":true,"href":"https:\/\/gdynia.wordcamp.org\/2025\/wp-json\/wp\/v2\/users\/108511"}],"replies":[{"embeddable":true,"href":"https:\/\/gdynia.wordcamp.org\/2025\/wp-json\/wp\/v2\/comments?post=894"}],"version-history":[{"count":3,"href":"https:\/\/gdynia.wordcamp.org\/2025\/wp-json\/wp\/v2\/pages\/894\/revisions"}],"predecessor-version":[{"id":1622,"href":"https:\/\/gdynia.wordcamp.org\/2025\/wp-json\/wp\/v2\/pages\/894\/revisions\/1622"}],"up":[{"embeddable":true,"href":"https:\/\/gdynia.wordcamp.org\/2025\/wp-json\/wp\/v2\/pages\/13"}],"wp:featuredmedia":[{"embeddable":true,"href":"https:\/\/gdynia.wordcamp.org\/2025\/wp-json\/wp\/v2\/media\/1617"}],"wp:attachment":[{"href":"https:\/\/gdynia.wordcamp.org\/2025\/wp-json\/wp\/v2\/media?parent=894"}],"curies":[{"name":"wp","href":"https:\/\/api.w.org\/{rel}","templated":true}]}}